{"id":47241,"date":"2023-02-01T12:22:45","date_gmt":"2023-02-01T12:22:45","guid":{"rendered":"https:\/\/www.ivh44.si\/Ponudbe\/chess\/?post_type=product&#038;p=47241"},"modified":"2026-02-13T08:18:11","modified_gmt":"2026-02-13T08:18:11","slug":"lesene-sahovske-figure-tournament-staunton-5","status":"publish","type":"product","link":"https:\/\/chessgamesemporium.com\/fr\/shop\/sahovske-figure\/lesene-figure\/lesene-sahovske-figure-tournament-staunton-5\/","title":{"rendered":"Pi\u00e8ces d'\u00e9checs en bois Tournament STAUNTON 5"},"content":{"rendered":"<p>Socle : Feutr\u00e9<br \/>\nMat\u00e9riau : charme<br \/>\nCouleur : Bois naturel, brun<\/p>\n<p>Les pi\u00e8ces d'\u00e9checs en bois Tournament Staunton 5 forment un ensemble classique et complet, alliant \u00e9l\u00e9gance et robustesse. Elles sont con\u00e7ues dans le style Staunton embl\u00e9matique, standard international pour les tournois et autres comp\u00e9titions.<\/p>\n<p>Leur taille les rend parfaitement adapt\u00e9es aux \u00e9chiquiers \u00e0 cases de 50 mm, leur conf\u00e9rant un \u00e9quilibre et une qualit\u00e9 professionnelle. Leurs dimensions et proportions garantissent un jeu clair et agr\u00e9able.<\/p>\n<p>La robustesse de ces pi\u00e8ces est un atout majeur : leur fabrication en bois leur assure une longue dur\u00e9e de vie, tandis que leurs bases feutr\u00e9es prot\u00e8gent l'\u00e9chiquier des rayures et facilitent les mouvements.<\/p>\n<p>Si vous recherchez un jeu d'\u00e9checs fiable pour une utilisation intensive \u00e0 l'\u00e9cole, en club ou \u00e0 la maison, alliant esth\u00e9tique et durabilit\u00e9, le Tournament Staunton 5 est fait pour vous.<\/p>\n<p>Dimensions : (hauteur | largeur de la base)<br \/>\nKralj: 9,2 cm | 3,5 cm<br \/>\nDama: 8,2 cm | 3,4 cm<br \/>\nTop: 5,3 cm | 2,9 cm<br \/>\nLovec: 6,8 cm | 2,9 cm<br \/>\nSkaka\u010d: 6,0 cm | 2,8 cm<br \/>\nKmet: 4,7 cm | 2,6 cm<\/p>\n<p>Attention ! Ne convient pas aux enfants de moins de 3 ans en raison des petites pi\u00e8ces ! Risque d'\u00e9touffement.<\/p>","protected":false},"excerpt":{"rendered":"<p>Podlaga: Podlo\u017eene s filcem Material: les, gaber Barva: naravna barva lesa in rjava Lesene \u0161ahovske figure Tournament Staunton 5 so klasi\u010den in vsestranski komplet, ki zdru\u017euje eleganco in vzdr\u017eljivost. Izdelane so v prepoznavnem Staunton slogu, ki je mednarodni standard na vseh \u0161ahovskih turnirjih in tekmovanjih. S svojimi dimenzijami so figure najbolj primerne za \u0161ahovnice s [&hellip;]<\/p>","protected":false},"featured_media":48276,"comment_status":"closed","ping_status":"closed","template":"","meta":{"_seopress_robots_primary_cat":"none","_seopress_titles_title":"","_seopress_titles_desc":"","_seopress_robots_index":""},"product_brand":[],"product_cat":[511,522],"product_tag":[594],"class_list":{"0":"post-47241","1":"product","2":"type-product","3":"status-publish","4":"has-post-thumbnail","6":"product_cat-sahovske-figure","7":"product_cat-lesene-figure","8":"product_tag-90mm","9":"wcpa_has_options","11":"entry","12":"has-media","14":"first","15":"instock","16":"taxable","17":"shipping-taxable","18":"purchasable","19":"product-type-simple","20":"has-product-nav","21":"col","22":"span_1_of_4","23":"owp-content-center","24":"item-entry","25":"owp-thumbs-layout-horizontal","26":"owp-btn-normal","27":"owp-tabs-layout-section"},"wcpa_form_fields":{"rules":{"pric_overide_base_price":false,"pric_overide_base_price_if_gt_zero":false,"pric_overide_base_price_fully":false,"pric_cal_option_once":false,"pric_use_as_fee":false,"bind_quantity":false,"quantity_bind_formula":false},"fields":[{"type":"checkbox-group","elementId":"wcpa-checkbox-group-1707738535577","label":"Dodatek","enablePrice":true,"priceOptions":"fixed_for_all","pricingType":"fixed","price":"5","name":"checkbox-group-1707738535577","other_text":"Other","cl_rule":"show","col":6,"values":[{"label":"Dodatni kraljici (bela in \u010drna)","value":"5.00 Eur","price":"","pimage":"","pimage_id":"","pthumb":""}],"relations":false,"form_id":55845,"form_rules":{"pric_cal_option_once":false,"exclude_from_discount":false,"pric_use_as_fee":false,"fee_label":"Fee","render_after_acb":false,"disp_hide_options_price":false}}]},"_links":{"self":[{"href":"https:\/\/chessgamesemporium.com\/fr\/wp-json\/wp\/v2\/product\/47241","targetHints":{"allow":["GET"]}}],"collection":[{"href":"https:\/\/chessgamesemporium.com\/fr\/wp-json\/wp\/v2\/product"}],"about":[{"href":"https:\/\/chessgamesemporium.com\/fr\/wp-json\/wp\/v2\/types\/product"}],"replies":[{"embeddable":true,"href":"https:\/\/chessgamesemporium.com\/fr\/wp-json\/wp\/v2\/comments?post=47241"}],"version-history":[{"count":0,"href":"https:\/\/chessgamesemporium.com\/fr\/wp-json\/wp\/v2\/product\/47241\/revisions"}],"wp:featuredmedia":[{"embeddable":true,"href":"https:\/\/chessgamesemporium.com\/fr\/wp-json\/wp\/v2\/media\/48276"}],"wp:attachment":[{"href":"https:\/\/chessgamesemporium.com\/fr\/wp-json\/wp\/v2\/media?parent=47241"}],"wp:term":[{"taxonomy":"product_brand","embeddable":true,"href":"https:\/\/chessgamesemporium.com\/fr\/wp-json\/wp\/v2\/product_brand?post=47241"},{"taxonomy":"product_cat","embeddable":true,"href":"https:\/\/chessgamesemporium.com\/fr\/wp-json\/wp\/v2\/product_cat?post=47241"},{"taxonomy":"product_tag","embeddable":true,"href":"https:\/\/chessgamesemporium.com\/fr\/wp-json\/wp\/v2\/product_tag?post=47241"}],"curies":[{"name":"wp","href":"https:\/\/api.w.org\/{rel}","templated":true}]}}