{"id":47257,"date":"2023-02-01T12:54:57","date_gmt":"2023-02-01T12:54:57","guid":{"rendered":"https:\/\/www.ivh44.si\/Ponudbe\/chess\/?post_type=product&#038;p=47257"},"modified":"2026-05-05T13:21:54","modified_gmt":"2026-05-05T13:21:54","slug":"lesene-sahovske-figure-staunton-classic-mini","status":"publish","type":"product","link":"https:\/\/chessgamesemporium.com\/fr\/shop\/sahovske-figure\/lesene-figure\/lesene-sahovske-figure-staunton-classic-mini\/","title":{"rendered":"Pi\u00e8ces d'\u00e9checs en bois STAUNTON CLASSIC MINI"},"content":{"rendered":"<p>Socle : Simili cuir<br \/>\nMat\u00e9riau : Acacia<br \/>\nCouleur : Bois naturel, brun<\/p>\n<p>Dimensions : (hauteur | largeur de la base)<br \/>\nRoi : 7,2 cm | 2,6 cm<br \/>\nReine : 6,3 cm | 2,6 cm<br \/>\nTour : 4,1 cm | 2,3 cm<br \/>\nFou : 5,3 cm | 2,4 cm<br \/>\nCavalier : 5,5 cm | 2,5 cm<br \/>\nPion : 3,7 cm | 2,1 cm<\/p>\n<p>Les pi\u00e8ces d'\u00e9checs en bois Staunton Mini sont fabriqu\u00e9es avec soin \u00e0 partir de bois d'acacia de qualit\u00e9, ce qui leur conf\u00e8re durabilit\u00e9 et esth\u00e9tique. Avec une hauteur de roi de 72 mm et un diam\u00e8tre de socle de 26 mm, elles conviennent aux \u00e9chiquiers dont les cases mesurent entre 40 et 45 mm, et sont donc id\u00e9ales pour les surfaces \u00e9troites comme les bureaux d'\u00e9colier.<\/p>\n<p>Le socle en simili cuir assure un d\u00e9placement fluide et silencieux des pi\u00e8ces tout en prot\u00e9geant l'\u00e9chiquier. Ces pi\u00e8ces sont un choix id\u00e9al pour les \u00e9coles, les clubs d'\u00e9checs ou \u00e0 la maison, o\u00f9 l'espace est limit\u00e9 mais o\u00f9 la qualit\u00e9 et l'apparence comptent beaucoup.<\/p>\n<p>Attention ! Ne convient pas aux enfants de moins de 3 ans en raison des petites pi\u00e8ces ! Risque d'\u00e9touffement.<\/p>","protected":false},"excerpt":{"rendered":"<p>Podlaga: Podlo\u017eene z umetnim usnjem Material: akacija Barva: naravna barva lesa in rjava Dimenzije: (vi\u0161ina figure | premer podlage): Kralj: 7,2 cm | 2,6 cm Dama: 6,3 cm | 2,6 cm Top: 4,1 cm | 2,3 cm Lovec: 5,3 cm | 2,4 cm Skaka\u010d: 5,5 cm | 2,5 cm Kmet: 3,7 cm | 2,1 cm [&hellip;]<\/p>","protected":false},"featured_media":48255,"comment_status":"closed","ping_status":"closed","template":"","meta":{"_seopress_robots_primary_cat":"none","_seopress_titles_title":"","_seopress_titles_desc":"","_seopress_robots_index":""},"product_brand":[],"product_cat":[511,522],"product_tag":[596],"class_list":{"0":"post-47257","1":"product","2":"type-product","3":"status-publish","4":"has-post-thumbnail","6":"product_cat-sahovske-figure","7":"product_cat-lesene-figure","8":"product_tag-80mm","10":"entry","11":"has-media","13":"first","14":"instock","15":"taxable","16":"shipping-taxable","17":"purchasable","18":"product-type-simple","19":"has-product-nav","20":"col","21":"span_1_of_4","22":"owp-content-center","23":"item-entry","24":"owp-thumbs-layout-horizontal","25":"owp-btn-normal","26":"owp-tabs-layout-section"},"wcpa_form_fields":null,"_links":{"self":[{"href":"https:\/\/chessgamesemporium.com\/fr\/wp-json\/wp\/v2\/product\/47257","targetHints":{"allow":["GET"]}}],"collection":[{"href":"https:\/\/chessgamesemporium.com\/fr\/wp-json\/wp\/v2\/product"}],"about":[{"href":"https:\/\/chessgamesemporium.com\/fr\/wp-json\/wp\/v2\/types\/product"}],"replies":[{"embeddable":true,"href":"https:\/\/chessgamesemporium.com\/fr\/wp-json\/wp\/v2\/comments?post=47257"}],"version-history":[{"count":1,"href":"https:\/\/chessgamesemporium.com\/fr\/wp-json\/wp\/v2\/product\/47257\/revisions"}],"predecessor-version":[{"id":64493,"href":"https:\/\/chessgamesemporium.com\/fr\/wp-json\/wp\/v2\/product\/47257\/revisions\/64493"}],"wp:featuredmedia":[{"embeddable":true,"href":"https:\/\/chessgamesemporium.com\/fr\/wp-json\/wp\/v2\/media\/48255"}],"wp:attachment":[{"href":"https:\/\/chessgamesemporium.com\/fr\/wp-json\/wp\/v2\/media?parent=47257"}],"wp:term":[{"taxonomy":"product_brand","embeddable":true,"href":"https:\/\/chessgamesemporium.com\/fr\/wp-json\/wp\/v2\/product_brand?post=47257"},{"taxonomy":"product_cat","embeddable":true,"href":"https:\/\/chessgamesemporium.com\/fr\/wp-json\/wp\/v2\/product_cat?post=47257"},{"taxonomy":"product_tag","embeddable":true,"href":"https:\/\/chessgamesemporium.com\/fr\/wp-json\/wp\/v2\/product_tag?post=47257"}],"curies":[{"name":"wp","href":"https:\/\/api.w.org\/{rel}","templated":true}]}}