{"id":47354,"date":"2023-02-15T13:19:49","date_gmt":"2023-02-15T13:19:49","guid":{"rendered":"https:\/\/www.ivh44.si\/Ponudbe\/chess\/?post_type=product&#038;p=47354"},"modified":"2026-01-26T09:29:37","modified_gmt":"2026-01-26T09:29:37","slug":"lesena-sahovnica-dgt-oreh-55-mm","status":"publish","type":"product","link":"https:\/\/chessgamesemporium.com\/fr\/shop\/sahovnice\/lesene-sahovnice\/lesena-sahovnica-dgt-oreh-55-mm\/","title":{"rendered":"\u00c9chiquier en bois DGT Noyer 55 mm"},"content":{"rendered":"<p>\u00c9chiquier en bois DGT<\/p>\n<p>Dimensions des cases : 55 \u00d7 55 mm<br \/>\nDimensions de l'\u00e9chiquier : 55 \u00d7 55 cm<br \/>\n\u00c9paisseur de l'\u00e9chiquier : 1,5 cm<\/p>\n<p>Ce magnifique \u00e9chiquier plaqu\u00e9 de 55 x 55 cm, avec ses cases de 55 x 55 mm, est id\u00e9al pour les jeux d\u2019\u00e9checs dont la hauteur du roi est de 95 \u00e0 98 mm.<\/p>","protected":false},"excerpt":{"rendered":"<p>Lesena \u0161ahovnica DGT Dimenzije polja: 55 mm Dimenzije \u0161ahovnice: 55 cm Debelina \u0161ahovnice: 1,5 cm Ta lepa, 55&#215;55 cm furnirana \u0161ahovnica ima polja dimenzij 55 mm in je kot nala\u0161\u010d za figure s kraljem vi\u0161ine 95-98 mm.<\/p>","protected":false},"featured_media":47358,"comment_status":"closed","ping_status":"closed","template":"","meta":{"_seopress_robots_primary_cat":"none","_seopress_titles_title":"","_seopress_titles_desc":"","_seopress_robots_index":""},"product_brand":[],"product_cat":[524,514],"product_tag":[590],"class_list":{"0":"post-47354","1":"product","2":"type-product","3":"status-publish","4":"has-post-thumbnail","6":"product_cat-lesene-sahovnice","7":"product_cat-sahovnice","8":"product_tag-55mm","9":"wcpa_has_options","11":"entry","12":"has-media","14":"first","15":"instock","16":"taxable","17":"shipping-taxable","18":"purchasable","19":"product-type-simple","20":"has-product-nav","21":"col","22":"span_1_of_4","23":"owp-content-center","24":"item-entry","25":"owp-thumbs-layout-horizontal","26":"owp-btn-normal","27":"owp-tabs-layout-section"},"wcpa_form_fields":{"rules":{"pric_overide_base_price":false,"pric_overide_base_price_if_gt_zero":false,"pric_overide_base_price_fully":false,"pric_cal_option_once":false,"pric_use_as_fee":false,"bind_quantity":false,"quantity_bind_formula":false},"fields":[{"type":"text","elementId":"wcpa-text-1666713333654","label":"Gravura ( opcijsko )","description":"Vpi\u0161ite \u017eeljeni tekst za graviranje (npr. Vse najbolj\u0161e, IME, datum ipd.)","desc_type":true,"enablePrice":true,"pricingType":"fixed","price":"7","name":"text-1666713333654","fee_label":"Za naro\u010dnike izven eu, bo davek od\u0161tet na blagajni.","subtype":"text","maxlength":"16","cl_rule":"show","col":6,"relations":false,"form_id":46231,"form_rules":{"pric_cal_option_once":false,"exclude_from_discount":false,"pric_use_as_fee":false,"fee_label":"Fee","render_after_acb":false,"disp_hide_options_price":false}}]},"_links":{"self":[{"href":"https:\/\/chessgamesemporium.com\/fr\/wp-json\/wp\/v2\/product\/47354","targetHints":{"allow":["GET"]}}],"collection":[{"href":"https:\/\/chessgamesemporium.com\/fr\/wp-json\/wp\/v2\/product"}],"about":[{"href":"https:\/\/chessgamesemporium.com\/fr\/wp-json\/wp\/v2\/types\/product"}],"replies":[{"embeddable":true,"href":"https:\/\/chessgamesemporium.com\/fr\/wp-json\/wp\/v2\/comments?post=47354"}],"version-history":[{"count":0,"href":"https:\/\/chessgamesemporium.com\/fr\/wp-json\/wp\/v2\/product\/47354\/revisions"}],"wp:featuredmedia":[{"embeddable":true,"href":"https:\/\/chessgamesemporium.com\/fr\/wp-json\/wp\/v2\/media\/47358"}],"wp:attachment":[{"href":"https:\/\/chessgamesemporium.com\/fr\/wp-json\/wp\/v2\/media?parent=47354"}],"wp:term":[{"taxonomy":"product_brand","embeddable":true,"href":"https:\/\/chessgamesemporium.com\/fr\/wp-json\/wp\/v2\/product_brand?post=47354"},{"taxonomy":"product_cat","embeddable":true,"href":"https:\/\/chessgamesemporium.com\/fr\/wp-json\/wp\/v2\/product_cat?post=47354"},{"taxonomy":"product_tag","embeddable":true,"href":"https:\/\/chessgamesemporium.com\/fr\/wp-json\/wp\/v2\/product_tag?post=47354"}],"curies":[{"name":"wp","href":"https:\/\/api.w.org\/{rel}","templated":true}]}}