{"id":47366,"date":"2023-02-15T13:32:40","date_gmt":"2023-02-15T13:32:40","guid":{"rendered":"https:\/\/www.ivh44.si\/Ponudbe\/chess\/?post_type=product&#038;p=47366"},"modified":"2026-05-07T07:53:21","modified_gmt":"2026-05-07T07:53:21","slug":"lesena-sahovnica-hrast-grca","status":"publish","type":"product","link":"https:\/\/chessgamesemporium.com\/fr\/shop\/sahovnice\/lesene-sahovnice\/lesena-sahovnica-hrast-grca\/","title":{"rendered":"\u00c9chiquier en bois OAK BURL"},"content":{"rendered":"<p>\u00c9chiquier en bois OAK BURL<br \/>\nIncrust\u00e9, avec notation, base feutr\u00e9e<\/p>\n<p>Un \u00e9chiquier artisanal en noyer et ch\u00eane.<\/p>\n<p>Dimensions des cases : 50 x 50 mm<br \/>\nDimensions de l'\u00e9chiquier : 50 x 50 cm<br \/>\n\u00c9paisseur de l'\u00e9chiquier : 1,5 cm<\/p>\n<p>Cet \u00e9chiquier raffin\u00e9 est fabriqu\u00e9 \u00e0 partir de placage de noyer et de ch\u00eane s\u00e9lectionn\u00e9s avec soin.<br \/>\nSon design \u00e9l\u00e9gant en fait un cadeau id\u00e9al.<\/p>\n<p>Les cases de l'\u00e9chiquier mesurent 50 x 50 mm et sont id\u00e9ales pour les jeux d'\u00e9checs dont le roi a une hauteur de 90 \u00e0 95 mm.<\/p>","protected":false},"excerpt":{"rendered":"<p>Lesena \u0160ahovnica HRAST GR\u010cA Intarzija, z notacijo, podlo\u017eena Ro\u010dno narejena \u0161ahovnica iz oreha in hrasta. Dimenzije polja: 50 mm Dimenzije \u0161ahovnice: 50 cm Debelina \u0161ahovnice: 1,5 cm Natan\u010dno narejena \u0161ahovnica iz skrbno izbranega furnirja oreha in hrasta Lep dizajn, primerno tudi kot darilo. Polje meri 50 x 50 mm in je kot nala\u0161\u010d za figure [&hellip;]<\/p>","protected":false},"featured_media":47370,"comment_status":"closed","ping_status":"closed","template":"","meta":{"_seopress_robots_primary_cat":"none","_seopress_titles_title":"","_seopress_titles_desc":"","_seopress_robots_index":""},"product_brand":[],"product_cat":[524,514],"product_tag":[589],"class_list":{"0":"post-47366","1":"product","2":"type-product","3":"status-publish","4":"has-post-thumbnail","6":"product_cat-lesene-sahovnice","7":"product_cat-sahovnice","8":"product_tag-50mm","9":"wcpa_has_options","11":"entry","12":"has-media","14":"first","15":"instock","16":"taxable","17":"shipping-taxable","18":"purchasable","19":"product-type-simple","20":"has-product-nav","21":"col","22":"span_1_of_4","23":"owp-content-center","24":"item-entry","25":"owp-thumbs-layout-horizontal","26":"owp-btn-normal","27":"owp-tabs-layout-section"},"wcpa_form_fields":{"rules":{"pric_overide_base_price":false,"pric_overide_base_price_if_gt_zero":false,"pric_overide_base_price_fully":false,"pric_cal_option_once":false,"pric_use_as_fee":false,"bind_quantity":false,"quantity_bind_formula":false},"fields":[{"type":"text","elementId":"wcpa-text-1666713333654","label":"Gravura ( opcijsko )","description":"Vpi\u0161ite \u017eeljeni tekst za graviranje (npr. Vse najbolj\u0161e, IME, datum ipd.)","desc_type":true,"enablePrice":true,"pricingType":"fixed","price":"7","name":"text-1666713333654","fee_label":"Za naro\u010dnike izven eu, bo davek od\u0161tet na blagajni.","subtype":"text","maxlength":"16","cl_rule":"show","col":6,"relations":false,"form_id":46231,"form_rules":{"pric_cal_option_once":false,"exclude_from_discount":false,"pric_use_as_fee":false,"fee_label":"Fee","render_after_acb":false,"disp_hide_options_price":false}}]},"_links":{"self":[{"href":"https:\/\/chessgamesemporium.com\/fr\/wp-json\/wp\/v2\/product\/47366","targetHints":{"allow":["GET"]}}],"collection":[{"href":"https:\/\/chessgamesemporium.com\/fr\/wp-json\/wp\/v2\/product"}],"about":[{"href":"https:\/\/chessgamesemporium.com\/fr\/wp-json\/wp\/v2\/types\/product"}],"replies":[{"embeddable":true,"href":"https:\/\/chessgamesemporium.com\/fr\/wp-json\/wp\/v2\/comments?post=47366"}],"version-history":[{"count":1,"href":"https:\/\/chessgamesemporium.com\/fr\/wp-json\/wp\/v2\/product\/47366\/revisions"}],"predecessor-version":[{"id":64574,"href":"https:\/\/chessgamesemporium.com\/fr\/wp-json\/wp\/v2\/product\/47366\/revisions\/64574"}],"wp:featuredmedia":[{"embeddable":true,"href":"https:\/\/chessgamesemporium.com\/fr\/wp-json\/wp\/v2\/media\/47370"}],"wp:attachment":[{"href":"https:\/\/chessgamesemporium.com\/fr\/wp-json\/wp\/v2\/media?parent=47366"}],"wp:term":[{"taxonomy":"product_brand","embeddable":true,"href":"https:\/\/chessgamesemporium.com\/fr\/wp-json\/wp\/v2\/product_brand?post=47366"},{"taxonomy":"product_cat","embeddable":true,"href":"https:\/\/chessgamesemporium.com\/fr\/wp-json\/wp\/v2\/product_cat?post=47366"},{"taxonomy":"product_tag","embeddable":true,"href":"https:\/\/chessgamesemporium.com\/fr\/wp-json\/wp\/v2\/product_tag?post=47366"}],"curies":[{"name":"wp","href":"https:\/\/api.w.org\/{rel}","templated":true}]}}