{"id":47389,"date":"2023-02-15T13:56:19","date_gmt":"2023-02-15T13:56:19","guid":{"rendered":"https:\/\/www.ivh44.si\/Ponudbe\/chess\/?post_type=product&#038;p=47389"},"modified":"2026-05-07T10:25:23","modified_gmt":"2026-05-07T10:25:23","slug":"preklopna-lesena-sahovnica-mainz-50-mm","status":"publish","type":"product","link":"https:\/\/chessgamesemporium.com\/fr\/shop\/sahovnice\/lesene-sahovnice\/preklopna-lesena-sahovnica-mainz-50-mm\/","title":{"rendered":"\u00c9chiquier pliable en bois MAINZ 50"},"content":{"rendered":"<p>\u00c9chiquier pliable en bois MAINZ 50<br \/>\nIncrust\u00e9, avec notation, base feutr\u00e9e<\/p>\n<p>Dimensions des cases : 50 x 50 mm<br \/>\nDimensions de l\u2019\u00e9chiquier : 50 x 25 cm<br \/>\n\u00c9paisseur de l'\u00e9chiquier : 1,6 cm<\/p>\n<p>Cet \u00e9chiquier plaqu\u00e9 de 50 x 50 cm est fabriqu\u00e9 en \u00e9rable et en palissandre. Ses cases de 50 x 50 mm le rendent id\u00e9al pour les pi\u00e8ces dont le roi mesure entre 90 et 95 mm de hauteur.<\/p>","protected":false},"excerpt":{"rendered":"<p>Lesena preklopna \u0161ahovnica MAINZ 50 Intarzija, z notacijo, podlo\u017eena Dimenzije polja: 50 mm Dimenzije \u0161ahovnice: 50 x 25 cm Debelina \u0161ahovnice: 1,6 cm Ta 50 x 50 cm furnirana \u0161ahovnica je narejena iz javorja in palisandra. Polje meri 50 x 50 mm in je kot nala\u0161\u010d za figure s kraljem vi\u0161ine 90-95 mm.<\/p>","protected":false},"featured_media":47712,"comment_status":"closed","ping_status":"closed","template":"","meta":{"_seopress_robots_primary_cat":"none","_seopress_titles_title":"","_seopress_titles_desc":"","_seopress_robots_index":""},"product_brand":[],"product_cat":[514,524],"product_tag":[],"class_list":{"0":"post-47389","1":"product","2":"type-product","3":"status-publish","4":"has-post-thumbnail","6":"product_cat-sahovnice","7":"product_cat-lesene-sahovnice","8":"wcpa_has_options","10":"entry","11":"has-media","13":"first","14":"instock","15":"taxable","16":"shipping-taxable","17":"purchasable","18":"product-type-simple","19":"has-product-nav","20":"col","21":"span_1_of_4","22":"owp-content-center","23":"item-entry","24":"owp-thumbs-layout-horizontal","25":"owp-btn-normal","26":"owp-tabs-layout-section"},"wcpa_form_fields":{"rules":{"pric_overide_base_price":false,"pric_overide_base_price_if_gt_zero":false,"pric_overide_base_price_fully":false,"pric_cal_option_once":false,"pric_use_as_fee":false,"bind_quantity":false,"quantity_bind_formula":false},"fields":[{"type":"text","elementId":"wcpa-text-1666713333654","label":"Gravura ( opcijsko )","description":"Vpi\u0161ite \u017eeljeni tekst za graviranje (npr. Vse najbolj\u0161e, IME, datum ipd.)","desc_type":true,"enablePrice":true,"pricingType":"fixed","price":"7","name":"text-1666713333654","fee_label":"Za naro\u010dnike izven eu, bo davek od\u0161tet na blagajni.","subtype":"text","maxlength":"16","cl_rule":"show","col":6,"relations":false,"form_id":46231,"form_rules":{"pric_cal_option_once":false,"exclude_from_discount":false,"pric_use_as_fee":false,"fee_label":"Fee","render_after_acb":false,"disp_hide_options_price":false}}]},"_links":{"self":[{"href":"https:\/\/chessgamesemporium.com\/fr\/wp-json\/wp\/v2\/product\/47389","targetHints":{"allow":["GET"]}}],"collection":[{"href":"https:\/\/chessgamesemporium.com\/fr\/wp-json\/wp\/v2\/product"}],"about":[{"href":"https:\/\/chessgamesemporium.com\/fr\/wp-json\/wp\/v2\/types\/product"}],"replies":[{"embeddable":true,"href":"https:\/\/chessgamesemporium.com\/fr\/wp-json\/wp\/v2\/comments?post=47389"}],"version-history":[{"count":1,"href":"https:\/\/chessgamesemporium.com\/fr\/wp-json\/wp\/v2\/product\/47389\/revisions"}],"predecessor-version":[{"id":64570,"href":"https:\/\/chessgamesemporium.com\/fr\/wp-json\/wp\/v2\/product\/47389\/revisions\/64570"}],"wp:featuredmedia":[{"embeddable":true,"href":"https:\/\/chessgamesemporium.com\/fr\/wp-json\/wp\/v2\/media\/47712"}],"wp:attachment":[{"href":"https:\/\/chessgamesemporium.com\/fr\/wp-json\/wp\/v2\/media?parent=47389"}],"wp:term":[{"taxonomy":"product_brand","embeddable":true,"href":"https:\/\/chessgamesemporium.com\/fr\/wp-json\/wp\/v2\/product_brand?post=47389"},{"taxonomy":"product_cat","embeddable":true,"href":"https:\/\/chessgamesemporium.com\/fr\/wp-json\/wp\/v2\/product_cat?post=47389"},{"taxonomy":"product_tag","embeddable":true,"href":"https:\/\/chessgamesemporium.com\/fr\/wp-json\/wp\/v2\/product_tag?post=47389"}],"curies":[{"name":"wp","href":"https:\/\/api.w.org\/{rel}","templated":true}]}}