{"id":47486,"date":"2023-02-16T13:20:53","date_gmt":"2023-02-16T13:20:53","guid":{"rendered":"https:\/\/www.ivh44.si\/Ponudbe\/chess\/?post_type=product&#038;p=47486"},"modified":"2025-12-14T18:14:53","modified_gmt":"2025-12-14T18:14:53","slug":"lesena-sahovnica-olive","status":"publish","type":"product","link":"https:\/\/chessgamesemporium.com\/fr\/shop\/sahovnice\/lesene-sahovnice\/lesena-sahovnica-olive\/","title":{"rendered":"\u00c9chiquier en bois OLIVE"},"content":{"rendered":"<p>\u00c9chiquier en bois OLIVE<br \/>\nIncrust\u00e9, sans notation, base feutr\u00e9e<\/p>\n<p>Dimensions des cases : 50 x 50 mm<br \/>\nDimensions de l'\u00e9chiquier : 50 x 50 cm<br \/>\n\u00c9paisseur de l'\u00e9chiquier : 1,5 cm<\/p>\n<p>Cet \u00e9chiquier est fabriqu\u00e9 en bois d'olivier avec des cases plus fonc\u00e9es en weng\u00e9. Les cases mesurent 50 x 50 mm et sont id\u00e9ales pour les jeux d'\u00e9checs dont le roi mesure entre 90 et 95 mm de hauteur.<\/p>","protected":false},"excerpt":{"rendered":"<p>Lesena \u0160ahovnica OLIVE Intarzija, brez notacije, podlo\u017eena Dimenzije polja: 50 mm Dimenzije \u0161ahovnice: 50 cm Debelina \u0161ahovnice: 1,5 cm \u0160ahovnica je narejena iz olive, medtem ko so polja iz afri\u0161kega lesa Wenge. Polje meri 50 x 50 mm in je kot nala\u0161\u010d za figure s kraljem vi\u0161ine 90-95 mm.<\/p>","protected":false},"featured_media":47677,"comment_status":"closed","ping_status":"closed","template":"","meta":{"_seopress_robots_primary_cat":"none","_seopress_titles_title":"","_seopress_titles_desc":"","_seopress_robots_index":""},"product_brand":[],"product_cat":[514,524],"product_tag":[589],"class_list":{"0":"post-47486","1":"product","2":"type-product","3":"status-publish","4":"has-post-thumbnail","6":"product_cat-sahovnice","7":"product_cat-lesene-sahovnice","8":"product_tag-50mm","9":"wcpa_has_options","11":"entry","12":"has-media","14":"first","15":"instock","16":"taxable","17":"shipping-taxable","18":"purchasable","19":"product-type-simple","20":"has-product-nav","21":"col","22":"span_1_of_4","23":"owp-content-center","24":"item-entry","25":"owp-thumbs-layout-horizontal","26":"owp-btn-normal","27":"owp-tabs-layout-section"},"wcpa_form_fields":{"rules":{"pric_overide_base_price":false,"pric_overide_base_price_if_gt_zero":false,"pric_overide_base_price_fully":false,"pric_cal_option_once":false,"pric_use_as_fee":false,"bind_quantity":false,"quantity_bind_formula":false},"fields":[{"type":"text","elementId":"wcpa-text-1666713333654","label":"Gravura ( opcijsko )","description":"Vpi\u0161ite \u017eeljeni tekst za graviranje (npr. Vse najbolj\u0161e, IME, datum ipd.)","desc_type":true,"enablePrice":true,"pricingType":"fixed","price":"7","name":"text-1666713333654","fee_label":"Za naro\u010dnike izven eu, bo davek od\u0161tet na blagajni.","subtype":"text","maxlength":"16","cl_rule":"show","col":6,"relations":false,"form_id":46231,"form_rules":{"pric_cal_option_once":false,"exclude_from_discount":false,"pric_use_as_fee":false,"fee_label":"Fee","render_after_acb":false,"disp_hide_options_price":false}}]},"_links":{"self":[{"href":"https:\/\/chessgamesemporium.com\/fr\/wp-json\/wp\/v2\/product\/47486","targetHints":{"allow":["GET"]}}],"collection":[{"href":"https:\/\/chessgamesemporium.com\/fr\/wp-json\/wp\/v2\/product"}],"about":[{"href":"https:\/\/chessgamesemporium.com\/fr\/wp-json\/wp\/v2\/types\/product"}],"replies":[{"embeddable":true,"href":"https:\/\/chessgamesemporium.com\/fr\/wp-json\/wp\/v2\/comments?post=47486"}],"version-history":[{"count":0,"href":"https:\/\/chessgamesemporium.com\/fr\/wp-json\/wp\/v2\/product\/47486\/revisions"}],"wp:featuredmedia":[{"embeddable":true,"href":"https:\/\/chessgamesemporium.com\/fr\/wp-json\/wp\/v2\/media\/47677"}],"wp:attachment":[{"href":"https:\/\/chessgamesemporium.com\/fr\/wp-json\/wp\/v2\/media?parent=47486"}],"wp:term":[{"taxonomy":"product_brand","embeddable":true,"href":"https:\/\/chessgamesemporium.com\/fr\/wp-json\/wp\/v2\/product_brand?post=47486"},{"taxonomy":"product_cat","embeddable":true,"href":"https:\/\/chessgamesemporium.com\/fr\/wp-json\/wp\/v2\/product_cat?post=47486"},{"taxonomy":"product_tag","embeddable":true,"href":"https:\/\/chessgamesemporium.com\/fr\/wp-json\/wp\/v2\/product_tag?post=47486"}],"curies":[{"name":"wp","href":"https:\/\/api.w.org\/{rel}","templated":true}]}}