{"id":47714,"date":"2023-02-22T13:13:07","date_gmt":"2023-02-22T13:13:07","guid":{"rendered":"https:\/\/www.ivh44.si\/Ponudbe\/chess\/trgovina\/nekategorizirano\/lesene-sahovnice-tournament-5p-copy-copy\/"},"modified":"2026-03-06T10:18:17","modified_gmt":"2026-03-06T10:18:17","slug":"lesene-sahovnice-tournament-5p-copy-copy","status":"publish","type":"product","link":"https:\/\/chessgamesemporium.com\/fr\/shop\/sahovnice\/lesene-sahovnice\/lesene-sahovnice-tournament-5p-copy-copy\/","title":{"rendered":"\u00c9chiquier Tournament 6P"},"content":{"rendered":"<p>\u00c9chiquier Tournament 6P<br \/>\nAvec notation<\/p>\n<p>Mat\u00e9riau : bois recouvert de polyester.<\/p>\n<p>Dimensions des cases : 57 x 57 mm<br \/>\nDimensions de l'\u00e9chiquier : 54 \u00d7 54 cm<br \/>\n\u00c9paisseur de l'\u00e9chiquier : 1,5 cm<\/p>\n<p>Ce plateau d'\u00e9checs raffin\u00e9 de 54 x 54 cm a des cases de 57 x 57 mm et est id\u00e9al pour des pi\u00e8ces dont la hauteur du roi est comprise entre 95 et 98 mm.<\/p>","protected":false},"excerpt":{"rendered":"<p>Lesena \u0160ahovnica Tournament 6P Z notacijo Material: S poliestrom oble\u010den les Dimenzije polja: 57 mm Dimenzije \u0161ahovnice: 54 cm Debelina \u0161ahovnice: 1,5 cm Ta 54 x 54 cm velia \u0161ahovnica ima polja velika 57 x 57 mm in je kot nala\u0161\u010d za figure s kraljem vi\u0161ine 95-98 mm.<\/p>","protected":false},"featured_media":47656,"comment_status":"closed","ping_status":"closed","template":"","meta":{"_seopress_robots_primary_cat":"none","_seopress_titles_title":"","_seopress_titles_desc":"","_seopress_robots_index":""},"product_brand":[],"product_cat":[718,514,524],"product_tag":[590],"class_list":{"0":"post-47714","1":"product","2":"type-product","3":"status-publish","4":"has-post-thumbnail","6":"product_cat-outlet-sahovnice","7":"product_cat-sahovnice","8":"product_cat-lesene-sahovnice","9":"product_tag-55mm","10":"wcpa_has_options","12":"entry","13":"has-media","15":"first","16":"instock","17":"sale","18":"taxable","19":"shipping-taxable","20":"purchasable","21":"product-type-variable","22":"has-product-nav","23":"col","24":"span_1_of_4","25":"owp-content-center","26":"item-entry","27":"owp-thumbs-layout-horizontal","28":"owp-btn-normal","29":"owp-tabs-layout-section"},"wcpa_form_fields":{"rules":{"pric_overide_base_price":false,"pric_overide_base_price_if_gt_zero":false,"pric_overide_base_price_fully":false,"pric_cal_option_once":false,"pric_use_as_fee":false,"bind_quantity":false,"quantity_bind_formula":false},"fields":[{"type":"text","elementId":"wcpa-text-1666713333654","label":"Gravura ( opcijsko )","description":"Vpi\u0161ite \u017eeljeni tekst za graviranje (npr. Vse najbolj\u0161e, IME, datum ipd.)","desc_type":true,"enablePrice":true,"pricingType":"fixed","price":"7","name":"text-1666713333654","fee_label":"Za naro\u010dnike izven eu, bo davek od\u0161tet na blagajni.","subtype":"text","maxlength":"16","cl_rule":"show","col":6,"relations":false,"form_id":46231,"form_rules":{"pric_cal_option_once":false,"exclude_from_discount":false,"pric_use_as_fee":false,"fee_label":"Fee","render_after_acb":false,"disp_hide_options_price":false}}]},"_links":{"self":[{"href":"https:\/\/chessgamesemporium.com\/fr\/wp-json\/wp\/v2\/product\/47714","targetHints":{"allow":["GET"]}}],"collection":[{"href":"https:\/\/chessgamesemporium.com\/fr\/wp-json\/wp\/v2\/product"}],"about":[{"href":"https:\/\/chessgamesemporium.com\/fr\/wp-json\/wp\/v2\/types\/product"}],"replies":[{"embeddable":true,"href":"https:\/\/chessgamesemporium.com\/fr\/wp-json\/wp\/v2\/comments?post=47714"}],"version-history":[{"count":0,"href":"https:\/\/chessgamesemporium.com\/fr\/wp-json\/wp\/v2\/product\/47714\/revisions"}],"wp:featuredmedia":[{"embeddable":true,"href":"https:\/\/chessgamesemporium.com\/fr\/wp-json\/wp\/v2\/media\/47656"}],"wp:attachment":[{"href":"https:\/\/chessgamesemporium.com\/fr\/wp-json\/wp\/v2\/media?parent=47714"}],"wp:term":[{"taxonomy":"product_brand","embeddable":true,"href":"https:\/\/chessgamesemporium.com\/fr\/wp-json\/wp\/v2\/product_brand?post=47714"},{"taxonomy":"product_cat","embeddable":true,"href":"https:\/\/chessgamesemporium.com\/fr\/wp-json\/wp\/v2\/product_cat?post=47714"},{"taxonomy":"product_tag","embeddable":true,"href":"https:\/\/chessgamesemporium.com\/fr\/wp-json\/wp\/v2\/product_tag?post=47714"}],"curies":[{"name":"wp","href":"https:\/\/api.w.org\/{rel}","templated":true}]}}