{"id":47800,"date":"2023-02-23T12:43:47","date_gmt":"2023-02-23T12:43:47","guid":{"rendered":"https:\/\/www.ivh44.si\/Ponudbe\/chess\/?post_type=product&#038;p=47800"},"modified":"2024-03-29T11:48:45","modified_gmt":"2024-03-29T11:48:45","slug":"sahovnica-za-zvijanje-45-mm","status":"publish","type":"product","link":"https:\/\/chessgamesemporium.com\/fr\/shop\/sahovnice\/plasticne-sahovnice\/sahovnica-za-zvijanje-45-mm\/","title":{"rendered":"\u00c9chiquier enroulable 45 mm"},"content":{"rendered":"<p>\u00c9chiquier enroulable 45 mm<\/p>\n<p>Mat\u00e9riau : PVC, toile<br \/>\nDimensions des cases : 4,5 x 4,5 cm<br \/>\nDimensions de l'\u00e9chiquier : 40 x 40 cm<br \/>\nLavable<\/p>\n<p>Les cases de 45 x 45 mm de ce plateau d'\u00e9checs sont id\u00e9ales pour les pi\u00e8ces dont la hauteur du roi est comprise entre 83 et 90 mm.<\/p>\n<p>Attention ! Ne convient pas aux enfants de moins de 3 ans en raison des petites pi\u00e8ces ! Risque d'\u00e9touffement.<\/p>","protected":false},"excerpt":{"rendered":"<p>\u0160ahovnica za ZVIJANJE 45 mm Material: PVC, platno Dimenzije polja: 4,5 x 4,5 cm Dimenzije \u0161ahovnice: 40 x 40 cm Pralna povr\u0161ina Polje 45 x 45 mm je idealno za figure s kraljem visine 83-90 mm. OPOZORILO! Ni primerno za otroke pod tretjim letom starosti.<\/p>","protected":false},"featured_media":43853,"comment_status":"closed","ping_status":"closed","template":"","meta":{"_seopress_robots_primary_cat":"none","_seopress_titles_title":"","_seopress_titles_desc":"","_seopress_robots_index":""},"product_brand":[],"product_cat":[523,514],"product_tag":[591],"class_list":{"0":"post-47800","1":"product","2":"type-product","3":"status-publish","4":"has-post-thumbnail","6":"product_cat-plasticne-sahovnice","7":"product_cat-sahovnice","8":"product_tag-45mm","10":"entry","11":"has-media","13":"first","14":"instock","15":"taxable","16":"shipping-taxable","17":"purchasable","18":"product-type-simple","19":"has-product-nav","20":"col","21":"span_1_of_4","22":"owp-content-center","23":"item-entry","24":"owp-thumbs-layout-horizontal","25":"owp-btn-normal","26":"owp-tabs-layout-section"},"wcpa_form_fields":null,"_links":{"self":[{"href":"https:\/\/chessgamesemporium.com\/fr\/wp-json\/wp\/v2\/product\/47800","targetHints":{"allow":["GET"]}}],"collection":[{"href":"https:\/\/chessgamesemporium.com\/fr\/wp-json\/wp\/v2\/product"}],"about":[{"href":"https:\/\/chessgamesemporium.com\/fr\/wp-json\/wp\/v2\/types\/product"}],"replies":[{"embeddable":true,"href":"https:\/\/chessgamesemporium.com\/fr\/wp-json\/wp\/v2\/comments?post=47800"}],"version-history":[{"count":0,"href":"https:\/\/chessgamesemporium.com\/fr\/wp-json\/wp\/v2\/product\/47800\/revisions"}],"wp:featuredmedia":[{"embeddable":true,"href":"https:\/\/chessgamesemporium.com\/fr\/wp-json\/wp\/v2\/media\/43853"}],"wp:attachment":[{"href":"https:\/\/chessgamesemporium.com\/fr\/wp-json\/wp\/v2\/media?parent=47800"}],"wp:term":[{"taxonomy":"product_brand","embeddable":true,"href":"https:\/\/chessgamesemporium.com\/fr\/wp-json\/wp\/v2\/product_brand?post=47800"},{"taxonomy":"product_cat","embeddable":true,"href":"https:\/\/chessgamesemporium.com\/fr\/wp-json\/wp\/v2\/product_cat?post=47800"},{"taxonomy":"product_tag","embeddable":true,"href":"https:\/\/chessgamesemporium.com\/fr\/wp-json\/wp\/v2\/product_tag?post=47800"}],"curies":[{"name":"wp","href":"https:\/\/api.w.org\/{rel}","templated":true}]}}