{"id":47803,"date":"2023-02-23T13:18:13","date_gmt":"2023-02-23T13:18:13","guid":{"rendered":"https:\/\/www.ivh44.si\/Ponudbe\/chess\/?post_type=product&#038;p=47803"},"modified":"2025-03-07T07:02:47","modified_gmt":"2025-03-07T07:02:47","slug":"preklopna-sahovnica-55-mm","status":"publish","type":"product","link":"https:\/\/chessgamesemporium.com\/fr\/shop\/sahovnice\/plasticne-sahovnice\/preklopna-sahovnica-55-mm\/","title":{"rendered":"\u00c9chiquier pliable 55 mm"},"content":{"rendered":"<p>\u00c9chiquier pliable 55 mm<\/p>\n<p>Dimensions des cases : 55 \u00d7 55 mm<br \/>\nDimensions de l'\u00e9chiquier : 51 x 51 cm<br \/>\nCouleur des cases : Marron\/blanc<br \/>\nPliage vers l\u2019int\u00e9rieur (prot\u00e8ge la surface de jeu)<br \/>\nLavable<br \/>\nNotation alphanum\u00e9rique r\u00e9duite<\/p>\n<p>Les cases de 55 x 55 mm de ce plateau d'\u00e9checs sont id\u00e9ales pour les pi\u00e8ces d'\u00e9checs dont la hauteur du roi est comprise entre 95 et 98 mm.<\/p>","protected":false},"excerpt":{"rendered":"<p>PREKLOPNA \u0160ahovnica 55 mm Dimenzije polja: 55 mm Dimenzije \u0161ahovnice: 51 cm Barva polj: rjava\/bela Zlo\u017eljiva navznoter (igralna povr\u0161ina je za\u0161\u010ditena) Pralna povr\u0161ina Z malimi \u010drkami in \u0161tevilkami Polje meri 55 x 55 mm in je kot nala\u0161\u010d za figure s kraljem vi\u0161ine 95-98 mm.<\/p>","protected":false},"featured_media":47806,"comment_status":"closed","ping_status":"closed","template":"","meta":{"_seopress_robots_primary_cat":"none","_seopress_titles_title":"","_seopress_titles_desc":"","_seopress_robots_index":""},"product_brand":[],"product_cat":[523,514],"product_tag":[590],"class_list":{"0":"post-47803","1":"product","2":"type-product","3":"status-publish","4":"has-post-thumbnail","6":"product_cat-plasticne-sahovnice","7":"product_cat-sahovnice","8":"product_tag-55mm","10":"entry","11":"has-media","13":"first","14":"instock","15":"taxable","16":"shipping-taxable","17":"purchasable","18":"product-type-simple","19":"has-product-nav","20":"col","21":"span_1_of_4","22":"owp-content-center","23":"item-entry","24":"owp-thumbs-layout-horizontal","25":"owp-btn-normal","26":"owp-tabs-layout-section"},"wcpa_form_fields":null,"_links":{"self":[{"href":"https:\/\/chessgamesemporium.com\/fr\/wp-json\/wp\/v2\/product\/47803","targetHints":{"allow":["GET"]}}],"collection":[{"href":"https:\/\/chessgamesemporium.com\/fr\/wp-json\/wp\/v2\/product"}],"about":[{"href":"https:\/\/chessgamesemporium.com\/fr\/wp-json\/wp\/v2\/types\/product"}],"replies":[{"embeddable":true,"href":"https:\/\/chessgamesemporium.com\/fr\/wp-json\/wp\/v2\/comments?post=47803"}],"version-history":[{"count":0,"href":"https:\/\/chessgamesemporium.com\/fr\/wp-json\/wp\/v2\/product\/47803\/revisions"}],"wp:featuredmedia":[{"embeddable":true,"href":"https:\/\/chessgamesemporium.com\/fr\/wp-json\/wp\/v2\/media\/47806"}],"wp:attachment":[{"href":"https:\/\/chessgamesemporium.com\/fr\/wp-json\/wp\/v2\/media?parent=47803"}],"wp:term":[{"taxonomy":"product_brand","embeddable":true,"href":"https:\/\/chessgamesemporium.com\/fr\/wp-json\/wp\/v2\/product_brand?post=47803"},{"taxonomy":"product_cat","embeddable":true,"href":"https:\/\/chessgamesemporium.com\/fr\/wp-json\/wp\/v2\/product_cat?post=47803"},{"taxonomy":"product_tag","embeddable":true,"href":"https:\/\/chessgamesemporium.com\/fr\/wp-json\/wp\/v2\/product_tag?post=47803"}],"curies":[{"name":"wp","href":"https:\/\/api.w.org\/{rel}","templated":true}]}}