{"id":47843,"date":"2023-03-07T13:13:55","date_gmt":"2023-03-07T13:13:55","guid":{"rendered":"https:\/\/www.ivh44.si\/Ponudbe\/chess\/?post_type=product&#038;p=47843"},"modified":"2026-04-22T10:57:10","modified_gmt":"2026-04-22T10:57:10","slug":"sahovska-garnitura-ameriski-staunton","status":"publish","type":"product","link":"https:\/\/chessgamesemporium.com\/fr\/shop\/sahovski-kompleti\/zlozljive-garniture\/sahovska-garnitura-ameriski-staunton\/","title":{"rendered":"Jeu d'\u00e9checs pliable en bois AMERICAN STAUNTON"},"content":{"rendered":"<p>Pi\u00e8ces d'\u00e9checs<br \/>\nUn magnifique jeu d'\u00e9checs, avec un cavalier finement d\u00e9taill\u00e9.<br \/>\nCouleurs naturelles\/brun ou naturelles\/noir, finition polie.<br \/>\nLest\u00e9 et feutr\u00e9.<br \/>\nMat\u00e9riaux : palissandre\/buis<\/p>\n<p>Dimensions : (hauteur | largeur de la base)<br \/>\nRoi : 9,8 cm | 3,6 cm<br \/>\nReine : 8,2 cm | 3,6 cm<br \/>\nTour : 5,9 cm | 3,3 cm<br \/>\nFou : 7,1 cm | 3,3 cm<br \/>\nCavalier : 6,6 cm | 3,2 cm<br \/>\nPion : 5,2 cm | 2,6 cm<\/p>\n<p>\u00c9chiquier pliable - Cassette Tournoi n\u00b0 6<br \/>\nDimensions des cases : 5,8 x 5,8 cm<br \/>\nDimensions de l'\u00e9chiquier (ferm\u00e9) : 52 x 26 x 6 cm<\/p>\n<p>Cet \u00e9l\u00e9gant \u00e9chiquier pliant est incrust\u00e9 d'acajou et de sycomore. Il est dot\u00e9 d'un plateau int\u00e9rieur pour ranger les pi\u00e8ces.<\/p>\n<p>Le jeu d\u2019\u00e9checs pliable en bois American Staunton associe design classique, fonctionnalit\u00e9 et fabrication de qualit\u00e9 dans un ensemble complet. Les pi\u00e8ces lest\u00e9es et feutr\u00e9es assurent une excellente stabilit\u00e9 et un d\u00e9placement fluide, tandis que le cavalier d\u00e9taill\u00e9 et la finition polie apportent une touche \u00e9l\u00e9gante. Fabriqu\u00e9 en bois de qualit\u00e9 comme le palissandre et le buis, ce set offre durabilit\u00e9 et une exp\u00e9rience de jeu professionnelle.<\/p>\n<p>L\u2019\u00e9chiquier pliable avec compartiment de rangement permet de stocker les pi\u00e8ces en toute s\u00e9curit\u00e9 et de les transporter facilement. Il est id\u00e9al pour la maison, les clubs ou les voyages. Sa taille tournoi garantit un confort de jeu et le respect des standards. Ce jeu d\u2019\u00e9checs en bois est \u00e9galement un excellent cadeau pour les amateurs d\u2019\u00e9checs.<\/p>\n<p>Un excellent choix pour ceux qui recherchent un jeu d\u2019\u00e9checs de qualit\u00e9 et pratique.<\/p>\n<p>Attention ! Ne convient pas aux enfants de moins de 3 ans en raison des petites pi\u00e8ces ! Risque d'\u00e9touffement.<\/p>","protected":false},"excerpt":{"rendered":"<p>\u0160ahovske figure: Lepo oblikovane \u0161ahovske figure z dodatno oblikovanim skaka\u010dem. Vi\u0161ina kralja: 98mm rjava\/naravna, polirana Obte\u017eene in polnjene Palisander\/pu\u0161pan Dimenzije: (vi\u0161ina figure | premer podlage) Kralj: 9,8 cm | 3,6 cm Dama: 8,2 cm | 3,6 cm Top: 5,9 cm | 3,3 cm Lovec: 7,1 cm | 3,3 cm Skaka\u010d: 6,6 cm | 3,2 cm [&hellip;]<\/p>","protected":false},"featured_media":48303,"comment_status":"closed","ping_status":"closed","template":"","meta":{"_seopress_robots_primary_cat":"none","_seopress_titles_title":"Zlo\u017eljiv lesen \u0161ah American Staunton z obte\u017eenimi figurami | ChessGamesEmporium","_seopress_titles_desc":"Zlo\u017eljiv lesen \u0161ahovski komplet American Staunton s kakovostnimi obte\u017eenimi figurami in elegantnim dizajnom. Idealen za darilo, doma\u010do igro ali potovanja.","_seopress_robots_index":""},"product_brand":[],"product_cat":[510,518],"product_tag":[],"class_list":{"0":"post-47843","1":"product","2":"type-product","3":"status-publish","4":"has-post-thumbnail","6":"product_cat-sahovski-kompleti","7":"product_cat-zlozljive-garniture","8":"wcpa_has_options","10":"entry","11":"has-media","13":"first","14":"instock","15":"taxable","16":"shipping-taxable","17":"purchasable","18":"product-type-variable","19":"has-product-nav","20":"col","21":"span_1_of_4","22":"owp-content-center","23":"item-entry","24":"owp-thumbs-layout-horizontal","25":"owp-btn-normal","26":"owp-tabs-layout-section"},"wcpa_form_fields":{"rules":{"pric_overide_base_price":false,"pric_overide_base_price_if_gt_zero":false,"pric_overide_base_price_fully":false,"pric_cal_option_once":false,"pric_use_as_fee":false,"bind_quantity":false,"quantity_bind_formula":false},"fields":[{"type":"checkbox-group","elementId":"wcpa-checkbox-group-1707738535577","label":"Dodatek","enablePrice":true,"priceOptions":"fixed_for_all","pricingType":"fixed","price":"5","name":"checkbox-group-1707738535577","other_text":"Other","cl_rule":"show","col":6,"values":[{"label":"Dodatni kraljici (bela in \u010drna)","value":"5.00 Eur","price":"","pimage":"","pimage_id":"","pthumb":""}],"relations":false,"form_id":55845,"form_rules":{"pric_cal_option_once":false,"exclude_from_discount":false,"pric_use_as_fee":false,"fee_label":"Fee","render_after_acb":false,"disp_hide_options_price":false}},{"type":"text","elementId":"wcpa-text-1666713333654","label":"Gravura ( opcijsko )","description":"Vpi\u0161ite \u017eeljeni tekst za graviranje (npr. Vse najbolj\u0161e, IME, datum ipd.)","desc_type":true,"enablePrice":true,"pricingType":"fixed","price":"7","name":"text-1666713333654","fee_label":"Za naro\u010dnike izven eu, bo davek od\u0161tet na blagajni.","subtype":"text","maxlength":"16","cl_rule":"show","col":6,"relations":false,"form_id":46231,"form_rules":{"pric_cal_option_once":false,"exclude_from_discount":false,"pric_use_as_fee":false,"fee_label":"Fee","render_after_acb":false,"disp_hide_options_price":false}}]},"_links":{"self":[{"href":"https:\/\/chessgamesemporium.com\/fr\/wp-json\/wp\/v2\/product\/47843","targetHints":{"allow":["GET"]}}],"collection":[{"href":"https:\/\/chessgamesemporium.com\/fr\/wp-json\/wp\/v2\/product"}],"about":[{"href":"https:\/\/chessgamesemporium.com\/fr\/wp-json\/wp\/v2\/types\/product"}],"replies":[{"embeddable":true,"href":"https:\/\/chessgamesemporium.com\/fr\/wp-json\/wp\/v2\/comments?post=47843"}],"version-history":[{"count":0,"href":"https:\/\/chessgamesemporium.com\/fr\/wp-json\/wp\/v2\/product\/47843\/revisions"}],"wp:featuredmedia":[{"embeddable":true,"href":"https:\/\/chessgamesemporium.com\/fr\/wp-json\/wp\/v2\/media\/48303"}],"wp:attachment":[{"href":"https:\/\/chessgamesemporium.com\/fr\/wp-json\/wp\/v2\/media?parent=47843"}],"wp:term":[{"taxonomy":"product_brand","embeddable":true,"href":"https:\/\/chessgamesemporium.com\/fr\/wp-json\/wp\/v2\/product_brand?post=47843"},{"taxonomy":"product_cat","embeddable":true,"href":"https:\/\/chessgamesemporium.com\/fr\/wp-json\/wp\/v2\/product_cat?post=47843"},{"taxonomy":"product_tag","embeddable":true,"href":"https:\/\/chessgamesemporium.com\/fr\/wp-json\/wp\/v2\/product_tag?post=47843"}],"curies":[{"name":"wp","href":"https:\/\/api.w.org\/{rel}","templated":true}]}}