{"id":47894,"date":"2023-10-31T11:29:04","date_gmt":"2023-10-31T11:29:04","guid":{"rendered":"https:\/\/www.ivh44.si\/Ponudbe\/chess\/?post_type=product&#038;p=47894"},"modified":"2026-04-09T17:14:38","modified_gmt":"2026-04-09T17:14:38","slug":"preklopna-sahovska-garnitura-ambasador","status":"publish","type":"product","link":"https:\/\/chessgamesemporium.com\/fr\/shop\/sahovski-kompleti\/zlozljive-garniture\/preklopna-sahovska-garnitura-ambasador\/","title":{"rendered":"Jeu d\u2019\u00e9checs Ambassador \u2013 set cadeau en bois pliable"},"content":{"rendered":"<p>Pi\u00e8ces d'\u00e9checs :<br \/>\nEn bois, feutr\u00e9es, vernies, design br\u00fbl\u00e9<\/p>\n<p>Dimensions : (hauteur | largeur de la base)<br \/>\nRoi : 10,8 cm | 3,8 cm<br \/>\nReine : 9,1 cm | 3,8 cm<br \/>\nTour : 6,2 cm | 3,8 cm<br \/>\nFou : 7,2 cm | 3,8 cm<br \/>\nCavalier : 7,1 cm | 3,8 cm<br \/>\nPion : 5,1 cm | 3,1 cm<\/p>\n<p>\u00c9chiquier pliable :<br \/>\nMotif br\u00fbl\u00e9, avec plateau de rangement<\/p>\n<p>Dimensions des cases : 5,3 x 5,3 cm<br \/>\nDimensions de l'\u00e9chiquier (ferm\u00e9) : 55 x 27,5 x 6 cm<\/p>\n<p>Le jeu d'\u00e9checs Ambassador est le plus populaire de notre gamme d\u00e9corative. Gr\u00e2ce \u00e0 sa grande taille et \u00e0 son design unique, il est consid\u00e9r\u00e9 comme un jeu d'\u00e9checs de luxe. Ces ravissantes pi\u00e8ces d'\u00e9checs sont fabriqu\u00e9es en bois de charme et d'\u00e9rable sycomore. \u00c0 l'instar de l'\u00e9chiquier, elles sont orn\u00e9es de motifs pyrograv\u00e9s. L'\u00e9chiquier pliant pyrograv\u00e9 est dot\u00e9 d'un plateau int\u00e9rieur permettant de ranger les pi\u00e8ces.<\/p>\n<p>Attention ! Ne convient pas aux enfants de moins de 3 ans en raison des petites pi\u00e8ces ! Risque d'\u00e9touffement.<\/p>","protected":false},"excerpt":{"rendered":"<p>Le jeu d\u2019\u00e9checs Ambassador est un \u00e9chiquier pliable en bois avec rangement int\u00e9gr\u00e9 pour les pi\u00e8ces. Un cadeau parfait pour les amateurs d\u2019\u00e9checs, id\u00e9al pour la maison et les voyages.<\/p>","protected":false},"featured_media":56464,"comment_status":"closed","ping_status":"closed","template":"","meta":{"_seopress_robots_primary_cat":"none","_seopress_titles_title":"","_seopress_titles_desc":"","_seopress_robots_index":""},"product_brand":[],"product_cat":[510,518],"product_tag":[],"class_list":{"0":"post-47894","1":"product","2":"type-product","3":"status-publish","4":"has-post-thumbnail","6":"product_cat-sahovski-kompleti","7":"product_cat-zlozljive-garniture","8":"wcpa_has_options","10":"entry","11":"has-media","13":"first","14":"instock","15":"taxable","16":"shipping-taxable","17":"purchasable","18":"product-type-variable","19":"has-product-nav","20":"col","21":"span_1_of_4","22":"owp-content-center","23":"item-entry","24":"owp-thumbs-layout-horizontal","25":"owp-btn-normal","26":"owp-tabs-layout-section"},"wcpa_form_fields":{"rules":{"pric_overide_base_price":false,"pric_overide_base_price_if_gt_zero":false,"pric_overide_base_price_fully":false,"pric_cal_option_once":false,"pric_use_as_fee":false,"bind_quantity":false,"quantity_bind_formula":false},"fields":[{"type":"text","elementId":"wcpa-text-1666713333654","label":"Gravura ( opcijsko )","description":"Vpi\u0161ite \u017eeljeni tekst za graviranje (npr. Vse najbolj\u0161e, IME, datum ipd.)","desc_type":true,"enablePrice":true,"pricingType":"fixed","price":"7","name":"text-1666713333654","fee_label":"Za naro\u010dnike izven eu, bo davek od\u0161tet na blagajni.","subtype":"text","maxlength":"16","cl_rule":"show","col":6,"relations":false,"form_id":46231,"form_rules":{"pric_cal_option_once":false,"exclude_from_discount":false,"pric_use_as_fee":false,"fee_label":"Fee","render_after_acb":false,"disp_hide_options_price":false}}]},"_links":{"self":[{"href":"https:\/\/chessgamesemporium.com\/fr\/wp-json\/wp\/v2\/product\/47894","targetHints":{"allow":["GET"]}}],"collection":[{"href":"https:\/\/chessgamesemporium.com\/fr\/wp-json\/wp\/v2\/product"}],"about":[{"href":"https:\/\/chessgamesemporium.com\/fr\/wp-json\/wp\/v2\/types\/product"}],"replies":[{"embeddable":true,"href":"https:\/\/chessgamesemporium.com\/fr\/wp-json\/wp\/v2\/comments?post=47894"}],"version-history":[{"count":0,"href":"https:\/\/chessgamesemporium.com\/fr\/wp-json\/wp\/v2\/product\/47894\/revisions"}],"wp:featuredmedia":[{"embeddable":true,"href":"https:\/\/chessgamesemporium.com\/fr\/wp-json\/wp\/v2\/media\/56464"}],"wp:attachment":[{"href":"https:\/\/chessgamesemporium.com\/fr\/wp-json\/wp\/v2\/media?parent=47894"}],"wp:term":[{"taxonomy":"product_brand","embeddable":true,"href":"https:\/\/chessgamesemporium.com\/fr\/wp-json\/wp\/v2\/product_brand?post=47894"},{"taxonomy":"product_cat","embeddable":true,"href":"https:\/\/chessgamesemporium.com\/fr\/wp-json\/wp\/v2\/product_cat?post=47894"},{"taxonomy":"product_tag","embeddable":true,"href":"https:\/\/chessgamesemporium.com\/fr\/wp-json\/wp\/v2\/product_tag?post=47894"}],"curies":[{"name":"wp","href":"https:\/\/api.w.org\/{rel}","templated":true}]}}