{"id":47938,"date":"2023-03-08T12:39:18","date_gmt":"2023-03-08T12:39:18","guid":{"rendered":"https:\/\/www.ivh44.si\/Ponudbe\/chess\/?post_type=product&#038;p=47938"},"modified":"2026-01-07T08:41:40","modified_gmt":"2026-01-07T08:41:40","slug":"preklopna-sahovska-garnitura-consul","status":"publish","type":"product","link":"https:\/\/chessgamesemporium.com\/fr\/shop\/sahovski-kompleti\/zlozljive-garniture\/preklopna-sahovska-garnitura-consul\/","title":{"rendered":"Jeu d'\u00e9checs pliable en bois CONSUL"},"content":{"rendered":"<p>Pi\u00e8ces d'\u00e9checs :<br \/>\nEn bois, feutr\u00e9, ornements pyrograv\u00e9s<br \/>\nMat\u00e9riau : charme et sycomore<\/p>\n<p>Dimensions : (hauteur | largeur de la base)<br \/>\nRoi : 9,0 cm | 3,3 cm<br \/>\nReine : 7,9 cm | 3,3 cm<br \/>\nTour : 5,3 cm | 2,8 cm<br \/>\nFou : 6,7 cm | 2,8 cm<br \/>\nCavalier : 5,8 cm | 2,8 cm<br \/>\nPion : 4,6 cm | 2,5 cm<\/p>\n<p>\u00c9chiquier pliable :<br \/>\nMat\u00e9riau : h\u00eatre, bouleau<br \/>\nDimenzije polja: 4,7 x 4,7 cm<br \/>\nDimensions de l'\u00e9chiquier (ferm\u00e9) : 48 x 24 x 6 cm<\/p>\n<p>Ce jeu Consul ressemble au jeu Ambassadeur, mais il est l\u00e9g\u00e8rement plus petit. Les pi\u00e8ces et l'\u00e9tui sont fabriqu\u00e9s artisanalement et orn\u00e9s de nombreux motifs pyrograv\u00e9s. Les pi\u00e8ces d'\u00e9checs sont lest\u00e9es et fabriqu\u00e9es en bois de charme et d'\u00e9rable sycomore. L'\u00e9chiquier pliable est dot\u00e9 d'un plateau int\u00e9rieur pour ranger les pi\u00e8ces.<\/p>\n<p>Attention ! Ne convient pas aux enfants de moins de 3 ans en raison des petites pi\u00e8ces ! Risque d'\u00e9touffement.<\/p>","protected":false},"excerpt":{"rendered":"<p>Figure: Lesene, podlo\u017eene, v\u017egani ornamenti Material: gaber in platana Dimenzije: (vi\u0161ina | premer podlage) Kralj: 9,0 cm | 3,3 cm Dama: 7,9 cm | 3,3 cm Top: 5,3 cm | 2,8 cm Lovec: 6,7 cm | 2,8 cm Skaka\u010d:5,8 cm | 2,8 cm Kmet: 4,6 cm | 2,5 cm \u0160ahovnica &#8211; preklopna lesena \u0161ahovska kaseta [&hellip;]<\/p>","protected":false},"featured_media":48312,"comment_status":"closed","ping_status":"closed","template":"","meta":{"_seopress_robots_primary_cat":"none","_seopress_titles_title":"","_seopress_titles_desc":"","_seopress_robots_index":""},"product_brand":[],"product_cat":[510,518],"product_tag":[],"class_list":{"0":"post-47938","1":"product","2":"type-product","3":"status-publish","4":"has-post-thumbnail","6":"product_cat-sahovski-kompleti","7":"product_cat-zlozljive-garniture","8":"wcpa_has_options","10":"entry","11":"has-media","13":"first","14":"instock","15":"taxable","16":"shipping-taxable","17":"purchasable","18":"product-type-simple","19":"has-product-nav","20":"col","21":"span_1_of_4","22":"owp-content-center","23":"item-entry","24":"owp-thumbs-layout-horizontal","25":"owp-btn-normal","26":"owp-tabs-layout-section","27":"has-no-thumbnails"},"wcpa_form_fields":{"rules":{"pric_overide_base_price":false,"pric_overide_base_price_if_gt_zero":false,"pric_overide_base_price_fully":false,"pric_cal_option_once":false,"pric_use_as_fee":false,"bind_quantity":false,"quantity_bind_formula":false},"fields":[{"type":"text","elementId":"wcpa-text-1666713333654","label":"Gravura ( opcijsko )","description":"Vpi\u0161ite \u017eeljeni tekst za graviranje (npr. Vse najbolj\u0161e, IME, datum ipd.)","desc_type":true,"enablePrice":true,"pricingType":"fixed","price":"7","name":"text-1666713333654","fee_label":"Za naro\u010dnike izven eu, bo davek od\u0161tet na blagajni.","subtype":"text","maxlength":"16","cl_rule":"show","col":6,"relations":false,"form_id":46231,"form_rules":{"pric_cal_option_once":false,"exclude_from_discount":false,"pric_use_as_fee":false,"fee_label":"Fee","render_after_acb":false,"disp_hide_options_price":false}}]},"_links":{"self":[{"href":"https:\/\/chessgamesemporium.com\/fr\/wp-json\/wp\/v2\/product\/47938","targetHints":{"allow":["GET"]}}],"collection":[{"href":"https:\/\/chessgamesemporium.com\/fr\/wp-json\/wp\/v2\/product"}],"about":[{"href":"https:\/\/chessgamesemporium.com\/fr\/wp-json\/wp\/v2\/types\/product"}],"replies":[{"embeddable":true,"href":"https:\/\/chessgamesemporium.com\/fr\/wp-json\/wp\/v2\/comments?post=47938"}],"version-history":[{"count":0,"href":"https:\/\/chessgamesemporium.com\/fr\/wp-json\/wp\/v2\/product\/47938\/revisions"}],"wp:featuredmedia":[{"embeddable":true,"href":"https:\/\/chessgamesemporium.com\/fr\/wp-json\/wp\/v2\/media\/48312"}],"wp:attachment":[{"href":"https:\/\/chessgamesemporium.com\/fr\/wp-json\/wp\/v2\/media?parent=47938"}],"wp:term":[{"taxonomy":"product_brand","embeddable":true,"href":"https:\/\/chessgamesemporium.com\/fr\/wp-json\/wp\/v2\/product_brand?post=47938"},{"taxonomy":"product_cat","embeddable":true,"href":"https:\/\/chessgamesemporium.com\/fr\/wp-json\/wp\/v2\/product_cat?post=47938"},{"taxonomy":"product_tag","embeddable":true,"href":"https:\/\/chessgamesemporium.com\/fr\/wp-json\/wp\/v2\/product_tag?post=47938"}],"curies":[{"name":"wp","href":"https:\/\/api.w.org\/{rel}","templated":true}]}}