{"id":47967,"date":"2023-03-08T13:43:58","date_gmt":"2023-03-08T13:43:58","guid":{"rendered":"https:\/\/www.ivh44.si\/Ponudbe\/chess\/?post_type=product&#038;p=47967"},"modified":"2025-09-30T08:06:30","modified_gmt":"2025-09-30T08:06:30","slug":"preklopna-sahovska-garnitura-monarh","status":"publish","type":"product","link":"https:\/\/chessgamesemporium.com\/fr\/shop\/sahovski-kompleti\/zlozljive-garniture\/preklopna-sahovska-garnitura-monarh\/","title":{"rendered":"Jeu d'\u00e9checs pliable en bois MONARCH"},"content":{"rendered":"<p>Pi\u00e8ces d'\u00e9checs :<br \/>\nEn bois, feutr\u00e9es et vernies.<br \/>\nMat\u00e9riau : charme<\/p>\n<p>Dimensions : (hauteur | largeur de la base)<br \/>\nRoi : 7,3 cm | 3,1 cm<br \/>\nReine : 6,1 cm | 3,0 cm<br \/>\nTour : 5,0 cm | 3,1 cm<br \/>\nFou : 5,7 cm | 3,0 cm<br \/>\nCavalier: 5,8 cm | 3,0 cm<br \/>\nPion : 3,6 cm | 2,9 cm<\/p>\n<p>\u00c9chiquier pliable :<br \/>\nDimensions des cases : 4,5 x 4,5 cm<br \/>\nDimensions du jeu (ferm\u00e9) : 44 x 22 x 5 cm<br \/>\nMat\u00e9riau : ch\u00eane<\/p>\n<p>Attention ! Ne convient pas aux enfants de moins de 3 ans en raison des petites pi\u00e8ces ! Risque d'\u00e9touffement.<\/p>","protected":false},"excerpt":{"rendered":"<p>Figure: Lesene, podlo\u017eene, lakirane Material: gaber Dimenzije: (vi\u0161ina figure | premer podlage) Kralj: 7,3 cm | 3,1 cm Dama: 6,1 cm | 3,0 cm Top: 5,0 cm | 3,1 cm Lovec: 5,7 cm | 3,0 cm Skaka\u010d: 5,8 cm | 3,0 cm Kmet: 3,6 cm | 2,9 cm \u0160ahovnica &#8211; preklopna lesena \u0161ahovska kaseta Dimenzije [&hellip;]<\/p>","protected":false},"featured_media":48218,"comment_status":"closed","ping_status":"closed","template":"","meta":{"_seopress_robots_primary_cat":"none","_seopress_titles_title":"","_seopress_titles_desc":"","_seopress_robots_index":""},"product_brand":[],"product_cat":[510,518],"product_tag":[],"class_list":{"0":"post-47967","1":"product","2":"type-product","3":"status-publish","4":"has-post-thumbnail","6":"product_cat-sahovski-kompleti","7":"product_cat-zlozljive-garniture","8":"wcpa_has_options","10":"entry","11":"has-media","13":"first","14":"instock","15":"taxable","16":"shipping-taxable","17":"purchasable","18":"product-type-simple","19":"has-product-nav","20":"col","21":"span_1_of_4","22":"owp-content-center","23":"item-entry","24":"owp-thumbs-layout-horizontal","25":"owp-btn-normal","26":"owp-tabs-layout-section"},"wcpa_form_fields":{"rules":{"pric_overide_base_price":false,"pric_overide_base_price_if_gt_zero":false,"pric_overide_base_price_fully":false,"pric_cal_option_once":false,"pric_use_as_fee":false,"bind_quantity":false,"quantity_bind_formula":false},"fields":[{"type":"text","elementId":"wcpa-text-1666713333654","label":"Gravura ( opcijsko )","description":"Vpi\u0161ite \u017eeljeni tekst za graviranje (npr. Vse najbolj\u0161e, IME, datum ipd.)","desc_type":true,"enablePrice":true,"pricingType":"fixed","price":"7","name":"text-1666713333654","fee_label":"Za naro\u010dnike izven eu, bo davek od\u0161tet na blagajni.","subtype":"text","maxlength":"16","cl_rule":"show","col":6,"relations":false,"form_id":46231,"form_rules":{"pric_cal_option_once":false,"exclude_from_discount":false,"pric_use_as_fee":false,"fee_label":"Fee","render_after_acb":false,"disp_hide_options_price":false}}]},"_links":{"self":[{"href":"https:\/\/chessgamesemporium.com\/fr\/wp-json\/wp\/v2\/product\/47967","targetHints":{"allow":["GET"]}}],"collection":[{"href":"https:\/\/chessgamesemporium.com\/fr\/wp-json\/wp\/v2\/product"}],"about":[{"href":"https:\/\/chessgamesemporium.com\/fr\/wp-json\/wp\/v2\/types\/product"}],"replies":[{"embeddable":true,"href":"https:\/\/chessgamesemporium.com\/fr\/wp-json\/wp\/v2\/comments?post=47967"}],"version-history":[{"count":0,"href":"https:\/\/chessgamesemporium.com\/fr\/wp-json\/wp\/v2\/product\/47967\/revisions"}],"wp:featuredmedia":[{"embeddable":true,"href":"https:\/\/chessgamesemporium.com\/fr\/wp-json\/wp\/v2\/media\/48218"}],"wp:attachment":[{"href":"https:\/\/chessgamesemporium.com\/fr\/wp-json\/wp\/v2\/media?parent=47967"}],"wp:term":[{"taxonomy":"product_brand","embeddable":true,"href":"https:\/\/chessgamesemporium.com\/fr\/wp-json\/wp\/v2\/product_brand?post=47967"},{"taxonomy":"product_cat","embeddable":true,"href":"https:\/\/chessgamesemporium.com\/fr\/wp-json\/wp\/v2\/product_cat?post=47967"},{"taxonomy":"product_tag","embeddable":true,"href":"https:\/\/chessgamesemporium.com\/fr\/wp-json\/wp\/v2\/product_tag?post=47967"}],"curies":[{"name":"wp","href":"https:\/\/api.w.org\/{rel}","templated":true}]}}