{"id":48058,"date":"2023-03-10T11:03:43","date_gmt":"2023-03-10T11:03:43","guid":{"rendered":"https:\/\/www.ivh44.si\/Ponudbe\/chess\/?post_type=product&#038;p=48058"},"modified":"2026-01-07T08:23:30","modified_gmt":"2026-01-07T08:23:30","slug":"preklopna-sahovska-garnitura-royal-30","status":"publish","type":"product","link":"https:\/\/chessgamesemporium.com\/fr\/shop\/sahovski-kompleti\/zlozljive-garniture\/preklopna-sahovska-garnitura-royal-30\/","title":{"rendered":"Jeu d'\u00e9checs pliable en bois ROYAL 30"},"content":{"rendered":"<p>Pi\u00e8ces d'\u00e9checs<br \/>\nPi\u00e8ces d'\u00e9checs en bois de qualit\u00e9, base feutr\u00e9e, rev\u00eatues<br \/>\nMat\u00e9riau : charme, sycomore<\/p>\n<p class=\"translation-block\">Dimensions : (hauteur | diam\u00e8tre de la base) <br>\nRoi : 6,7 cm | 2,5 cm <br>\nReine : 5,0 cm | 2,5 cm <br>\nTour : 4,0 cm | 2,5 cm <br>\nFou : 4,0 cm | 2,5 cm <br>\nCavalier : 4,2 cm | 2,5 cm <br>\nPion : 3,2 cm | 2,2 cm<\/p>\n<p>\u00c9chiquier :<br \/>\nL'\u00e9chiquier pliable comporte deux compartiments doubl\u00e9s de feutre pour ranger les pi\u00e8ces.<br \/>\nDimensions des cases : 3,2 x 3,2 cm<br \/>\nDimensions de l'\u00e9chiquier (ferm\u00e9) : 30 x 15 x 4 cm<\/p>\n<p>Attention ! Ne convient pas aux enfants de moins de 3 ans en raison des petites pi\u00e8ces ! Risque d'\u00e9touffement.<\/p>","protected":false},"excerpt":{"rendered":"<p>\u0160ahovske figure Kvalitetne podlo\u017eene, lakirane lesene figure. Material: gaber, platana Dimenzije: (vi\u0161ina figure | premer podlage) Kralj: 6,7 cm | 2,5 cm Dama: 5,0 cm | 2,5 cm Top: 4,0 cm | 2,5 cm Lovec: 4,0 cm | 2,5 cm Skaka\u010d: 4,2 cm | 2,5 cm Kmet: 3,2 cm | 2,2 cm \u0160ahovnica Lepa preklopna [&hellip;]<\/p>","protected":false},"featured_media":48070,"comment_status":"closed","ping_status":"closed","template":"","meta":{"_seopress_robots_primary_cat":"none","_seopress_titles_title":"","_seopress_titles_desc":"","_seopress_robots_index":""},"product_brand":[],"product_cat":[510,518],"product_tag":[],"class_list":{"0":"post-48058","1":"product","2":"type-product","3":"status-publish","4":"has-post-thumbnail","6":"product_cat-sahovski-kompleti","7":"product_cat-zlozljive-garniture","8":"wcpa_has_options","10":"entry","11":"has-media","13":"first","14":"instock","15":"taxable","16":"shipping-taxable","17":"purchasable","18":"product-type-simple","19":"has-product-nav","20":"col","21":"span_1_of_4","22":"owp-content-center","23":"item-entry","24":"owp-thumbs-layout-horizontal","25":"owp-btn-normal","26":"owp-tabs-layout-section"},"wcpa_form_fields":{"rules":{"pric_overide_base_price":false,"pric_overide_base_price_if_gt_zero":false,"pric_overide_base_price_fully":false,"pric_cal_option_once":false,"pric_use_as_fee":false,"bind_quantity":false,"quantity_bind_formula":false},"fields":[{"type":"text","elementId":"wcpa-text-1666713333654","label":"Gravura ( opcijsko )","description":"Vpi\u0161ite \u017eeljeni tekst za graviranje (npr. Vse najbolj\u0161e, IME, datum ipd.)","desc_type":true,"enablePrice":true,"pricingType":"fixed","price":"7","name":"text-1666713333654","fee_label":"Za naro\u010dnike izven eu, bo davek od\u0161tet na blagajni.","subtype":"text","maxlength":"16","cl_rule":"show","col":6,"relations":false,"form_id":46231,"form_rules":{"pric_cal_option_once":false,"exclude_from_discount":false,"pric_use_as_fee":false,"fee_label":"Fee","render_after_acb":false,"disp_hide_options_price":false}}]},"_links":{"self":[{"href":"https:\/\/chessgamesemporium.com\/fr\/wp-json\/wp\/v2\/product\/48058","targetHints":{"allow":["GET"]}}],"collection":[{"href":"https:\/\/chessgamesemporium.com\/fr\/wp-json\/wp\/v2\/product"}],"about":[{"href":"https:\/\/chessgamesemporium.com\/fr\/wp-json\/wp\/v2\/types\/product"}],"replies":[{"embeddable":true,"href":"https:\/\/chessgamesemporium.com\/fr\/wp-json\/wp\/v2\/comments?post=48058"}],"version-history":[{"count":0,"href":"https:\/\/chessgamesemporium.com\/fr\/wp-json\/wp\/v2\/product\/48058\/revisions"}],"wp:featuredmedia":[{"embeddable":true,"href":"https:\/\/chessgamesemporium.com\/fr\/wp-json\/wp\/v2\/media\/48070"}],"wp:attachment":[{"href":"https:\/\/chessgamesemporium.com\/fr\/wp-json\/wp\/v2\/media?parent=48058"}],"wp:term":[{"taxonomy":"product_brand","embeddable":true,"href":"https:\/\/chessgamesemporium.com\/fr\/wp-json\/wp\/v2\/product_brand?post=48058"},{"taxonomy":"product_cat","embeddable":true,"href":"https:\/\/chessgamesemporium.com\/fr\/wp-json\/wp\/v2\/product_cat?post=48058"},{"taxonomy":"product_tag","embeddable":true,"href":"https:\/\/chessgamesemporium.com\/fr\/wp-json\/wp\/v2\/product_tag?post=48058"}],"curies":[{"name":"wp","href":"https:\/\/api.w.org\/{rel}","templated":true}]}}