{"id":48105,"date":"2023-03-13T13:58:08","date_gmt":"2023-03-13T13:58:08","guid":{"rendered":"https:\/\/www.ivh44.si\/Ponudbe\/chess\/?post_type=product&#038;p=48105"},"modified":"2024-02-15T08:49:31","modified_gmt":"2024-02-15T08:49:31","slug":"sahovski-komplet-bonn","status":"publish","type":"product","link":"https:\/\/chessgamesemporium.com\/fr\/shop\/sahovski-kompleti\/sestavljeni-kompleti\/sahovski-komplet-bonn\/","title":{"rendered":"Jeu d'\u00e9checs BONN"},"content":{"rendered":"<p>PI\u00c8CES D'\u00c9CHECS AMERICAN STAUNTON<\/p>\n<p>Un magnifique jeu d'\u00e9checs, avec un cavalier finement d\u00e9taill\u00e9.<br \/>\nCouleur : marron \/ naturel,<br \/>\nPoli, feutr\u00e9 et lest\u00e9<br \/>\nMat\u00e9riaux : palissandre\/buis<\/p>\n<p>Dimensions : (hauteur | largeur de la base)<br \/>\nRoi : 9,8 cm | 3,7 cm<br \/>\nReine : 8,3 cm | 3,7 cm<br \/>\nTour : 5,3 cm | 3,2 cm<br \/>\nFou : 7,3 cm | 3,2 cm<br \/>\nCavalier : 7,0 cm | 3,2 cm<br \/>\nPion : 4,7 cm | 2,8 cm<\/p>\n<p>LESENA \u0160AHOVNICA BONN<br \/>\nZ notacijo, intarzija<\/p>\n<p>Dimensions des cases : 55 \u00d7 55 mm<br \/>\nDimensions de l'\u00e9chiquier : 55 \u00d7 55 cm<br \/>\n\u00c9paisseur de l'\u00e9chiquier : 1,3 cm<\/p>\n<p>Cet \u00e9chiquier plaqu\u00e9 de 55 x 55 cm est fabriqu\u00e9 en bois d\u2019\u00e9rable. Ses cases de 55 x 55 mm lui conf\u00e8rent une grande finesse et il est id\u00e9al pour les pi\u00e8ces dont le roi mesure entre 95 et 98 mm de hauteur.<\/p>\n<p>Attention ! Ne convient pas aux enfants de moins de 3 ans en raison des petites pi\u00e8ces ! Risque d'\u00e9touffement.<\/p>","protected":false},"excerpt":{"rendered":"<p>AMERI\u0160KI STAUNTON FIGURE Lepo oblikovane \u0161ahovske figure z dodatno oblikovanim skaka\u010dem. Barva: rjava\/naravna Polirane, podlo\u017eene, obte\u017eene in polnjene Material: Palisander\/pu\u0161pan Dimenzije: (vi\u0161ina | premer podlage) Kralj: 9,8 cm | 3,7 cm Dama: 8,3 cm | 3,7 cm Top: 5,3 cm | 3,2 cm Lovec: 7,3 cm | 3,2 cm Skaka\u010d: 7,0 cm | 3,2 cm [&hellip;]<\/p>","protected":false},"featured_media":48290,"comment_status":"closed","ping_status":"closed","template":"","meta":{"_seopress_robots_primary_cat":"none","_seopress_titles_title":"","_seopress_titles_desc":"","_seopress_robots_index":""},"product_brand":[],"product_cat":[510,581],"product_tag":[],"class_list":{"0":"post-48105","1":"product","2":"type-product","3":"status-publish","4":"has-post-thumbnail","6":"product_cat-sahovski-kompleti","7":"product_cat-sestavljeni-kompleti","8":"wcpa_has_options","10":"entry","11":"has-media","13":"first","14":"instock","15":"taxable","16":"shipping-taxable","17":"purchasable","18":"product-type-variable","19":"has-product-nav","20":"col","21":"span_1_of_4","22":"owp-content-center","23":"item-entry","24":"owp-thumbs-layout-horizontal","25":"owp-btn-normal","26":"owp-tabs-layout-section"},"wcpa_form_fields":{"rules":{"pric_overide_base_price":false,"pric_overide_base_price_if_gt_zero":false,"pric_overide_base_price_fully":false,"pric_cal_option_once":false,"pric_use_as_fee":false,"bind_quantity":false,"quantity_bind_formula":false},"fields":[{"type":"text","elementId":"wcpa-text-1666713333654","label":"Gravura ( opcijsko )","description":"Vpi\u0161ite \u017eeljeni tekst za graviranje (npr. Vse najbolj\u0161e, IME, datum ipd.)","desc_type":true,"enablePrice":true,"pricingType":"fixed","price":"7","name":"text-1666713333654","fee_label":"Za naro\u010dnike izven eu, bo davek od\u0161tet na blagajni.","subtype":"text","maxlength":"16","cl_rule":"show","col":6,"relations":false,"form_id":46231,"form_rules":{"pric_cal_option_once":false,"exclude_from_discount":false,"pric_use_as_fee":false,"fee_label":"Fee","render_after_acb":false,"disp_hide_options_price":false}}]},"_links":{"self":[{"href":"https:\/\/chessgamesemporium.com\/fr\/wp-json\/wp\/v2\/product\/48105","targetHints":{"allow":["GET"]}}],"collection":[{"href":"https:\/\/chessgamesemporium.com\/fr\/wp-json\/wp\/v2\/product"}],"about":[{"href":"https:\/\/chessgamesemporium.com\/fr\/wp-json\/wp\/v2\/types\/product"}],"replies":[{"embeddable":true,"href":"https:\/\/chessgamesemporium.com\/fr\/wp-json\/wp\/v2\/comments?post=48105"}],"version-history":[{"count":0,"href":"https:\/\/chessgamesemporium.com\/fr\/wp-json\/wp\/v2\/product\/48105\/revisions"}],"wp:featuredmedia":[{"embeddable":true,"href":"https:\/\/chessgamesemporium.com\/fr\/wp-json\/wp\/v2\/media\/48290"}],"wp:attachment":[{"href":"https:\/\/chessgamesemporium.com\/fr\/wp-json\/wp\/v2\/media?parent=48105"}],"wp:term":[{"taxonomy":"product_brand","embeddable":true,"href":"https:\/\/chessgamesemporium.com\/fr\/wp-json\/wp\/v2\/product_brand?post=48105"},{"taxonomy":"product_cat","embeddable":true,"href":"https:\/\/chessgamesemporium.com\/fr\/wp-json\/wp\/v2\/product_cat?post=48105"},{"taxonomy":"product_tag","embeddable":true,"href":"https:\/\/chessgamesemporium.com\/fr\/wp-json\/wp\/v2\/product_tag?post=48105"}],"curies":[{"name":"wp","href":"https:\/\/api.w.org\/{rel}","templated":true}]}}