{"id":48326,"date":"2023-04-05T12:28:53","date_gmt":"2023-04-05T12:28:53","guid":{"rendered":"https:\/\/www.ivh44.si\/Ponudbe\/chess\/?post_type=product&#038;p=48326"},"modified":"2025-03-11T11:05:20","modified_gmt":"2025-03-11T11:05:20","slug":"sahovski-komplet-zagreb-5p","status":"publish","type":"product","link":"https:\/\/chessgamesemporium.com\/fr\/shop\/sahovski-kompleti\/sestavljeni-kompleti\/sahovski-komplet-zagreb-5p\/","title":{"rendered":"Jeu d'\u00e9checs ZAGREB 5P"},"content":{"rendered":"<p>Pi\u00e8ces d'\u00e9checs<\/p>\n<p>Pi\u00e8ces d'\u00e9checs en plastique de qualit\u00e9 - Design Dubrovnik Zagreb<\/p>\n<p>Lest\u00e9es et recouvertes de feutre<\/p>\n<p>Ces pi\u00e8ces d'\u00e9checs ont une riche histoire qui remonte \u00e0 l'Olympiade d'\u00e9checs de 1950 \u00e0 Dubrovnik. L'une des caract\u00e9ristiques principales de ces pi\u00e8ces d'\u00e9checs est l'absence d'iconographie religieuse. Bobby Fischer a d\u00e9clar\u00e9 \u00e0 plusieurs reprises que ces pi\u00e8ces d'\u00e9checs de Dubrovnik \u00e9taient ses pr\u00e9f\u00e9r\u00e9es.<\/p>\n<p>Dimensions : (hauteur | largeur de la base)<br \/>\nRoi : 8,2 cm | 3,6 cm<br \/>\nReine : 7,7 cm | 3,6 cm<br \/>\nTour : 5,1 cm | 3,4 cm<br \/>\nFou : 7,1 cm | 3,4 cm<br \/>\nCavalier : 6,1 cm | 3,4 cm<br \/>\nPion : 4,7 cm | 3,2 cm<\/p>\n<p>\u00c9chiquier Tournament 5P<\/p>\n<p>Mat\u00e9riau : bois recouvert de polyester.<\/p>\n<p>Dimensions des cases : 54 \u00d7 54 mm<br \/>\nDimensions de l'\u00e9chiquier : 50 x 50 cm<br \/>\n\u00c9paisseur de l'\u00e9chiquier : 1,5 cm<\/p>\n<p>Attention ! Ne convient pas aux enfants de moins de 3 ans en raison des petites pi\u00e8ces ! Risque d'\u00e9touffement.<\/p>","protected":false},"excerpt":{"rendered":"<p>\u0160ahovske figure: Visokokvalitetne plasti\u010dne \u0161ahovske figure Dubrovnik Zagreb. Obte\u017eene in podlo\u017eene. Te figure imajo bogato zgodovino, ki sega v leto 1950, ko je bila v Dubrovniku \u0161ahovska olimpijada. Glavna zna\u010dilnost teh figur je, da so bile oblikovane brez verskih simbolov. Bobby Fischer je ve\u010dkrat poudaril, da so Dubrovnik figure njegove najljub\u0161e. Dimenzije: (vi\u0161ina | premer [&hellip;]<\/p>","protected":false},"featured_media":48356,"comment_status":"closed","ping_status":"closed","template":"","meta":{"_seopress_robots_primary_cat":"none","_seopress_titles_title":"","_seopress_titles_desc":"","_seopress_robots_index":""},"product_brand":[],"product_cat":[581,510],"product_tag":[],"class_list":{"0":"post-48326","1":"product","2":"type-product","3":"status-publish","4":"has-post-thumbnail","6":"product_cat-sestavljeni-kompleti","7":"product_cat-sahovski-kompleti","8":"wcpa_has_options","10":"entry","11":"has-media","13":"first","14":"instock","15":"taxable","16":"shipping-taxable","17":"purchasable","18":"product-type-variable","19":"has-product-nav","20":"col","21":"span_1_of_4","22":"owp-content-center","23":"item-entry","24":"owp-thumbs-layout-horizontal","25":"owp-btn-normal","26":"owp-tabs-layout-section"},"wcpa_form_fields":{"rules":{"pric_overide_base_price":false,"pric_overide_base_price_if_gt_zero":false,"pric_overide_base_price_fully":false,"pric_cal_option_once":false,"pric_use_as_fee":false,"bind_quantity":false,"quantity_bind_formula":false},"fields":[{"type":"text","elementId":"wcpa-text-1666713333654","label":"Gravura ( opcijsko )","description":"Vpi\u0161ite \u017eeljeni tekst za graviranje (npr. Vse najbolj\u0161e, IME, datum ipd.)","desc_type":true,"enablePrice":true,"pricingType":"fixed","price":"7","name":"text-1666713333654","fee_label":"Za naro\u010dnike izven eu, bo davek od\u0161tet na blagajni.","subtype":"text","maxlength":"16","cl_rule":"show","col":6,"relations":false,"form_id":46231,"form_rules":{"pric_cal_option_once":false,"exclude_from_discount":false,"pric_use_as_fee":false,"fee_label":"Fee","render_after_acb":false,"disp_hide_options_price":false}}]},"_links":{"self":[{"href":"https:\/\/chessgamesemporium.com\/fr\/wp-json\/wp\/v2\/product\/48326","targetHints":{"allow":["GET"]}}],"collection":[{"href":"https:\/\/chessgamesemporium.com\/fr\/wp-json\/wp\/v2\/product"}],"about":[{"href":"https:\/\/chessgamesemporium.com\/fr\/wp-json\/wp\/v2\/types\/product"}],"replies":[{"embeddable":true,"href":"https:\/\/chessgamesemporium.com\/fr\/wp-json\/wp\/v2\/comments?post=48326"}],"version-history":[{"count":0,"href":"https:\/\/chessgamesemporium.com\/fr\/wp-json\/wp\/v2\/product\/48326\/revisions"}],"wp:featuredmedia":[{"embeddable":true,"href":"https:\/\/chessgamesemporium.com\/fr\/wp-json\/wp\/v2\/media\/48356"}],"wp:attachment":[{"href":"https:\/\/chessgamesemporium.com\/fr\/wp-json\/wp\/v2\/media?parent=48326"}],"wp:term":[{"taxonomy":"product_brand","embeddable":true,"href":"https:\/\/chessgamesemporium.com\/fr\/wp-json\/wp\/v2\/product_brand?post=48326"},{"taxonomy":"product_cat","embeddable":true,"href":"https:\/\/chessgamesemporium.com\/fr\/wp-json\/wp\/v2\/product_cat?post=48326"},{"taxonomy":"product_tag","embeddable":true,"href":"https:\/\/chessgamesemporium.com\/fr\/wp-json\/wp\/v2\/product_tag?post=48326"}],"curies":[{"name":"wp","href":"https:\/\/api.w.org\/{rel}","templated":true}]}}