{"id":48437,"date":"2023-04-07T11:39:22","date_gmt":"2023-04-07T11:39:22","guid":{"rendered":"https:\/\/www.ivh44.si\/Ponudbe\/chess\/?post_type=product&#038;p=48437"},"modified":"2024-02-19T10:40:15","modified_gmt":"2024-02-19T10:40:15","slug":"sahovski-komplet-embassy-oak-burl","status":"publish","type":"product","link":"https:\/\/chessgamesemporium.com\/fr\/shop\/sahovski-kompleti\/sestavljeni-kompleti\/sahovski-komplet-embassy-oak-burl\/","title":{"rendered":"Jeu d'\u00e9checs EMBASSY OAK BURL"},"content":{"rendered":"<p>Pi\u00e8ces d'\u00e9checs :<br \/>\nEn bois, feutr\u00e9es, vernies, design br\u00fbl\u00e9<\/p>\n<p>Dimensions : (hauteur | largeur de la base)<br \/>\nRoi : 10,8 cm | 3,8 cm<br \/>\nReine : 9,1 cm | 3,8 cm<br \/>\nTour : 6,2 cm | 3,8 cm<br \/>\nFou : 7,2 cm | 3,8 cm<br \/>\nCavalier : 7,1 cm | 3,8 cm<br \/>\nPion : 5,1 cm | 3,1 cm<\/p>\n<p>\u00c9chiquier :<\/p>\n<p>Un \u00e9chiquier artisanal en noyer et ch\u00eane.<\/p>\n<p>Dimensions : 50 x 50 x 1,5 cm<br \/>\nDimensions des cases : 50 \u00d7 50 mm<br \/>\nCet \u00e9chiquier raffin\u00e9 est fabriqu\u00e9 \u00e0 partir de placage de noyer et de ch\u00eane s\u00e9lectionn\u00e9s avec soin.<br \/>\nSon design \u00e9l\u00e9gant en fait un cadeau id\u00e9al.<\/p>\n<p>Attention ! Ne convient pas aux enfants de moins de 3 ans en raison des petites pi\u00e8ces ! Risque d'\u00e9touffement.<\/p>","protected":false},"excerpt":{"rendered":"<p>Figure: Lesene, podlo\u017eene, lakirane, v\u017egan dizajn Dimenzije: (vi\u0161ina | premer podlage) Kralj: 10,8 cm | 3,8 cm Dama: 9,1 cm | 3,8 cm Top: 6,2 cm | 3,8 cm Lovec: 7,2 cm | 3,8 cm Skaka\u010d: 7,1 cm | 3,8 cm Kmet: 5,1 cm | 3,1 cm \u0160ahovnica: Ro\u010dno narejena \u0161ahovnica iz oreha in hrasta [&hellip;]<\/p>","protected":false},"featured_media":48447,"comment_status":"closed","ping_status":"closed","template":"","meta":{"_seopress_robots_primary_cat":"none","_seopress_titles_title":"","_seopress_titles_desc":"","_seopress_robots_index":""},"product_brand":[],"product_cat":[510,581],"product_tag":[],"class_list":{"0":"post-48437","1":"product","2":"type-product","3":"status-publish","4":"has-post-thumbnail","6":"product_cat-sahovski-kompleti","7":"product_cat-sestavljeni-kompleti","8":"wcpa_has_options","10":"entry","11":"has-media","13":"first","14":"instock","15":"taxable","16":"shipping-taxable","17":"purchasable","18":"product-type-simple","19":"has-product-nav","20":"col","21":"span_1_of_4","22":"owp-content-center","23":"item-entry","24":"owp-thumbs-layout-horizontal","25":"owp-btn-normal","26":"owp-tabs-layout-section"},"wcpa_form_fields":{"rules":{"pric_overide_base_price":false,"pric_overide_base_price_if_gt_zero":false,"pric_overide_base_price_fully":false,"pric_cal_option_once":false,"pric_use_as_fee":false,"bind_quantity":false,"quantity_bind_formula":false},"fields":[{"type":"text","elementId":"wcpa-text-1666713333654","label":"Gravura ( opcijsko )","description":"Vpi\u0161ite \u017eeljeni tekst za graviranje (npr. Vse najbolj\u0161e, IME, datum ipd.)","desc_type":true,"enablePrice":true,"pricingType":"fixed","price":"7","name":"text-1666713333654","fee_label":"Za naro\u010dnike izven eu, bo davek od\u0161tet na blagajni.","subtype":"text","maxlength":"16","cl_rule":"show","col":6,"relations":false,"form_id":46231,"form_rules":{"pric_cal_option_once":false,"exclude_from_discount":false,"pric_use_as_fee":false,"fee_label":"Fee","render_after_acb":false,"disp_hide_options_price":false}}]},"_links":{"self":[{"href":"https:\/\/chessgamesemporium.com\/fr\/wp-json\/wp\/v2\/product\/48437","targetHints":{"allow":["GET"]}}],"collection":[{"href":"https:\/\/chessgamesemporium.com\/fr\/wp-json\/wp\/v2\/product"}],"about":[{"href":"https:\/\/chessgamesemporium.com\/fr\/wp-json\/wp\/v2\/types\/product"}],"replies":[{"embeddable":true,"href":"https:\/\/chessgamesemporium.com\/fr\/wp-json\/wp\/v2\/comments?post=48437"}],"version-history":[{"count":0,"href":"https:\/\/chessgamesemporium.com\/fr\/wp-json\/wp\/v2\/product\/48437\/revisions"}],"wp:featuredmedia":[{"embeddable":true,"href":"https:\/\/chessgamesemporium.com\/fr\/wp-json\/wp\/v2\/media\/48447"}],"wp:attachment":[{"href":"https:\/\/chessgamesemporium.com\/fr\/wp-json\/wp\/v2\/media?parent=48437"}],"wp:term":[{"taxonomy":"product_brand","embeddable":true,"href":"https:\/\/chessgamesemporium.com\/fr\/wp-json\/wp\/v2\/product_brand?post=48437"},{"taxonomy":"product_cat","embeddable":true,"href":"https:\/\/chessgamesemporium.com\/fr\/wp-json\/wp\/v2\/product_cat?post=48437"},{"taxonomy":"product_tag","embeddable":true,"href":"https:\/\/chessgamesemporium.com\/fr\/wp-json\/wp\/v2\/product_tag?post=48437"}],"curies":[{"name":"wp","href":"https:\/\/api.w.org\/{rel}","templated":true}]}}