{"id":48525,"date":"2023-04-21T09:51:32","date_gmt":"2023-04-21T09:51:32","guid":{"rendered":"https:\/\/www.ivh44.si\/Ponudbe\/chess\/?post_type=product&#038;p=48525"},"modified":"2024-02-15T08:09:07","modified_gmt":"2024-02-15T08:09:07","slug":"sahovski-komplet-luzern","status":"publish","type":"product","link":"https:\/\/chessgamesemporium.com\/fr\/shop\/sahovski-kompleti\/sestavljeni-kompleti\/sahovski-komplet-luzern\/","title":{"rendered":"Jeu d'\u00e9checs LUZERN"},"content":{"rendered":"<p>Pi\u00e8ces d'\u00e9checs en bois GEN\u00c8VE<br \/>\nLest\u00e9es, feutr\u00e9es, vernies<\/p>\n<p>Style unique pour tournois et parties amicales.<br \/>\nMat\u00e9riaux : Bois de sheesham et buis teint\u00e9 noir.<\/p>\n<p>Dimensions : (hauteur | largeur de la base)<br \/>\nRoi : 9,3 cm | 3,3 cm<br \/>\nReine : 9,0 cm | 3,1 cm<br \/>\nTour : 5,5 cm | 3,1 cm<br \/>\nFou : 7,1 cm | 3,1 cm<br \/>\nCavalier : 6,9 cm | 3,0 cm<br \/>\nPion : 5,0 cm | 2,8 cm<\/p>\n<p>\u00c9chiquier en bois STANDARD 58 mm<br \/>\nIncrust\u00e9, avec notation, base feutr\u00e9e<\/p>\n<p>Dimensions des cases : 58 mm<br \/>\nDimensions de l'\u00e9chiquier : 54 \u00d7 54 cm<br \/>\n\u00c9paisseur de l'\u00e9chiquier : 1,4 cm<\/p>\n<p>Cet \u00e9chiquier plaqu\u00e9 de 54 x 54 cm est fabriqu\u00e9 en \u00e9rable et acajou. Ses cases de 58 x 58 mm le rendent id\u00e9al pour les pi\u00e8ces d'\u00e9checs de grande taille, avec un roi mesurant entre 95 et 98 mm de hauteur. La notation est alphanum\u00e9rique.<\/p>\n<p>Attention ! Ne convient pas aux enfants de moins de 3 ans en raison des petites pi\u00e8ces ! Risque d'\u00e9touffement.<\/p>","protected":false},"excerpt":{"rendered":"<p>Lesene \u0160ahovske figure \u017dENEVA Obte\u017eene, podlo\u017eene, lakirane Unikaten dizajn. Material: Palisander, pu\u0161pan &#8211; \u010drno pobarvane. Dimenzije: (vi\u0161ina figure | premer podlage): Kralj: 9,3 cm | 3,3 cm Dama: 9,0 cm | 3,1 cm Top: 5,5 cm | 3,1 cm Lovec: 7,1 cm | 3,1 cm Skaka\u010d: 6,9 cm | 3,0 cm Kmet: 5,0 cm | [&hellip;]<\/p>","protected":false},"featured_media":48539,"comment_status":"closed","ping_status":"closed","template":"","meta":{"_seopress_robots_primary_cat":"none","_seopress_titles_title":"","_seopress_titles_desc":"","_seopress_robots_index":""},"product_brand":[],"product_cat":[581,510],"product_tag":[],"class_list":{"0":"post-48525","1":"product","2":"type-product","3":"status-publish","4":"has-post-thumbnail","6":"product_cat-sestavljeni-kompleti","7":"product_cat-sahovski-kompleti","8":"wcpa_has_options","10":"entry","11":"has-media","13":"first","14":"instock","15":"taxable","16":"shipping-taxable","17":"purchasable","18":"product-type-simple","19":"has-product-nav","20":"col","21":"span_1_of_4","22":"owp-content-center","23":"item-entry","24":"owp-thumbs-layout-horizontal","25":"owp-btn-normal","26":"owp-tabs-layout-section"},"wcpa_form_fields":{"rules":{"pric_overide_base_price":false,"pric_overide_base_price_if_gt_zero":false,"pric_overide_base_price_fully":false,"pric_cal_option_once":false,"pric_use_as_fee":false,"bind_quantity":false,"quantity_bind_formula":false},"fields":[{"type":"text","elementId":"wcpa-text-1666713333654","label":"Gravura ( opcijsko )","description":"Vpi\u0161ite \u017eeljeni tekst za graviranje (npr. Vse najbolj\u0161e, IME, datum ipd.)","desc_type":true,"enablePrice":true,"pricingType":"fixed","price":"7","name":"text-1666713333654","fee_label":"Za naro\u010dnike izven eu, bo davek od\u0161tet na blagajni.","subtype":"text","maxlength":"16","cl_rule":"show","col":6,"relations":false,"form_id":46231,"form_rules":{"pric_cal_option_once":false,"exclude_from_discount":false,"pric_use_as_fee":false,"fee_label":"Fee","render_after_acb":false,"disp_hide_options_price":false}}]},"_links":{"self":[{"href":"https:\/\/chessgamesemporium.com\/fr\/wp-json\/wp\/v2\/product\/48525","targetHints":{"allow":["GET"]}}],"collection":[{"href":"https:\/\/chessgamesemporium.com\/fr\/wp-json\/wp\/v2\/product"}],"about":[{"href":"https:\/\/chessgamesemporium.com\/fr\/wp-json\/wp\/v2\/types\/product"}],"replies":[{"embeddable":true,"href":"https:\/\/chessgamesemporium.com\/fr\/wp-json\/wp\/v2\/comments?post=48525"}],"version-history":[{"count":0,"href":"https:\/\/chessgamesemporium.com\/fr\/wp-json\/wp\/v2\/product\/48525\/revisions"}],"wp:featuredmedia":[{"embeddable":true,"href":"https:\/\/chessgamesemporium.com\/fr\/wp-json\/wp\/v2\/media\/48539"}],"wp:attachment":[{"href":"https:\/\/chessgamesemporium.com\/fr\/wp-json\/wp\/v2\/media?parent=48525"}],"wp:term":[{"taxonomy":"product_brand","embeddable":true,"href":"https:\/\/chessgamesemporium.com\/fr\/wp-json\/wp\/v2\/product_brand?post=48525"},{"taxonomy":"product_cat","embeddable":true,"href":"https:\/\/chessgamesemporium.com\/fr\/wp-json\/wp\/v2\/product_cat?post=48525"},{"taxonomy":"product_tag","embeddable":true,"href":"https:\/\/chessgamesemporium.com\/fr\/wp-json\/wp\/v2\/product_tag?post=48525"}],"curies":[{"name":"wp","href":"https:\/\/api.w.org\/{rel}","templated":true}]}}