{"id":48551,"date":"2023-04-24T12:10:49","date_gmt":"2023-04-24T12:10:49","guid":{"rendered":"https:\/\/www.ivh44.si\/Ponudbe\/chess\/?post_type=product&#038;p=48551"},"modified":"2025-03-11T11:06:19","modified_gmt":"2025-03-11T11:06:19","slug":"sahovski-komplet-tournament-5p","status":"publish","type":"product","link":"https:\/\/chessgamesemporium.com\/fr\/shop\/sahovski-kompleti\/sestavljeni-kompleti\/sahovski-komplet-tournament-5p\/","title":{"rendered":"Jeu d'\u00e9checs TOURNAMENT 5P"},"content":{"rendered":"<p>Bien s\u00fbr ! Le jeu d'\u00e9checs Tournament 5P disponible sur Chess Games Emporium est un jeu d'\u00e9checs de haute qualit\u00e9 et au design \u00e9l\u00e9gant, id\u00e9al pour les joueurs s\u00e9rieux et les passionn\u00e9s. Ce jeu pr\u00eat pour les tournois comprend un \u00e9chiquier robuste et des pi\u00e8ces en bois durables, offrant aux joueurs une exp\u00e9rience de jeu de niveau professionnel. Que ce soit pour des parties occasionnelles ou des tournois comp\u00e9titifs, ce jeu d'\u00e9checs impressionnera \u00e0 coup s\u00fbr par son esth\u00e9tique classique et sa fonctionnalit\u00e9.<\/p>\n<p>Pi\u00e8ces d'\u00e9checs en bois Tournament STAUNTON<br \/>\nLest\u00e9es, recouvertes de feutre<\/p>\n<p>Mat\u00e9riau : charme<\/p>\n<p>Dimensions : (hauteur | largeur de la base)<br \/>\nRoi : 9,8 cm \/ 3,6 cm<br \/>\nReine : 8,3 cm \/ 3,6 cm<br \/>\nTour : 5,3 cm \/ 3,2 cm<br \/>\nFou : 6,8 cm \/ 3,2 cm<br \/>\nCavalier : 6,4 cm \/ 3,2 cm<br \/>\nPion : 4,5 cm \/ 2,6 cm<\/p>\n<p>\u00c9chiquier Tournament 5P<br \/>\nAvec notation<\/p>\n<p>Mat\u00e9riau : bois recouvert de polyester.<\/p>\n<p>Dimensions des cases : 54 \u00d7 54 mm<br \/>\nDimensions de l'\u00e9chiquier : 50 x 50 cm<br \/>\n\u00c9paisseur de l'\u00e9chiquier : 1,5 cm<\/p>\n<p>Les cases de 54 mm de cet \u00e9chiquier sont id\u00e9ales pour les pi\u00e8ces d'\u00e9checs dont la hauteur du roi est comprise entre 95 et 98 mm.<\/p>\n<p>Attention ! Ne convient pas aux enfants de moins de 3 ans en raison des petites pi\u00e8ces ! Risque d'\u00e9touffement.<\/p>","protected":false},"excerpt":{"rendered":"<p>Vsekakor! \u0160ahovski komplet Tournament 5P je visokokakovosten in elegantno oblikovan \u0161ahovski komplet, idealen za resne igralce in navdu\u0161ence. Ta komplet, primeren za turnir, vklju\u010duje trdno desko in vzdr\u017eljive lesene figure, ki igralcem zagotavljajo profesionalno izku\u0161njo igranja. Ne glede na to, ali gre za prilo\u017enostne igre ali tekmovalne turnirje, bo ta \u0161ahovski komplet zagotovo navdu\u0161il s [&hellip;]<\/p>","protected":false},"featured_media":48567,"comment_status":"closed","ping_status":"closed","template":"","meta":{"_seopress_robots_primary_cat":"none","_seopress_titles_title":"","_seopress_titles_desc":"","_seopress_robots_index":""},"product_brand":[],"product_cat":[581,510],"product_tag":[],"class_list":{"0":"post-48551","1":"product","2":"type-product","3":"status-publish","4":"has-post-thumbnail","6":"product_cat-sestavljeni-kompleti","7":"product_cat-sahovski-kompleti","8":"wcpa_has_options","10":"entry","11":"has-media","13":"first","14":"instock","15":"taxable","16":"shipping-taxable","17":"purchasable","18":"product-type-variable","19":"has-product-nav","20":"col","21":"span_1_of_4","22":"owp-content-center","23":"item-entry","24":"owp-thumbs-layout-horizontal","25":"owp-btn-normal","26":"owp-tabs-layout-section"},"wcpa_form_fields":{"rules":{"pric_overide_base_price":false,"pric_overide_base_price_if_gt_zero":false,"pric_overide_base_price_fully":false,"pric_cal_option_once":false,"pric_use_as_fee":false,"bind_quantity":false,"quantity_bind_formula":false},"fields":[{"type":"text","elementId":"wcpa-text-1666713333654","label":"Gravura ( opcijsko )","description":"Vpi\u0161ite \u017eeljeni tekst za graviranje (npr. Vse najbolj\u0161e, IME, datum ipd.)","desc_type":true,"enablePrice":true,"pricingType":"fixed","price":"7","name":"text-1666713333654","fee_label":"Za naro\u010dnike izven eu, bo davek od\u0161tet na blagajni.","subtype":"text","maxlength":"16","cl_rule":"show","col":6,"relations":false,"form_id":46231,"form_rules":{"pric_cal_option_once":false,"exclude_from_discount":false,"pric_use_as_fee":false,"fee_label":"Fee","render_after_acb":false,"disp_hide_options_price":false}}]},"_links":{"self":[{"href":"https:\/\/chessgamesemporium.com\/fr\/wp-json\/wp\/v2\/product\/48551","targetHints":{"allow":["GET"]}}],"collection":[{"href":"https:\/\/chessgamesemporium.com\/fr\/wp-json\/wp\/v2\/product"}],"about":[{"href":"https:\/\/chessgamesemporium.com\/fr\/wp-json\/wp\/v2\/types\/product"}],"replies":[{"embeddable":true,"href":"https:\/\/chessgamesemporium.com\/fr\/wp-json\/wp\/v2\/comments?post=48551"}],"version-history":[{"count":0,"href":"https:\/\/chessgamesemporium.com\/fr\/wp-json\/wp\/v2\/product\/48551\/revisions"}],"wp:featuredmedia":[{"embeddable":true,"href":"https:\/\/chessgamesemporium.com\/fr\/wp-json\/wp\/v2\/media\/48567"}],"wp:attachment":[{"href":"https:\/\/chessgamesemporium.com\/fr\/wp-json\/wp\/v2\/media?parent=48551"}],"wp:term":[{"taxonomy":"product_brand","embeddable":true,"href":"https:\/\/chessgamesemporium.com\/fr\/wp-json\/wp\/v2\/product_brand?post=48551"},{"taxonomy":"product_cat","embeddable":true,"href":"https:\/\/chessgamesemporium.com\/fr\/wp-json\/wp\/v2\/product_cat?post=48551"},{"taxonomy":"product_tag","embeddable":true,"href":"https:\/\/chessgamesemporium.com\/fr\/wp-json\/wp\/v2\/product_tag?post=48551"}],"curies":[{"name":"wp","href":"https:\/\/api.w.org\/{rel}","templated":true}]}}