{"id":48599,"date":"2023-04-25T11:08:59","date_gmt":"2023-04-25T11:08:59","guid":{"rendered":"https:\/\/www.ivh44.si\/Ponudbe\/chess\/?post_type=product&#038;p=48599"},"modified":"2024-02-20T12:08:45","modified_gmt":"2024-02-20T12:08:45","slug":"sahovski-komplet-varsava","status":"publish","type":"product","link":"https:\/\/chessgamesemporium.com\/fr\/shop\/sahovski-kompleti\/sestavljeni-kompleti\/sahovski-komplet-varsava\/","title":{"rendered":"Jeu d'\u00e9checs de Varsovie"},"content":{"rendered":"<p>Le jeu d'\u00e9checs Varsovie est un jeu d'\u00e9checs au design \u00e9l\u00e9gant, id\u00e9al pour les d\u00e9butants comme pour les joueurs confirm\u00e9s. Fabriqu\u00e9 avec des mat\u00e9riaux de haute qualit\u00e9, il comprend des pi\u00e8ces raffin\u00e9es et un \u00e9chiquier robuste, ce qui en fait une pi\u00e8ce intemporelle et \u00e9l\u00e9gante pour toute collection. Avec son design classique et sa fabrication soign\u00e9e, le jeu d'\u00e9checs Varsovie enrichira votre exp\u00e9rience de jeu et apportera de la joie \u00e0 vos parties !<\/p>\n<p>Pi\u00e8ces d'\u00e9checs :<br \/>\nPi\u00e8ces d'\u00e9checs en bois de qualit\u00e9, base feutr\u00e9e, rev\u00eatues.<br \/>\nTaille tournoi.<br \/>\nMat\u00e9riau : charme.<\/p>\n<p>Ces pi\u00e8ces d'\u00e9checs sont id\u00e9ales pour nos \u00e9chiquiers n\u00b0 6 ou n\u00b0 5+, elles tiennent bien en main et glissent agr\u00e9ablement sur l'\u00e9chiquier.<\/p>\n<p>Dimensions : (hauteur | largeur de la base)<br \/>\nRoi : 9,2 cm | 3,2 cm<br \/>\nReine : 8,3 cm | 3,2 cm<br \/>\nTour : 5,3 cm | 2,8 cm<br \/>\nFou : 6,7 cm | 2,9 cm<br \/>\nCavalier: 5,9 cm | 2,8 cm<br \/>\nPion : 4,5 cm | 2,4 cm<\/p>\n<p>\u00c9chiquier :<br \/>\n\u00c9chiquier en bois<\/p>\n<p>Dimensions des cases : 50 x 50 mm<br \/>\nDimensions de l'\u00e9chiquier : 50 x 50 cm<br \/>\n\u00c9paisseur de l'\u00e9chiquier : 1,3 cm<\/p>\n<p>Cet \u00e9chiquier plaqu\u00e9 de 50 x 50 cm est fabriqu\u00e9 en \u00e9rable et en sycomore. Cet \u00e9l\u00e9gant \u00e9chiquier poss\u00e8de des cases de 50 x 50 mm et est id\u00e9al pour les pi\u00e8ces d'\u00e9checs dont le roi mesure entre 90 et 95 mm de hauteur.<\/p>\n<p>Attention ! Ne convient pas aux enfants de moins de 3 ans en raison des petites pi\u00e8ces ! Risque d'\u00e9touffement.<\/p>","protected":false},"excerpt":{"rendered":"<p>\u0160ahovski set Var\u0161ava je \u010dudovito oblikovan \u0161ahovski komplet, ki je popoln tako za za\u010detnike kot za izku\u0161ene igralce. Ta komplet, izdelan iz visokokakovostnih materialov, vklju\u010duje elegantno oblikovane \u0161ahovske figure in trdno \u0161ahovsko tablo, zaradi \u010desar je brez\u010dasen in prefinjen dodatek k vsaki \u0161ahovski zbirki. S klasi\u010dno zasnovo in vrhunsko izdelavo bo \u0161ahovski komplet Var\u0161ava zagotovo [&hellip;]<\/p>","protected":false},"featured_media":48606,"comment_status":"closed","ping_status":"closed","template":"","meta":{"_seopress_robots_primary_cat":"none","_seopress_titles_title":"","_seopress_titles_desc":"","_seopress_robots_index":""},"product_brand":[],"product_cat":[581,510],"product_tag":[],"class_list":{"0":"post-48599","1":"product","2":"type-product","3":"status-publish","4":"has-post-thumbnail","6":"product_cat-sestavljeni-kompleti","7":"product_cat-sahovski-kompleti","8":"wcpa_has_options","10":"entry","11":"has-media","13":"first","14":"instock","15":"taxable","16":"shipping-taxable","17":"purchasable","18":"product-type-simple","19":"has-product-nav","20":"col","21":"span_1_of_4","22":"owp-content-center","23":"item-entry","24":"owp-thumbs-layout-horizontal","25":"owp-btn-normal","26":"owp-tabs-layout-section"},"wcpa_form_fields":{"rules":{"pric_overide_base_price":false,"pric_overide_base_price_if_gt_zero":false,"pric_overide_base_price_fully":false,"pric_cal_option_once":false,"pric_use_as_fee":false,"bind_quantity":false,"quantity_bind_formula":false},"fields":[{"type":"text","elementId":"wcpa-text-1666713333654","label":"Gravura ( opcijsko )","description":"Vpi\u0161ite \u017eeljeni tekst za graviranje (npr. Vse najbolj\u0161e, IME, datum ipd.)","desc_type":true,"enablePrice":true,"pricingType":"fixed","price":"7","name":"text-1666713333654","fee_label":"Za naro\u010dnike izven eu, bo davek od\u0161tet na blagajni.","subtype":"text","maxlength":"16","cl_rule":"show","col":6,"relations":false,"form_id":46231,"form_rules":{"pric_cal_option_once":false,"exclude_from_discount":false,"pric_use_as_fee":false,"fee_label":"Fee","render_after_acb":false,"disp_hide_options_price":false}}]},"_links":{"self":[{"href":"https:\/\/chessgamesemporium.com\/fr\/wp-json\/wp\/v2\/product\/48599","targetHints":{"allow":["GET"]}}],"collection":[{"href":"https:\/\/chessgamesemporium.com\/fr\/wp-json\/wp\/v2\/product"}],"about":[{"href":"https:\/\/chessgamesemporium.com\/fr\/wp-json\/wp\/v2\/types\/product"}],"replies":[{"embeddable":true,"href":"https:\/\/chessgamesemporium.com\/fr\/wp-json\/wp\/v2\/comments?post=48599"}],"version-history":[{"count":0,"href":"https:\/\/chessgamesemporium.com\/fr\/wp-json\/wp\/v2\/product\/48599\/revisions"}],"wp:featuredmedia":[{"embeddable":true,"href":"https:\/\/chessgamesemporium.com\/fr\/wp-json\/wp\/v2\/media\/48606"}],"wp:attachment":[{"href":"https:\/\/chessgamesemporium.com\/fr\/wp-json\/wp\/v2\/media?parent=48599"}],"wp:term":[{"taxonomy":"product_brand","embeddable":true,"href":"https:\/\/chessgamesemporium.com\/fr\/wp-json\/wp\/v2\/product_brand?post=48599"},{"taxonomy":"product_cat","embeddable":true,"href":"https:\/\/chessgamesemporium.com\/fr\/wp-json\/wp\/v2\/product_cat?post=48599"},{"taxonomy":"product_tag","embeddable":true,"href":"https:\/\/chessgamesemporium.com\/fr\/wp-json\/wp\/v2\/product_tag?post=48599"}],"curies":[{"name":"wp","href":"https:\/\/api.w.org\/{rel}","templated":true}]}}