{"id":48600,"date":"2023-04-25T11:41:18","date_gmt":"2023-04-25T11:41:18","guid":{"rendered":"https:\/\/www.ivh44.si\/Ponudbe\/chess\/?post_type=product&#038;p=48600"},"modified":"2025-10-16T11:10:22","modified_gmt":"2025-10-16T11:10:22","slug":"sahovski-komplet-bayern","status":"publish","type":"product","link":"https:\/\/chessgamesemporium.com\/fr\/shop\/sahovski-kompleti\/sestavljeni-kompleti\/sahovski-komplet-bayern\/","title":{"rendered":"Jeu d'\u00e9checs BAYERN"},"content":{"rendered":"<p>Pi\u00e8ces d'\u00e9checs<\/p>\n<p>Pi\u00e8ces d'\u00e9checs en plastique, noir\/beige, base large, feutr\u00e9es, dans un sac en plastique.<\/p>\n<p>Dimensions : (hauteur | largeur de la base)<br \/>\nRoi : 9,0 cm | 3,5 cm<br \/>\nReine : 9,0 cm | 3,5 cm<br \/>\nTour: 4,7 cm | 3,1 cm<br \/>\nFou : 6,7 cm | 3,1 cm<br \/>\nCavalier : 6,1 cm | 3,1 cm<br \/>\nPion : 4,6 cm | 2,7 cm<\/p>\n<p>\u00c9chiquier :<\/p>\n<p>Mat\u00e9riau : PVC, toile<br \/>\nCouleur : noir et blanc<br \/>\nTaille des cases : 5,0 x 5,0 cm<br \/>\nDimensions de l'\u00e9chiquier : 44 x 44 cm<br \/>\nLavable<\/p>\n<p>Attention ! Ne convient pas aux enfants de moins de 3 ans en raison des petites pi\u00e8ces ! Risque d'\u00e9touffement.<\/p>","protected":false},"excerpt":{"rendered":"<p>\u0160ahovske figure Plasti\u010dne figure, \u010drna\/be\u017e, \u0161iroko dno, podlo\u017eene, v polivinilasti vre\u010dki Dimenzije: (vi\u0161ina | premer podlage) Kralj: 9,0 cm | 3,5 cm Dama: 7,8 cm | 3,5 cm Top: 4,7 cm | 3,1 cm Lovec: 6,7 cm | 3,1 cm Skaka\u010d: 6,1 cm | 3,1 cm Kmet: 4,6 cm | 2,7 cm \u0160ahovnica Material: PVC, [&hellip;]<\/p>","protected":false},"featured_media":56147,"comment_status":"closed","ping_status":"closed","template":"","meta":{"_seopress_robots_primary_cat":"none","_seopress_titles_title":"","_seopress_titles_desc":"","_seopress_robots_index":""},"product_brand":[],"product_cat":[581,510],"product_tag":[],"class_list":{"0":"post-48600","1":"product","2":"type-product","3":"status-publish","4":"has-post-thumbnail","6":"product_cat-sestavljeni-kompleti","7":"product_cat-sahovski-kompleti","9":"entry","10":"has-media","12":"first","13":"instock","14":"taxable","15":"shipping-taxable","16":"purchasable","17":"product-type-simple","18":"has-product-nav","19":"col","20":"span_1_of_4","21":"owp-content-center","22":"item-entry","23":"owp-thumbs-layout-horizontal","24":"owp-btn-normal","25":"owp-tabs-layout-section"},"wcpa_form_fields":null,"_links":{"self":[{"href":"https:\/\/chessgamesemporium.com\/fr\/wp-json\/wp\/v2\/product\/48600","targetHints":{"allow":["GET"]}}],"collection":[{"href":"https:\/\/chessgamesemporium.com\/fr\/wp-json\/wp\/v2\/product"}],"about":[{"href":"https:\/\/chessgamesemporium.com\/fr\/wp-json\/wp\/v2\/types\/product"}],"replies":[{"embeddable":true,"href":"https:\/\/chessgamesemporium.com\/fr\/wp-json\/wp\/v2\/comments?post=48600"}],"version-history":[{"count":0,"href":"https:\/\/chessgamesemporium.com\/fr\/wp-json\/wp\/v2\/product\/48600\/revisions"}],"wp:featuredmedia":[{"embeddable":true,"href":"https:\/\/chessgamesemporium.com\/fr\/wp-json\/wp\/v2\/media\/56147"}],"wp:attachment":[{"href":"https:\/\/chessgamesemporium.com\/fr\/wp-json\/wp\/v2\/media?parent=48600"}],"wp:term":[{"taxonomy":"product_brand","embeddable":true,"href":"https:\/\/chessgamesemporium.com\/fr\/wp-json\/wp\/v2\/product_brand?post=48600"},{"taxonomy":"product_cat","embeddable":true,"href":"https:\/\/chessgamesemporium.com\/fr\/wp-json\/wp\/v2\/product_cat?post=48600"},{"taxonomy":"product_tag","embeddable":true,"href":"https:\/\/chessgamesemporium.com\/fr\/wp-json\/wp\/v2\/product_tag?post=48600"}],"curies":[{"name":"wp","href":"https:\/\/api.w.org\/{rel}","templated":true}]}}