{"id":48653,"date":"2023-05-08T10:38:16","date_gmt":"2023-05-08T10:38:16","guid":{"rendered":"https:\/\/www.ivh44.si\/Ponudbe\/chess\/?post_type=product&#038;p=48653"},"modified":"2024-03-29T09:29:19","modified_gmt":"2024-03-29T09:29:19","slug":"sahovski-komplet-staunton-classic-50","status":"publish","type":"product","link":"https:\/\/chessgamesemporium.com\/fr\/shop\/sahovski-kompleti\/sestavljeni-kompleti\/sahovski-komplet-staunton-classic-50\/","title":{"rendered":"Jeu d'\u00e9checs STAUNTON CLASSIC 50"},"content":{"rendered":"<p>PI\u00c8CES D'\u00c9CHECS<br \/>\nPi\u00e8ces d'\u00e9checs en bois - design Staunton classique.<\/p>\n<p>Mat\u00e9riau :<br \/>\nSheesham \/ buis<\/p>\n<p>Vernies, avec des cavaliers fabriqu\u00e9s \u00e0 la main.<br \/>\nLourdes, avec une base en simili cuir.<\/p>\n<p>Dimensions : (hauteur | largeur de la base) :<br \/>\nRoi : 8,7 cm | 3,1 cm<br \/>\nReine : 7,3 cm | 3,1 cm<br \/>\nTour : 4,8 cm | 2,8 cm<br \/>\nFou : 6,6 cm | 2,8 cm<br \/>\nCavalier: 5,9 cm | 2,8 cm<br \/>\nPion : 4,5 cm | 2,4 cm<\/p>\n<p>\u00c9CHIQUIER<br \/>\nMat\u00e9riau : PVC, toile<br \/>\nTaille des cases : 5,0 x 5,0 cm<br \/>\nDimensions de l'\u00e9chiquier : 44 x 44 cm<br \/>\nLavable<\/p>\n<p>Attention ! Ne convient pas aux enfants de moins de 3 ans en raison des petites pi\u00e8ces ! Risque d'\u00e9touffement.<\/p>","protected":false},"excerpt":{"rendered":"<p>FIGURE Lesene \u0161ahovske figure &#8211; klasi\u010dni Staunton design. Material: Palisander \/ Pu\u0161pan (sheesham and boxwood) Lakirane, skaka\u010d ro\u010dno izdelan Obte\u017eene, podlo\u017een z umetnim usnjem Dimenzije: (vi\u0161ina | premer podlage): Kralj: 8,7 cm | 3,1 cm Dama: 7,3 cm | 3,1 cm Top: 4,8 cm | 2,8 cm Lovec: 6,6 cm | 2,8 cm Skaka\u010d: 5,9 [&hellip;]<\/p>","protected":false},"featured_media":48668,"comment_status":"closed","ping_status":"closed","template":"","meta":{"_seopress_robots_primary_cat":"none","_seopress_titles_title":"","_seopress_titles_desc":"","_seopress_robots_index":""},"product_brand":[],"product_cat":[581,510],"product_tag":[],"class_list":{"0":"post-48653","1":"product","2":"type-product","3":"status-publish","4":"has-post-thumbnail","6":"product_cat-sestavljeni-kompleti","7":"product_cat-sahovski-kompleti","9":"entry","10":"has-media","12":"first","13":"instock","14":"taxable","15":"shipping-taxable","16":"purchasable","17":"product-type-simple","18":"has-product-nav","19":"col","20":"span_1_of_4","21":"owp-content-center","22":"item-entry","23":"owp-thumbs-layout-horizontal","24":"owp-btn-normal","25":"owp-tabs-layout-section"},"wcpa_form_fields":null,"_links":{"self":[{"href":"https:\/\/chessgamesemporium.com\/fr\/wp-json\/wp\/v2\/product\/48653","targetHints":{"allow":["GET"]}}],"collection":[{"href":"https:\/\/chessgamesemporium.com\/fr\/wp-json\/wp\/v2\/product"}],"about":[{"href":"https:\/\/chessgamesemporium.com\/fr\/wp-json\/wp\/v2\/types\/product"}],"replies":[{"embeddable":true,"href":"https:\/\/chessgamesemporium.com\/fr\/wp-json\/wp\/v2\/comments?post=48653"}],"version-history":[{"count":0,"href":"https:\/\/chessgamesemporium.com\/fr\/wp-json\/wp\/v2\/product\/48653\/revisions"}],"wp:featuredmedia":[{"embeddable":true,"href":"https:\/\/chessgamesemporium.com\/fr\/wp-json\/wp\/v2\/media\/48668"}],"wp:attachment":[{"href":"https:\/\/chessgamesemporium.com\/fr\/wp-json\/wp\/v2\/media?parent=48653"}],"wp:term":[{"taxonomy":"product_brand","embeddable":true,"href":"https:\/\/chessgamesemporium.com\/fr\/wp-json\/wp\/v2\/product_brand?post=48653"},{"taxonomy":"product_cat","embeddable":true,"href":"https:\/\/chessgamesemporium.com\/fr\/wp-json\/wp\/v2\/product_cat?post=48653"},{"taxonomy":"product_tag","embeddable":true,"href":"https:\/\/chessgamesemporium.com\/fr\/wp-json\/wp\/v2\/product_tag?post=48653"}],"curies":[{"name":"wp","href":"https:\/\/api.w.org\/{rel}","templated":true}]}}