{"id":48674,"date":"2023-05-08T11:57:52","date_gmt":"2023-05-08T11:57:52","guid":{"rendered":"https:\/\/www.ivh44.si\/Ponudbe\/chess\/?post_type=product&#038;p=48674"},"modified":"2025-02-25T12:40:14","modified_gmt":"2025-02-25T12:40:14","slug":"jigchess-garnitura-rimljani","status":"publish","type":"product","link":"https:\/\/chessgamesemporium.com\/fr\/shop\/sahovski-kompleti\/sestavljeni-kompleti\/jigchess-garnitura-rimljani\/","title":{"rendered":"Jeu d'\u00e9checs JigChess ROMAIN"},"content":{"rendered":"<p>\u00c9CHIQUIER<br \/>\n\u00c9chiquier de taille standard<br \/>\nDimensions de l'\u00e9chiquier : 50 x 50 cm<br \/>\nDimensions des cases : 55 \u00d7 55 mm<br \/>\n\u00c9paisseur de l'\u00e9chiquier : 2 mm<br \/>\nNombre de pi\u00e8ces : 16 (4\u00d74)<br \/>\nAvec notation<\/p>\n<p>Cet \u00e9chiquier peut \u00eatre d\u00e9mont\u00e9 pour faciliter son rangement et son transport.<\/p>\n<p>Le \u00e9chiquier est fabriqu\u00e9 en mousse PVC extrud\u00e9e dure avec une structure homog\u00e8ne \u00e0 cellules ferm\u00e9es. Il est r\u00e9sistant \u00e0 l'eau et au feu.<br \/>\nLe mat\u00e9riau est robuste et r\u00e9sistant aux chocs.<br \/>\nConvient pour une utilisation \u00e0 l'int\u00e9rieur et \u00e0 l'ext\u00e9rieur.<\/p>\n<p>PI\u00c8CES D'\u00c9CHECS<br \/>\nPi\u00e8ces d'\u00e9checs de style romain<\/p>\n<p>Mat\u00e9riau : plastique<\/p>\n<p>Dimensions : (hauteur | largeur de la base)<br \/>\nRoi : 9,5 cm | 3,0 cm<br \/>\nReine : 9,3 cm | 3,0 cm<br \/>\nTour: 6,9 cm | 3,0 cm<br \/>\nFou: 8,2 cm | 3,0, cm<br \/>\nCavalier : 7,5 cm | 3,0 cm<br \/>\nPion : 6,2 cm | 2,3 cm<br \/>\nCouleur : cr\u00e8me \/ noir<\/p>\n<p>Non lest\u00e9es, recouvertes de feutre<\/p>\n<p>Attention ! Ne convient pas aux enfants de moins de 3 ans en raison des petites pi\u00e8ces ! Risque d'\u00e9touffement.<\/p>","protected":false},"excerpt":{"rendered":"<p>\u0160AHOVNICA \u0160ahovnica standardne velikosti Dimenzije \u0161ahovnice: 50 X 50 cm Dimenzije polja: 55 mm Debelina \u0161ahovnice: 2 mm \u0160tevilo kosov (puzzle): 16 kosov (4&#215;4) Z notacijo \u0160ahovnica se enostavno prena\u0161a ali spakira, ker se razstavi na ve\u010d kosov in je primerna tudi za potovanja. Izdelana iz trdega ekstrudiranega penastega pvc-ja z izredno fino in homogeno [&hellip;]<\/p>","protected":false},"featured_media":51071,"comment_status":"closed","ping_status":"closed","template":"","meta":{"_seopress_robots_primary_cat":"none","_seopress_titles_title":"","_seopress_titles_desc":"","_seopress_robots_index":""},"product_brand":[],"product_cat":[510,581],"product_tag":[],"class_list":{"0":"post-48674","1":"product","2":"type-product","3":"status-publish","4":"has-post-thumbnail","6":"product_cat-sahovski-kompleti","7":"product_cat-sestavljeni-kompleti","9":"entry","10":"has-media","12":"first","13":"instock","14":"taxable","15":"shipping-taxable","16":"purchasable","17":"product-type-variable","18":"has-product-nav","19":"col","20":"span_1_of_4","21":"owp-content-center","22":"item-entry","23":"owp-thumbs-layout-horizontal","24":"owp-btn-normal","25":"owp-tabs-layout-section"},"wcpa_form_fields":null,"_links":{"self":[{"href":"https:\/\/chessgamesemporium.com\/fr\/wp-json\/wp\/v2\/product\/48674","targetHints":{"allow":["GET"]}}],"collection":[{"href":"https:\/\/chessgamesemporium.com\/fr\/wp-json\/wp\/v2\/product"}],"about":[{"href":"https:\/\/chessgamesemporium.com\/fr\/wp-json\/wp\/v2\/types\/product"}],"replies":[{"embeddable":true,"href":"https:\/\/chessgamesemporium.com\/fr\/wp-json\/wp\/v2\/comments?post=48674"}],"version-history":[{"count":0,"href":"https:\/\/chessgamesemporium.com\/fr\/wp-json\/wp\/v2\/product\/48674\/revisions"}],"wp:featuredmedia":[{"embeddable":true,"href":"https:\/\/chessgamesemporium.com\/fr\/wp-json\/wp\/v2\/media\/51071"}],"wp:attachment":[{"href":"https:\/\/chessgamesemporium.com\/fr\/wp-json\/wp\/v2\/media?parent=48674"}],"wp:term":[{"taxonomy":"product_brand","embeddable":true,"href":"https:\/\/chessgamesemporium.com\/fr\/wp-json\/wp\/v2\/product_brand?post=48674"},{"taxonomy":"product_cat","embeddable":true,"href":"https:\/\/chessgamesemporium.com\/fr\/wp-json\/wp\/v2\/product_cat?post=48674"},{"taxonomy":"product_tag","embeddable":true,"href":"https:\/\/chessgamesemporium.com\/fr\/wp-json\/wp\/v2\/product_tag?post=48674"}],"curies":[{"name":"wp","href":"https:\/\/api.w.org\/{rel}","templated":true}]}}