{"id":48675,"date":"2023-05-08T12:16:35","date_gmt":"2023-05-08T12:16:35","guid":{"rendered":"https:\/\/www.ivh44.si\/Ponudbe\/chess\/?post_type=product&#038;p=48675"},"modified":"2025-02-25T12:39:35","modified_gmt":"2025-02-25T12:39:35","slug":"jigchess-garnitura-transparent","status":"publish","type":"product","link":"https:\/\/chessgamesemporium.com\/fr\/shop\/sahovski-kompleti\/sestavljeni-kompleti\/jigchess-garnitura-transparent\/","title":{"rendered":"Jeu d'\u00e9checs JigChess TRANSPARENT"},"content":{"rendered":"<p>\u00c9CHIQUIER<br \/>\n\u00c9chiquier de taille standard<br \/>\nDimensions de l'\u00e9chiquier : 50 x 50 cm<br \/>\nDimensions des cases : 55 \u00d7 55 mm<br \/>\n\u00c9paisseur de l'\u00e9chiquier : 2 mm<br \/>\nNombre de pi\u00e8ces : 16 (4\u00d74)<br \/>\nAvec notation<\/p>\n<p>Cet \u00e9chiquier peut \u00eatre d\u00e9mont\u00e9 pour faciliter son rangement et son transport.<\/p>\n<p>Le \u00e9chiquier est fabriqu\u00e9 en mousse PVC extrud\u00e9e dure avec une structure homog\u00e8ne \u00e0 cellules ferm\u00e9es. Il est r\u00e9sistant \u00e0 l'eau et au feu.<br \/>\nLe mat\u00e9riau est robuste et r\u00e9sistant aux chocs.<br \/>\nConvient pour une utilisation \u00e0 l'int\u00e9rieur et \u00e0 l'ext\u00e9rieur.<\/p>\n<p>PI\u00c8CES D'\u00c9CHECS<br \/>\nPi\u00e8ces d'\u00e9checs standard Staunton<\/p>\n<p>Mat\u00e9riau : plastique<br \/>\nCouleur : Ambre, transparent<br \/>\nNon lest\u00e9es<\/p>\n<p>Dimensions : (hauteur | largeur de la base)<br \/>\nRoi : 9,6 cm | 3,6 cm<br \/>\nReine : 8,5 cm | 3,6 cm<br \/>\nTour : 5,6 cm | 3,5 cm<br \/>\nFou : 7,1 cm | 3,0 cm<br \/>\nCavalier : 6,6 cm | 3,0 cm<br \/>\nPion : 5,4 cm | 2,8 cm<\/p>\n<p>Attention ! Ne convient pas aux enfants de moins de 3 ans en raison des petites pi\u00e8ces ! Risque d'\u00e9touffement.<\/p>","protected":false},"excerpt":{"rendered":"<p>\u0160AHOVNICA \u0160ahovnica standardne velikosti Dimenzije \u0161ahovnice: 50 X 50 cm Dimenzije polja: 55 mm Debelina \u0161ahovnice: 2 mm \u0160tevilo kosov (puzzle): 16 kosov (4&#215;4) Z notacijo \u0160ahovnica se enostavno prena\u0161a ali spakira, ker se razstavi na ve\u010d kosov in je primerna tudi za potovanja. Izdelana iz trdega ekstrudiranega penastega pvc-ja z izredno fino in homogeno [&hellip;]<\/p>","protected":false},"featured_media":48687,"comment_status":"closed","ping_status":"closed","template":"","meta":{"_seopress_robots_primary_cat":"none","_seopress_titles_title":"","_seopress_titles_desc":"","_seopress_robots_index":""},"product_brand":[],"product_cat":[581,510],"product_tag":[],"class_list":{"0":"post-48675","1":"product","2":"type-product","3":"status-publish","4":"has-post-thumbnail","6":"product_cat-sestavljeni-kompleti","7":"product_cat-sahovski-kompleti","9":"entry","10":"has-media","12":"first","13":"instock","14":"taxable","15":"shipping-taxable","16":"purchasable","17":"product-type-simple","18":"has-product-nav","19":"col","20":"span_1_of_4","21":"owp-content-center","22":"item-entry","23":"owp-thumbs-layout-horizontal","24":"owp-btn-normal","25":"owp-tabs-layout-section"},"wcpa_form_fields":null,"_links":{"self":[{"href":"https:\/\/chessgamesemporium.com\/fr\/wp-json\/wp\/v2\/product\/48675","targetHints":{"allow":["GET"]}}],"collection":[{"href":"https:\/\/chessgamesemporium.com\/fr\/wp-json\/wp\/v2\/product"}],"about":[{"href":"https:\/\/chessgamesemporium.com\/fr\/wp-json\/wp\/v2\/types\/product"}],"replies":[{"embeddable":true,"href":"https:\/\/chessgamesemporium.com\/fr\/wp-json\/wp\/v2\/comments?post=48675"}],"version-history":[{"count":0,"href":"https:\/\/chessgamesemporium.com\/fr\/wp-json\/wp\/v2\/product\/48675\/revisions"}],"wp:featuredmedia":[{"embeddable":true,"href":"https:\/\/chessgamesemporium.com\/fr\/wp-json\/wp\/v2\/media\/48687"}],"wp:attachment":[{"href":"https:\/\/chessgamesemporium.com\/fr\/wp-json\/wp\/v2\/media?parent=48675"}],"wp:term":[{"taxonomy":"product_brand","embeddable":true,"href":"https:\/\/chessgamesemporium.com\/fr\/wp-json\/wp\/v2\/product_brand?post=48675"},{"taxonomy":"product_cat","embeddable":true,"href":"https:\/\/chessgamesemporium.com\/fr\/wp-json\/wp\/v2\/product_cat?post=48675"},{"taxonomy":"product_tag","embeddable":true,"href":"https:\/\/chessgamesemporium.com\/fr\/wp-json\/wp\/v2\/product_tag?post=48675"}],"curies":[{"name":"wp","href":"https:\/\/api.w.org\/{rel}","templated":true}]}}