{"id":48706,"date":"2023-05-09T09:09:29","date_gmt":"2023-05-09T09:09:29","guid":{"rendered":"https:\/\/www.ivh44.si\/Ponudbe\/chess\/?post_type=product&#038;p=48706"},"modified":"2026-04-18T03:57:52","modified_gmt":"2026-04-18T03:57:52","slug":"plasticne-sahovske-figure-staunton-colour","status":"publish","type":"product","link":"https:\/\/chessgamesemporium.com\/fr\/shop\/sahovske-figure\/plasticne-figure\/plasticne-sahovske-figure-staunton-colour\/","title":{"rendered":"Pi\u00e8ces d'\u00e9checs en plastique STAUNTON COLOR"},"content":{"rendered":"<p>Cr\u00e9ez votre propre combinaison de couleurs pour vos pi\u00e8ces d'\u00e9checs !<\/p>\n<p>Socle : Feutr\u00e9<br \/>\nMat\u00e9riau : Plastique<br \/>\nCouleurs : Blanc, Jaune, Rouge, Rose, Vert, Bleu, Noir<\/p>\n<p>Pi\u00e8ces d'\u00e9checs color\u00e9es en plastique, motif Staunton, feutr\u00e9es (demi-jeu).<\/p>\n<p>Dimensions : (hauteur | largeur de la base)<br \/>\nRoi : 9,5 cm | 3,7 cm<br \/>\nReine : 7,5 cm | 3,6 cm<br \/>\nTour : 4,6 cm | 3,2 cm<br \/>\nFou : 6,5 cm | 3,1 cm<br \/>\nCavalier: 5,8 cm | 3,2 cm<br \/>\nPion : 4,5 cm | 2,7 cm<\/p>\n<p>Ces pi\u00e8ces d'\u00e9checs color\u00e9es sont id\u00e9ales pour les activit\u00e9s d'\u00e9checs, les \u00e9coles et les d\u00e9butants. Le jeu contient des pi\u00e8ces en plastique robustes, r\u00e9sistantes \u00e0 une utilisation r\u00e9guli\u00e8re, et aux couleurs attrayantes.<\/p>\n<p>Comme il s'agit d'un demi-jeu, une partie d'\u00e9checs standard n\u00e9cessite deux jeux de couleurs diff\u00e9rentes (bleu et jaune, par exemple). Cela permet aux professeurs et aux animateurs de cr\u00e9er un environnement d'apprentissage plus stimulant et d'expliquer plus facilement les concepts des \u00e9checs.<\/p>\n<p>Ce jeu d'\u00e9checs est particuli\u00e8rement adapt\u00e9 pour :<\/p>\n<p>les \u00e9coles d'\u00e9checs et l'initiation aux \u00e9checs,<br \/>\nles clubs d'\u00e9checs scolaires,<br \/>\nle mat\u00e9riel d'\u00e9checs pour enfants,<br \/>\nles salles de classe, les biblioth\u00e8ques et autres \u00e9tablissements d'enseignement.<\/p>\n<p>Ces pi\u00e8ces constituent une solution abordable pour tous ceux qui recherchent un jeu d'\u00e9checs color\u00e9, robuste et simple d'utilisation.<\/p>\n<p>Attention ! Ne convient pas aux enfants de moins de 3 ans en raison des petites pi\u00e8ces ! Risque d'\u00e9touffement.<\/p>","protected":false},"excerpt":{"rendered":"<p>Sestavite svojo barvno kombinacijo \u0161ahovskih figur! Podlaga: Podlo\u017eene s filcem Material: Plastika Barva: Bela, rumena, rde\u010da, roza, zelena, modra in \u010drna Plasti\u010dne figure tipa Staunton, standardne vi\u0161ine, podlo\u017eene s filcem (polovi\u010dni set). Dimenzije: (vi\u0161ina figure | premer podlage) Kralj: 9,5 cm | 3,7 cm Dama: 7,5 cm | 3,6 cm Top: 4,6 cm | 3,2 [&hellip;]<\/p>","protected":false},"featured_media":56872,"comment_status":"closed","ping_status":"closed","template":"","meta":{"_seopress_robots_primary_cat":"none","_seopress_titles_title":"","_seopress_titles_desc":"Kupite plasti\u010dne \u0161ahovske figure Staunton Colour \u2013 trpe\u017een, barvno prepoznaven set za \u0161olo, klub ali doma. Klasi\u010den dizajn, dobra vidljivost in udobna igra.","_seopress_robots_index":""},"product_brand":[],"product_cat":[511,521],"product_tag":[],"class_list":{"0":"post-48706","1":"product","2":"type-product","3":"status-publish","4":"has-post-thumbnail","6":"product_cat-sahovske-figure","7":"product_cat-plasticne-figure","9":"entry","10":"has-media","12":"first","13":"instock","14":"taxable","15":"shipping-taxable","16":"purchasable","17":"product-type-variable","18":"has-product-nav","19":"col","20":"span_1_of_4","21":"owp-content-center","22":"item-entry","23":"owp-thumbs-layout-horizontal","24":"owp-btn-normal","25":"owp-tabs-layout-section"},"wcpa_form_fields":null,"_links":{"self":[{"href":"https:\/\/chessgamesemporium.com\/fr\/wp-json\/wp\/v2\/product\/48706","targetHints":{"allow":["GET"]}}],"collection":[{"href":"https:\/\/chessgamesemporium.com\/fr\/wp-json\/wp\/v2\/product"}],"about":[{"href":"https:\/\/chessgamesemporium.com\/fr\/wp-json\/wp\/v2\/types\/product"}],"replies":[{"embeddable":true,"href":"https:\/\/chessgamesemporium.com\/fr\/wp-json\/wp\/v2\/comments?post=48706"}],"version-history":[{"count":1,"href":"https:\/\/chessgamesemporium.com\/fr\/wp-json\/wp\/v2\/product\/48706\/revisions"}],"predecessor-version":[{"id":63706,"href":"https:\/\/chessgamesemporium.com\/fr\/wp-json\/wp\/v2\/product\/48706\/revisions\/63706"}],"wp:featuredmedia":[{"embeddable":true,"href":"https:\/\/chessgamesemporium.com\/fr\/wp-json\/wp\/v2\/media\/56872"}],"wp:attachment":[{"href":"https:\/\/chessgamesemporium.com\/fr\/wp-json\/wp\/v2\/media?parent=48706"}],"wp:term":[{"taxonomy":"product_brand","embeddable":true,"href":"https:\/\/chessgamesemporium.com\/fr\/wp-json\/wp\/v2\/product_brand?post=48706"},{"taxonomy":"product_cat","embeddable":true,"href":"https:\/\/chessgamesemporium.com\/fr\/wp-json\/wp\/v2\/product_cat?post=48706"},{"taxonomy":"product_tag","embeddable":true,"href":"https:\/\/chessgamesemporium.com\/fr\/wp-json\/wp\/v2\/product_tag?post=48706"}],"curies":[{"name":"wp","href":"https:\/\/api.w.org\/{rel}","templated":true}]}}