{"id":48784,"date":"2023-05-16T11:20:12","date_gmt":"2023-05-16T11:20:12","guid":{"rendered":"https:\/\/www.ivh44.si\/Ponudbe\/chess\/?post_type=product&#038;p=48784"},"modified":"2026-03-12T07:39:29","modified_gmt":"2026-03-12T07:39:29","slug":"playing-the-najdorf","status":"publish","type":"product","link":"https:\/\/chessgamesemporium.com\/fr\/shop\/livres-echecs\/ouvertures-echecs\/playing-the-najdorf\/","title":{"rendered":"PLAYING the NAJDORF"},"content":{"rendered":"<p>Avtor: David Vigorito<br \/>\nLeto izdaje: 2019<br \/>\nLangue : Anglais<br \/>\n\u0160t. strani: 544<br \/>\nFormat: 24,0&#215;17,0 cm<br \/>\nCouverture : souple<\/p>\n<p>Najdorfova sicilijanka je najbolj\u0161i in najbolj bojeviti odgovor \u010drnega na 1. e4. Najdorfovo sta med svoj prevlado nad svetovno \u0161ahovsko sceno zagovarjala Fischer in Kasparov, uporabljali pa so jo tudi mnogi drugi svetovni prvaki in elitni velemojstri, vklju\u010dno z Anandom, Gelfandom, Topalovim in Vachier-Lagravom, da na\u0161tejemo le nekatere.<\/p>\n<p>Kljub njeni slavi najdorfova sicilijanka ustrahuje mnoge igralce z visoko takti\u010dno in teoriti\u010dno naravo klju\u010dnih elementov. V Playing the Najdorf, velemojster David Vigorito poka\u017ee, zakaj naj to ne bi bil problem, in \u010drnemu poka\u017ee poln repertoar, zasnovan na pozicijskih principih. Ponuja tudi nasvete, ki vodijo do dvoboja, ki pa se ne spremeni v bitko spomina.<\/p>\n<p>David Vigorito je izku\u0161en mednarodni mojster in spo\u0161tovan avtor ter trener. Kot nekdo, ki mu najdorfova sicilijanka predstavlja temelje repertoarja, je idealno kvalificiran za razlago te otvoritve.<\/p>","protected":false},"excerpt":{"rendered":"<p><a href=\"https:\/\/chessgamesemporium.com\/wp-content\/uploads\/2023\/05\/PlayingtheNajdorf-excerpt.pdf\" target=\"_blank\" rel=\"noopener\">Extrait PDF<\/a><\/p>","protected":false},"featured_media":54429,"comment_status":"closed","ping_status":"closed","template":"","meta":{"_seopress_robots_primary_cat":"none","_seopress_titles_title":"","_seopress_titles_desc":"","_seopress_robots_index":""},"product_brand":[],"product_cat":[605,512],"product_tag":[],"class_list":{"0":"post-48784","1":"product","2":"type-product","3":"status-publish","4":"has-post-thumbnail","6":"product_cat-otvoritve","7":"product_cat-sahovske-knjige","8":"pa_avtor-david-vigorito","9":"pa_glavna-linija-1-e4-c5-2-nf3-d6-3-bb5","10":"pa_glavna-linija-1-e4-c5-2-nf3-d6-3-d4-cxd4","11":"pa_leto-izdaje-820","12":"pa_nivo-knjige-srednji","13":"pa_otvoritev-tema-najdorf","14":"pa_stran-crni","15":"pa_tip-knjige-otvoritve","16":"pa_zalozba-quality-chess","18":"entry","19":"has-media","21":"first","22":"instock","23":"taxable","24":"shipping-taxable","25":"purchasable","26":"product-type-simple","27":"has-product-nav","28":"col","29":"span_1_of_4","30":"owp-content-center","31":"item-entry","32":"owp-thumbs-layout-horizontal","33":"owp-btn-normal","34":"owp-tabs-layout-section"},"wcpa_form_fields":null,"_links":{"self":[{"href":"https:\/\/chessgamesemporium.com\/fr\/wp-json\/wp\/v2\/product\/48784","targetHints":{"allow":["GET"]}}],"collection":[{"href":"https:\/\/chessgamesemporium.com\/fr\/wp-json\/wp\/v2\/product"}],"about":[{"href":"https:\/\/chessgamesemporium.com\/fr\/wp-json\/wp\/v2\/types\/product"}],"replies":[{"embeddable":true,"href":"https:\/\/chessgamesemporium.com\/fr\/wp-json\/wp\/v2\/comments?post=48784"}],"version-history":[{"count":0,"href":"https:\/\/chessgamesemporium.com\/fr\/wp-json\/wp\/v2\/product\/48784\/revisions"}],"wp:featuredmedia":[{"embeddable":true,"href":"https:\/\/chessgamesemporium.com\/fr\/wp-json\/wp\/v2\/media\/54429"}],"wp:attachment":[{"href":"https:\/\/chessgamesemporium.com\/fr\/wp-json\/wp\/v2\/media?parent=48784"}],"wp:term":[{"taxonomy":"product_brand","embeddable":true,"href":"https:\/\/chessgamesemporium.com\/fr\/wp-json\/wp\/v2\/product_brand?post=48784"},{"taxonomy":"product_cat","embeddable":true,"href":"https:\/\/chessgamesemporium.com\/fr\/wp-json\/wp\/v2\/product_cat?post=48784"},{"taxonomy":"product_tag","embeddable":true,"href":"https:\/\/chessgamesemporium.com\/fr\/wp-json\/wp\/v2\/product_tag?post=48784"}],"curies":[{"name":"wp","href":"https:\/\/api.w.org\/{rel}","templated":true}]}}