{"id":48785,"date":"2023-05-16T11:51:25","date_gmt":"2023-05-16T11:51:25","guid":{"rendered":"https:\/\/www.ivh44.si\/Ponudbe\/chess\/?post_type=product&#038;p=48785"},"modified":"2026-03-12T07:40:15","modified_gmt":"2026-03-12T07:40:15","slug":"the-sicilan-taimanov","status":"publish","type":"product","link":"https:\/\/chessgamesemporium.com\/fr\/shop\/livres-echecs\/ouvertures-echecs\/the-sicilan-taimanov\/","title":{"rendered":"The SICILAN TAIMANOV"},"content":{"rendered":"<p>Avtor: Antonios Pavlidis<br \/>\nLeto izdaje: 2019<br \/>\nLangue : Anglais<br \/>\n\u0160t. strani: 480<br \/>\nDimensiones: 24 x 17 cm<br \/>\nCouverture : souple<\/p>\n<p>La variante Taimanov de la Sicilienne se d\u00e9veloppe apr\u00e8s les coups d'ouverture 1.e4 c5 2.Cf3 e6 3.d4 cxd4 4.Cxd4 Cc6 et constitue une arme id\u00e9ale pour les Noirs \u00e0 l'\u00e8re moderne. Th\u00e9oriquement solide, elle offre un \u00e9quilibre parfait entre robustesse et potentiel de contre-attaque dynamique, ce qui explique sa popularit\u00e9 aupr\u00e8s des joueurs de club comme des grands ma\u00eetres de haut niveau.<\/p>\n<p>Le grand ma\u00eetre Antonios Pavlidis est le guide id\u00e9al pour cette ouverture. Th\u00e9oricien passionn\u00e9, il utilise la Taimanov comme base de son r\u00e9pertoire depuis de nombreuses ann\u00e9es. Joueur assidu de 1.e4, il poss\u00e8de \u00e9galement une excellente compr\u00e9hension de la position du point de vue des Blancs, ce qui rend son analyse d'autant plus pr\u00e9cieuse pour le lecteur. Dans cet ouvrage, Pavlidis partage une analyse de haut niveau ainsi que l'expertise acquise gr\u00e2ce \u00e0 sa longue exp\u00e9rience de la Taimanov.<\/p>\n<p>Antonios Pavlidis est l'un des plus brillants talents des \u00e9checs grecs. Il est devenu grand ma\u00eetre en 2014 \u00e0 l'\u00e2ge de 21 ans. Fait remarquable, il a remport\u00e9 le championnat de Gr\u00e8ce \u00e0 trois reprises en trois participations, et ce avant m\u00eame son 24e anniversaire. Expert de la d\u00e9fense Ta\u00efmanov, il a jou\u00e9 sur les deux c\u00f4t\u00e9s de cette ouverture pendant la majeure partie de sa carri\u00e8re d'\u00e9checs.<\/p>\n<p>&nbsp;<\/p>","protected":false},"excerpt":{"rendered":"<p><a href=\"https:\/\/chessgamesemporium.com\/wp-content\/uploads\/2023\/05\/SicilianTaimanov-excerpt.pdf\" target=\"_blank\" rel=\"noopener\">Extrait PDF<\/a><\/p>","protected":false},"featured_media":49801,"comment_status":"closed","ping_status":"closed","template":"","meta":{"_seopress_robots_primary_cat":"none","_seopress_titles_title":"","_seopress_titles_desc":"","_seopress_robots_index":""},"product_brand":[],"product_cat":[605,512],"product_tag":[],"class_list":{"0":"post-48785","1":"product","2":"type-product","3":"status-publish","4":"has-post-thumbnail","6":"product_cat-otvoritve","7":"product_cat-sahovske-knjige","8":"pa_avtor-antonios-pavlidis","9":"pa_glavna-linija-1-e4-c5-2-nf3-e6-3-d4-cxd4","10":"pa_leto-izdaje-820","11":"pa_nivo-knjige-napredni","12":"pa_otvoritev-tema-sicilijanska-obramba","13":"pa_otvoritev-tema-taimanov","14":"pa_stran-crni","15":"pa_tip-knjige-otvoritve","16":"pa_zalozba-quality-chess","18":"entry","19":"has-media","21":"first","22":"instock","23":"taxable","24":"shipping-taxable","25":"purchasable","26":"product-type-simple","27":"has-product-nav","28":"col","29":"span_1_of_4","30":"owp-content-center","31":"item-entry","32":"owp-thumbs-layout-horizontal","33":"owp-btn-normal","34":"owp-tabs-layout-section"},"wcpa_form_fields":null,"_links":{"self":[{"href":"https:\/\/chessgamesemporium.com\/fr\/wp-json\/wp\/v2\/product\/48785","targetHints":{"allow":["GET"]}}],"collection":[{"href":"https:\/\/chessgamesemporium.com\/fr\/wp-json\/wp\/v2\/product"}],"about":[{"href":"https:\/\/chessgamesemporium.com\/fr\/wp-json\/wp\/v2\/types\/product"}],"replies":[{"embeddable":true,"href":"https:\/\/chessgamesemporium.com\/fr\/wp-json\/wp\/v2\/comments?post=48785"}],"version-history":[{"count":0,"href":"https:\/\/chessgamesemporium.com\/fr\/wp-json\/wp\/v2\/product\/48785\/revisions"}],"wp:featuredmedia":[{"embeddable":true,"href":"https:\/\/chessgamesemporium.com\/fr\/wp-json\/wp\/v2\/media\/49801"}],"wp:attachment":[{"href":"https:\/\/chessgamesemporium.com\/fr\/wp-json\/wp\/v2\/media?parent=48785"}],"wp:term":[{"taxonomy":"product_brand","embeddable":true,"href":"https:\/\/chessgamesemporium.com\/fr\/wp-json\/wp\/v2\/product_brand?post=48785"},{"taxonomy":"product_cat","embeddable":true,"href":"https:\/\/chessgamesemporium.com\/fr\/wp-json\/wp\/v2\/product_cat?post=48785"},{"taxonomy":"product_tag","embeddable":true,"href":"https:\/\/chessgamesemporium.com\/fr\/wp-json\/wp\/v2\/product_tag?post=48785"}],"curies":[{"name":"wp","href":"https:\/\/api.w.org\/{rel}","templated":true}]}}