{"id":48802,"date":"2023-05-16T12:06:07","date_gmt":"2023-05-16T12:06:07","guid":{"rendered":"https:\/\/www.ivh44.si\/Ponudbe\/chess\/?post_type=product&#038;p=48802"},"modified":"2026-03-12T08:02:09","modified_gmt":"2026-03-12T08:02:09","slug":"playing-the-grunfeld","status":"publish","type":"product","link":"https:\/\/chessgamesemporium.com\/fr\/shop\/livres-echecs\/ouvertures-echecs\/playing-the-grunfeld\/","title":{"rendered":"PLAYING the GR\u00dcNFELD"},"content":{"rendered":"<p>Avtor: Alexey Kovalchuk<br \/>\nLeto izdaje: 2020<br \/>\nLangue : Anglais<br \/>\n\u0160t. strani: 504<br \/>\nDimensiones: 24 x 17 cm<br \/>\nCouverture : souple<\/p>\n<p>Gr\u00fcnfeldova Indijka je znana kot eden najbolj\u0161ih in najzahtevnej\u0161ih odgovorov \u010drnih na 1.d4 in je \u017ee dolgo priljubljena izbira elitnih igralcev, vklju\u010dno s Kasparovom, Svidlerjem, Caruano, Vachier-Lagraveom in \u0161tevilnimi drugimi. Kot pri mnogih otvoritvah pa je lahko te\u017eko krmariti po vse ve\u010dji d\u017eungli partij in teorije.<\/p>\n<p>Playing the Gr\u00fcnfeld ponuja idealno re\u0161itev za prakti\u010dne igralce. Alexey Kovalchuk je mlad ruski talent s strokovnim znanjem o Gr\u00fcnfeldu in v tej knjigi deli svoje najbolj\u0161e ideje za oblikovanje popolnega, skladnega in borbenega repertoarja za \u010drne. Poleg teoreti\u010dne trdnosti so bila vlo\u017eena prizadevanja, da bi se izognili variantam, ki vodijo do zgodnjih remijev, pa tudi tistim, pri katerih \u010drni dovolijo, da se njegov kralj napade v zgodnji fazi.<\/p>\n<p>Alexey Kovalchuk je ruski igralec, katerega rating je v zadnjih letih dosegla 2445, zato ga lahko \u0161tejemo za &#8216;IM brez norm&#8217;. Poleg zmag v prvenstvu Rostov in \u0161tevilnih drugih turnirjih je teoretik, ki dela kot sekundant za mo\u010dne GM.<\/p>","protected":false},"excerpt":{"rendered":"<p><a href=\"https:\/\/chessgamesemporium.com\/wp-content\/uploads\/2023\/05\/PlayingtheGrunfeld-excerpt.pdf\" target=\"_blank\" rel=\"noopener\">Extrait PDF<\/a><\/p>","protected":false},"featured_media":49797,"comment_status":"closed","ping_status":"closed","template":"","meta":{"_seopress_robots_primary_cat":"none","_seopress_titles_title":"","_seopress_titles_desc":"","_seopress_robots_index":""},"product_brand":[],"product_cat":[605,512],"product_tag":[],"class_list":{"0":"post-48802","1":"product","2":"type-product","3":"status-publish","4":"has-post-thumbnail","6":"product_cat-otvoritve","7":"product_cat-sahovske-knjige","8":"pa_avtor-alexey-kovalchuk","9":"pa_glavna-linija-1-d4-nf6-2-c4-g6-3-nc3-d5","10":"pa_leto-izdaje-750","11":"pa_nivo-knjige-srednji","12":"pa_otvoritev-tema-grunfeld","13":"pa_stran-crni","14":"pa_tip-knjige-otvoritve","15":"pa_zalozba-quality-chess","17":"entry","18":"has-media","20":"first","21":"instock","22":"taxable","23":"shipping-taxable","24":"purchasable","25":"product-type-simple","26":"has-product-nav","27":"col","28":"span_1_of_4","29":"owp-content-center","30":"item-entry","31":"owp-thumbs-layout-horizontal","32":"owp-btn-normal","33":"owp-tabs-layout-section"},"wcpa_form_fields":null,"_links":{"self":[{"href":"https:\/\/chessgamesemporium.com\/fr\/wp-json\/wp\/v2\/product\/48802","targetHints":{"allow":["GET"]}}],"collection":[{"href":"https:\/\/chessgamesemporium.com\/fr\/wp-json\/wp\/v2\/product"}],"about":[{"href":"https:\/\/chessgamesemporium.com\/fr\/wp-json\/wp\/v2\/types\/product"}],"replies":[{"embeddable":true,"href":"https:\/\/chessgamesemporium.com\/fr\/wp-json\/wp\/v2\/comments?post=48802"}],"version-history":[{"count":0,"href":"https:\/\/chessgamesemporium.com\/fr\/wp-json\/wp\/v2\/product\/48802\/revisions"}],"wp:featuredmedia":[{"embeddable":true,"href":"https:\/\/chessgamesemporium.com\/fr\/wp-json\/wp\/v2\/media\/49797"}],"wp:attachment":[{"href":"https:\/\/chessgamesemporium.com\/fr\/wp-json\/wp\/v2\/media?parent=48802"}],"wp:term":[{"taxonomy":"product_brand","embeddable":true,"href":"https:\/\/chessgamesemporium.com\/fr\/wp-json\/wp\/v2\/product_brand?post=48802"},{"taxonomy":"product_cat","embeddable":true,"href":"https:\/\/chessgamesemporium.com\/fr\/wp-json\/wp\/v2\/product_cat?post=48802"},{"taxonomy":"product_tag","embeddable":true,"href":"https:\/\/chessgamesemporium.com\/fr\/wp-json\/wp\/v2\/product_tag?post=48802"}],"curies":[{"name":"wp","href":"https:\/\/api.w.org\/{rel}","templated":true}]}}