{"id":48805,"date":"2023-05-16T12:12:29","date_gmt":"2023-05-16T12:12:29","guid":{"rendered":"https:\/\/www.ivh44.si\/Ponudbe\/chess\/?post_type=product&#038;p=48805"},"modified":"2026-03-11T08:33:02","modified_gmt":"2026-03-11T08:33:02","slug":"grandmaster-opening-preparation","status":"publish","type":"product","link":"https:\/\/chessgamesemporium.com\/fr\/shop\/livres-echecs\/ouvertures-echecs\/grandmaster-opening-preparation\/","title":{"rendered":"Grandmaster Opening Preparation"},"content":{"rendered":"<p>Avtor: Jaan Ehlvest<br \/>\nAnn\u00e9e de publication : 2018<br \/>\nLangue : Anglais<br \/>\n\u0160t. strani: 272<br \/>\nDimensiones: 24 x 17 cm<br \/>\nCouverture : souple<\/p>\n<p>Na voljo je na stotine otvoritvenih knjig, polnih poglobljenih analiz, a mnoge od njih ne razlo\u017eijo razlogov za izbiro ene ra\u010dunalni\u0161ke variante pred drugo. In kako vrhunski igralci razlikujejo med dobrimi in slabimi otvoritvenimi variantami, ostaja skrivnost za ve\u010dino \u0161ahovskega sveta.<\/p>\n<p>Grandmaster Opening Preparation obravnava vpra\u0161anja, kako uravnote\u017eiti ra\u010dunalni\u0161ko pripravo s \u010dlove\u0161kimi premisleki, skupaj z obilico prakti\u010dnih nasvetov o tem, kako oblikovati otvoritveni repertoar, ki je pravi za vas. Knjiga ponuja tudi poglobljeno obravnavo evolucije v razumevanju pozicij z osamljenim daminim kmetom, kar bo bralcu omogo\u010dilo, da postane u\u010dinkovitej\u0161i v mno\u017eici otvoritev, s katero koli barvo.<\/p>\n<p>Jaan Ehlvest je estonsko-ameri\u0161ki velemojster, nekdanji estonski prvak ter nekdanji sovjetski in evropski mladinski prvak. Ehlvest je tudi dobitnik zlate olimpijske medalje in je bil uvr\u0161\u010den med prvih pet na svetu.<\/p>","protected":false},"excerpt":{"rendered":"<p><a href=\"https:\/\/chessgamesemporium.com\/wp-content\/uploads\/2023\/05\/GrandmasterOpeningPreparation-excerpt.pdf\" target=\"_blank\" rel=\"noopener\">Extrait PDF<\/a><\/p>","protected":false},"featured_media":49795,"comment_status":"closed","ping_status":"closed","template":"","meta":{"_seopress_robots_primary_cat":"none","_seopress_titles_title":"","_seopress_titles_desc":"","_seopress_robots_index":""},"product_brand":[],"product_cat":[605,512],"product_tag":[],"class_list":{"0":"post-48805","1":"product","2":"type-product","3":"status-publish","4":"has-post-thumbnail","6":"product_cat-otvoritve","7":"product_cat-sahovske-knjige","8":"pa_avtor-jaan-ehlvest","9":"pa_leto-izdaje-837","10":"pa_nivo-knjige-napredni","11":"pa_stran-oboje-nevtralno","12":"pa_tip-knjige-trening-vaje","13":"pa_zalozba-quality-chess","15":"entry","16":"has-media","18":"first","19":"instock","20":"taxable","21":"shipping-taxable","22":"purchasable","23":"product-type-simple","24":"has-product-nav","25":"col","26":"span_1_of_4","27":"owp-content-center","28":"item-entry","29":"owp-thumbs-layout-horizontal","30":"owp-btn-normal","31":"owp-tabs-layout-section"},"wcpa_form_fields":null,"_links":{"self":[{"href":"https:\/\/chessgamesemporium.com\/fr\/wp-json\/wp\/v2\/product\/48805","targetHints":{"allow":["GET"]}}],"collection":[{"href":"https:\/\/chessgamesemporium.com\/fr\/wp-json\/wp\/v2\/product"}],"about":[{"href":"https:\/\/chessgamesemporium.com\/fr\/wp-json\/wp\/v2\/types\/product"}],"replies":[{"embeddable":true,"href":"https:\/\/chessgamesemporium.com\/fr\/wp-json\/wp\/v2\/comments?post=48805"}],"version-history":[{"count":0,"href":"https:\/\/chessgamesemporium.com\/fr\/wp-json\/wp\/v2\/product\/48805\/revisions"}],"wp:featuredmedia":[{"embeddable":true,"href":"https:\/\/chessgamesemporium.com\/fr\/wp-json\/wp\/v2\/media\/49795"}],"wp:attachment":[{"href":"https:\/\/chessgamesemporium.com\/fr\/wp-json\/wp\/v2\/media?parent=48805"}],"wp:term":[{"taxonomy":"product_brand","embeddable":true,"href":"https:\/\/chessgamesemporium.com\/fr\/wp-json\/wp\/v2\/product_brand?post=48805"},{"taxonomy":"product_cat","embeddable":true,"href":"https:\/\/chessgamesemporium.com\/fr\/wp-json\/wp\/v2\/product_cat?post=48805"},{"taxonomy":"product_tag","embeddable":true,"href":"https:\/\/chessgamesemporium.com\/fr\/wp-json\/wp\/v2\/product_tag?post=48805"}],"curies":[{"name":"wp","href":"https:\/\/api.w.org\/{rel}","templated":true}]}}