{"id":48807,"date":"2023-05-16T12:17:25","date_gmt":"2023-05-16T12:17:25","guid":{"rendered":"https:\/\/www.ivh44.si\/Ponudbe\/chess\/?post_type=product&#038;p=48807"},"modified":"2026-03-06T09:04:27","modified_gmt":"2026-03-06T09:04:27","slug":"playing-the-petroff","status":"publish","type":"product","link":"https:\/\/chessgamesemporium.com\/fr\/shop\/sahovske-knjige\/otvoritve\/playing-the-petroff\/","title":{"rendered":"Playing the Petroff"},"content":{"rendered":"<p>Avtor: Swapnil Dhopade<br \/>\nLeto izdaje: 2020<br \/>\nLangue : Anglais<br \/>\n\u0160t. strani: 328<br \/>\nFormat: 24 x 17 cm<br \/>\nPlatnice: mehke<\/p>\n<p>Ruska obramba je splo\u0161no priznana kot eden najodmevnej\u0161ih odzivov \u010drnih na 1.e4, saj so jo preizkusili \u0161tevilni svetovni prvaki in drugi elitni igralci. Ta knjiga prikazuje, kako lahko tudi vi izkoristite mo\u010d te vrhunske odprtine.<\/p>\n<p>Playing the Petroff ponuja idealno re\u0161itev za prakti\u010dne igralce. GM Swapnil Dhopade predstavlja kompakten, a neprebojen repertoar za \u010drne, ki se opira na igre vodilnih strokovnjakov, kot so Gelfand, Caruana in Kramnik. Ta knjiga ponuja tudi napotke o tem, kako ravnati z igrami 1.e4 e5, kjer se beli izogiba 2.Nf3, s posebnim poudarkom na linijah \u00bbAnti-Ruska\u00ab, kot je 2.Bc4.<\/p>\n<p>\u010ce \u017eelite repertoar svetovnega razreda, a nimate vrhunskega spomina, je ta knjiga za vas.<\/p>\n<p>Swapnil Dhopade je mlad indijski velemojster in priznan trener.<\/p>","protected":false},"excerpt":{"rendered":"<p><a href=\"https:\/\/chessgamesemporium.com\/wp-content\/uploads\/2023\/05\/PlayingthePetroff-excerpt.pdf\" target=\"_blank\" rel=\"noopener\">Extrait PDF<\/a><\/p>","protected":false},"featured_media":49793,"comment_status":"closed","ping_status":"closed","template":"","meta":{"_seopress_robots_primary_cat":"none","_seopress_titles_title":"","_seopress_titles_desc":"","_seopress_robots_index":""},"product_brand":[],"product_cat":[605,512],"product_tag":[],"class_list":{"0":"post-48807","1":"product","2":"type-product","3":"status-publish","4":"has-post-thumbnail","6":"product_cat-otvoritve","7":"product_cat-sahovske-knjige","8":"pa_avtor-swapnil-dhopade","9":"pa_glavna-linija-1-e4-e5-2-nf3-nf6","10":"pa_leto-izdaje-750","11":"pa_nivo-knjige-srednji","12":"pa_otvoritev-tema-petrov","13":"pa_stran-crni","14":"pa_tip-knjige-otvoritve","15":"pa_zalozba-quality-chess","17":"entry","18":"has-media","20":"first","21":"instock","22":"taxable","23":"shipping-taxable","24":"purchasable","25":"product-type-simple","26":"has-product-nav","27":"col","28":"span_1_of_4","29":"owp-content-center","30":"item-entry","31":"owp-thumbs-layout-horizontal","32":"owp-btn-normal","33":"owp-tabs-layout-section"},"wcpa_form_fields":null,"_links":{"self":[{"href":"https:\/\/chessgamesemporium.com\/fr\/wp-json\/wp\/v2\/product\/48807","targetHints":{"allow":["GET"]}}],"collection":[{"href":"https:\/\/chessgamesemporium.com\/fr\/wp-json\/wp\/v2\/product"}],"about":[{"href":"https:\/\/chessgamesemporium.com\/fr\/wp-json\/wp\/v2\/types\/product"}],"replies":[{"embeddable":true,"href":"https:\/\/chessgamesemporium.com\/fr\/wp-json\/wp\/v2\/comments?post=48807"}],"version-history":[{"count":0,"href":"https:\/\/chessgamesemporium.com\/fr\/wp-json\/wp\/v2\/product\/48807\/revisions"}],"wp:featuredmedia":[{"embeddable":true,"href":"https:\/\/chessgamesemporium.com\/fr\/wp-json\/wp\/v2\/media\/49793"}],"wp:attachment":[{"href":"https:\/\/chessgamesemporium.com\/fr\/wp-json\/wp\/v2\/media?parent=48807"}],"wp:term":[{"taxonomy":"product_brand","embeddable":true,"href":"https:\/\/chessgamesemporium.com\/fr\/wp-json\/wp\/v2\/product_brand?post=48807"},{"taxonomy":"product_cat","embeddable":true,"href":"https:\/\/chessgamesemporium.com\/fr\/wp-json\/wp\/v2\/product_cat?post=48807"},{"taxonomy":"product_tag","embeddable":true,"href":"https:\/\/chessgamesemporium.com\/fr\/wp-json\/wp\/v2\/product_tag?post=48807"}],"curies":[{"name":"wp","href":"https:\/\/api.w.org\/{rel}","templated":true}]}}