{"id":48808,"date":"2023-05-16T12:27:27","date_gmt":"2023-05-16T12:27:27","guid":{"rendered":"https:\/\/www.ivh44.si\/Ponudbe\/chess\/?post_type=product&#038;p=48808"},"modified":"2026-03-06T09:04:27","modified_gmt":"2026-03-06T09:04:27","slug":"kings-indian-warfare","status":"publish","type":"product","link":"https:\/\/chessgamesemporium.com\/fr\/shop\/livres-echecs\/ouvertures-echecs\/kings-indian-warfare\/","title":{"rendered":"King&#8217;s Indian Warfare"},"content":{"rendered":"<p>Avtor: Ilya Smirin<br \/>\nLeto izdaje: 2016<br \/>\nLangue : Anglais<br \/>\n\u0160t. strani: 352<br \/>\nDimensiones: 24 x 17 cm<br \/>\nCouverture : souple<\/p>\n<p>King&#8217;s Indian Warfare je prakti\u010dni vodi\u010d za najbolj dinami\u010dno in ambiciozno obrambo proti 1. d4. S pomo\u010djo poznavalca se nau\u010dite se odigrati kraljevo indijko tako kot najbolj\u0161i napadalci. V knjigi Smirin komentira na svoje najbolj\u0161e partije kraljeve indijke, ter razlo\u017ei svoje uspehe, vklju\u010dno z mini dvobojem \u0161tirih partij proti biv\u0161emu svetovnemu prvaku Vladimirju Kramniku, ki ga je zmagal z 2\u00bd\u20131\u00bd. V knjigi najdete vse od \u017ertev do pozicijskih mojstrovin.<\/p>\n<p>Velemojster Ilya Smirin je trikratni Izraelski prvak, z osebnim najvi\u0161jim ratingom nad 2700 in je najverjetneje najustvarjalnej\u0161i velemojster svoje generacije.<\/p>","protected":false},"excerpt":{"rendered":"<p><a href=\"https:\/\/chessgamesemporium.com\/wp-content\/uploads\/2023\/05\/KingsIndianWarfare-excerpt.pdf\" target=\"_blank\" rel=\"noopener\">Extrait PDF<\/a><\/p>","protected":false},"featured_media":49791,"comment_status":"closed","ping_status":"closed","template":"","meta":{"_seopress_robots_primary_cat":"none","_seopress_titles_title":"","_seopress_titles_desc":"","_seopress_robots_index":""},"product_brand":[],"product_cat":[605,512],"product_tag":[],"class_list":{"0":"post-48808","1":"product","2":"type-product","3":"status-publish","4":"has-post-thumbnail","6":"product_cat-otvoritve","7":"product_cat-sahovske-knjige","8":"pa_avtor-ilya-smirin","9":"pa_glavna-linija-1-d4-nf6-2-c4-g6-3-nc3-bg7","10":"pa_leto-izdaje-843","11":"pa_nivo-knjige-srednji","12":"pa_otvoritev-tema-kraljeva-indijka","13":"pa_stran-crni","14":"pa_tip-knjige-otvoritve","15":"pa_zalozba-quality-chess","17":"entry","18":"has-media","20":"first","21":"instock","22":"taxable","23":"shipping-taxable","24":"purchasable","25":"product-type-simple","26":"has-product-nav","27":"col","28":"span_1_of_4","29":"owp-content-center","30":"item-entry","31":"owp-thumbs-layout-horizontal","32":"owp-btn-normal","33":"owp-tabs-layout-section","34":"has-no-thumbnails"},"wcpa_form_fields":null,"_links":{"self":[{"href":"https:\/\/chessgamesemporium.com\/fr\/wp-json\/wp\/v2\/product\/48808","targetHints":{"allow":["GET"]}}],"collection":[{"href":"https:\/\/chessgamesemporium.com\/fr\/wp-json\/wp\/v2\/product"}],"about":[{"href":"https:\/\/chessgamesemporium.com\/fr\/wp-json\/wp\/v2\/types\/product"}],"replies":[{"embeddable":true,"href":"https:\/\/chessgamesemporium.com\/fr\/wp-json\/wp\/v2\/comments?post=48808"}],"version-history":[{"count":0,"href":"https:\/\/chessgamesemporium.com\/fr\/wp-json\/wp\/v2\/product\/48808\/revisions"}],"wp:featuredmedia":[{"embeddable":true,"href":"https:\/\/chessgamesemporium.com\/fr\/wp-json\/wp\/v2\/media\/49791"}],"wp:attachment":[{"href":"https:\/\/chessgamesemporium.com\/fr\/wp-json\/wp\/v2\/media?parent=48808"}],"wp:term":[{"taxonomy":"product_brand","embeddable":true,"href":"https:\/\/chessgamesemporium.com\/fr\/wp-json\/wp\/v2\/product_brand?post=48808"},{"taxonomy":"product_cat","embeddable":true,"href":"https:\/\/chessgamesemporium.com\/fr\/wp-json\/wp\/v2\/product_cat?post=48808"},{"taxonomy":"product_tag","embeddable":true,"href":"https:\/\/chessgamesemporium.com\/fr\/wp-json\/wp\/v2\/product_tag?post=48808"}],"curies":[{"name":"wp","href":"https:\/\/api.w.org\/{rel}","templated":true}]}}