{"id":48837,"date":"2023-05-17T12:03:17","date_gmt":"2023-05-17T12:03:17","guid":{"rendered":"https:\/\/www.ivh44.si\/Ponudbe\/chess\/?post_type=product&#038;p=48837"},"modified":"2026-03-06T09:04:27","modified_gmt":"2026-03-06T09:04:27","slug":"playing-1-e4-e5-a-classical-repertoire","status":"publish","type":"product","link":"https:\/\/chessgamesemporium.com\/fr\/shop\/livres-echecs\/ouvertures-echecs\/playing-1-e4-e5-a-classical-repertoire\/","title":{"rendered":"Playing 1.e4 e5: A Classical Repertoire"},"content":{"rendered":"<p>Avtor: Nikolaos Ntirlis<br \/>\nLeto izdaje: 2016<br \/>\nLangue : Anglais<br \/>\n\u0160t. strani: 384<br \/>\nFormat: 24,0 x 17,0 cm<br \/>\nCouverture : souple<\/p>\n<p>Vsak \u0161ahist potrebuje dober odgovor na potezo 1. e4 in ni\u010d ni bolj zanesljivo kot poteza 1&#8230;e5. \u010crni zavzame svoj dele\u017e centra in pripravi dobra polja za razvoj svojih figur. Izziv dana\u0161njega \u010dasa je sestaviti repertoar ne da bi se bilo potrebno zapomniti preve\u010d dolgih, forsiranih in hitro se razvijajo\u010dih variant.<\/p>\n<p>V knjigi \u00bbPlaying 1. e4 e5 \u2013 A classical Repertoire\u00ab ponuja Nikolaos Ntirlis najbolj\u0161e iz starih in novih \u010dasov: popoln repertoar proti 1. e4, sestavljen na jasnih pozicijskih principih, zaradi katerih se nam ni potrebno zapomniti dolgih forsiranih variant. Proti \u0160panki avtor ponuja Breyerjev sistem, kateri je eden bolj stabilnih, ra\u010dunalni\u0161ko upravi\u010dljivih sistemov za \u010drnega. V knigi so tudi odgovori proti \u0160kotski igri, Italijanki, Obrambi \u0161tirih konj in seveda vsi proti raznim gambitom belega.<\/p>\n<p>Nikolaos Ntirlis je otvoritveni strokovnjak in svetovalec velikemu \u0161tevilu velemojstrov. Je pravi raziskovalec. V njegovi knjigi lahko najdemo primere \u0161ahovskih legend kot sta Capablanca in Smislov, kot tudi najnovej\u0161e ra\u010dunalni\u0161ko podprte analize.<\/p>\n<p>&nbsp;<\/p>","protected":false},"excerpt":{"rendered":"<p><a href=\"https:\/\/chessgamesemporium.com\/wp-content\/uploads\/2023\/05\/Playing1e4e5-excerpt.pdf\" target=\"_blank\" rel=\"noopener\">Extrait PDF<\/a><\/p>","protected":false},"featured_media":49787,"comment_status":"closed","ping_status":"closed","template":"","meta":{"_seopress_robots_primary_cat":"none","_seopress_titles_title":"","_seopress_titles_desc":"","_seopress_robots_index":""},"product_brand":[],"product_cat":[605,512],"product_tag":[],"class_list":{"0":"post-48837","1":"product","2":"type-product","3":"status-publish","4":"has-post-thumbnail","6":"product_cat-otvoritve","7":"product_cat-sahovske-knjige","8":"pa_avtor-nikolaos-ntirlis","9":"pa_glavna-linija-1-e4-e5-2-nf3-nc6","10":"pa_leto-izdaje-843","11":"pa_nivo-knjige-napredni","12":"pa_otvoritev-tema-1-e5-odprte-igre","13":"pa_otvoritev-tema-italijanska","14":"pa_otvoritev-tema-skotska","15":"pa_otvoritev-tema-spanska","16":"pa_stran-crni","17":"pa_tip-knjige-otvoritve","18":"pa_zalozba-quality-chess","20":"entry","21":"has-media","23":"first","24":"instock","25":"taxable","26":"shipping-taxable","27":"purchasable","28":"product-type-simple","29":"has-product-nav","30":"col","31":"span_1_of_4","32":"owp-content-center","33":"item-entry","34":"owp-thumbs-layout-horizontal","35":"owp-btn-normal","36":"owp-tabs-layout-section"},"wcpa_form_fields":null,"_links":{"self":[{"href":"https:\/\/chessgamesemporium.com\/fr\/wp-json\/wp\/v2\/product\/48837","targetHints":{"allow":["GET"]}}],"collection":[{"href":"https:\/\/chessgamesemporium.com\/fr\/wp-json\/wp\/v2\/product"}],"about":[{"href":"https:\/\/chessgamesemporium.com\/fr\/wp-json\/wp\/v2\/types\/product"}],"replies":[{"embeddable":true,"href":"https:\/\/chessgamesemporium.com\/fr\/wp-json\/wp\/v2\/comments?post=48837"}],"version-history":[{"count":0,"href":"https:\/\/chessgamesemporium.com\/fr\/wp-json\/wp\/v2\/product\/48837\/revisions"}],"wp:featuredmedia":[{"embeddable":true,"href":"https:\/\/chessgamesemporium.com\/fr\/wp-json\/wp\/v2\/media\/49787"}],"wp:attachment":[{"href":"https:\/\/chessgamesemporium.com\/fr\/wp-json\/wp\/v2\/media?parent=48837"}],"wp:term":[{"taxonomy":"product_brand","embeddable":true,"href":"https:\/\/chessgamesemporium.com\/fr\/wp-json\/wp\/v2\/product_brand?post=48837"},{"taxonomy":"product_cat","embeddable":true,"href":"https:\/\/chessgamesemporium.com\/fr\/wp-json\/wp\/v2\/product_cat?post=48837"},{"taxonomy":"product_tag","embeddable":true,"href":"https:\/\/chessgamesemporium.com\/fr\/wp-json\/wp\/v2\/product_tag?post=48837"}],"curies":[{"name":"wp","href":"https:\/\/api.w.org\/{rel}","templated":true}]}}