{"id":48862,"date":"2023-05-22T12:15:04","date_gmt":"2023-05-22T12:15:04","guid":{"rendered":"https:\/\/www.ivh44.si\/Ponudbe\/chess\/?post_type=product&#038;p=48862"},"modified":"2026-03-06T09:04:27","modified_gmt":"2026-03-06T09:04:27","slug":"1-d4-dynamic-systems","status":"publish","type":"product","link":"https:\/\/chessgamesemporium.com\/fr\/shop\/sahovske-knjige\/otvoritve\/1-d4-dynamic-systems\/","title":{"rendered":"Grandmaster Repertoire 2B: 1.d4 Dynamic Systems"},"content":{"rendered":"<p>Avtor: Boris Avrukh<br \/>\nLeto izdaje: 2019<br \/>\nLangue : Anglais<br \/>\n\u0160t. strani: 592<br \/>\nFormat: 24 x 17 cm<br \/>\nPlatnice: mehke<\/p>\n<p>Ko je Boris Avrukh leta 2008 in 2010 izdal knjige z otvoritvenim repertoarjem 1.d4, so povzro\u010dile senzacijo. GM Michael Adams je pripomnil, da je &#8220;visokokakovostna serija Grandmaster Repertoire ta format dvignila na popolnoma druga\u010dno raven.&#8221; Avrukhova na novo prenovljena serija 1.d4 je letvico dvignila \u0161e vi\u0161je.<\/p>\n<p>Knjiga 2B dopolnjuje serijo z zagotavljanjem najsodobnej\u0161ih protistrupov za zapletene obrambe, kot je Holandka, razli\u010dne Benonijeve postavitve, Vol\u0161ki in \u200b\u200bBudimpe\u0161tanski gambiti ter vse ostalo, kar ni zajeto v knjigah 1A, 1B in 2A. Z ne\u0161tetimi posodobitvami in izbolj\u0161avami avtorjevega prej\u0161njega dela je ta knjiga nujno branje za vsakega ambicioznega igralca 1.d4.<\/p>\n<p>Boris Avrukh je velemojster iz Izraela. Je dobitnik zlate olimpijske medalje, nekdanji svetovni mladinski prvak in partner pri analizi finalistov svetovnega prvenstva.<\/p>","protected":false},"excerpt":{"rendered":"<p><a href=\"https:\/\/chessgamesemporium.com\/wp-content\/uploads\/2023\/05\/DynamicDefences-excerpt.pdf\" target=\"_blank\" rel=\"noopener\">Extrait PDF<\/a><\/p>","protected":false},"featured_media":49783,"comment_status":"closed","ping_status":"closed","template":"","meta":{"_seopress_robots_primary_cat":"none","_seopress_titles_title":"","_seopress_titles_desc":"%%post_content%%","_seopress_robots_index":""},"product_brand":[],"product_cat":[605,512],"product_tag":[],"class_list":{"0":"post-48862","1":"product","2":"type-product","3":"status-publish","4":"has-post-thumbnail","6":"product_cat-otvoritve","7":"product_cat-sahovske-knjige","8":"pa_avtor-boris-avrukh","9":"pa_glavna-linija-1-d4-nf6-2-c4-g6","10":"pa_leto-izdaje-820","11":"pa_nivo-knjige-napredni","12":"pa_otvoritev-tema-benoni","13":"pa_otvoritev-tema-grunfeld","14":"pa_otvoritev-tema-kraljeva-indijka","15":"pa_stran-beli","16":"pa_tip-knjige-otvoritve","17":"pa_zalozba-quality-chess","19":"entry","20":"has-media","22":"first","23":"instock","24":"taxable","25":"shipping-taxable","26":"purchasable","27":"product-type-simple","28":"has-product-nav","29":"col","30":"span_1_of_4","31":"owp-content-center","32":"item-entry","33":"owp-thumbs-layout-horizontal","34":"owp-btn-normal","35":"owp-tabs-layout-section"},"wcpa_form_fields":null,"_links":{"self":[{"href":"https:\/\/chessgamesemporium.com\/fr\/wp-json\/wp\/v2\/product\/48862","targetHints":{"allow":["GET"]}}],"collection":[{"href":"https:\/\/chessgamesemporium.com\/fr\/wp-json\/wp\/v2\/product"}],"about":[{"href":"https:\/\/chessgamesemporium.com\/fr\/wp-json\/wp\/v2\/types\/product"}],"replies":[{"embeddable":true,"href":"https:\/\/chessgamesemporium.com\/fr\/wp-json\/wp\/v2\/comments?post=48862"}],"version-history":[{"count":0,"href":"https:\/\/chessgamesemporium.com\/fr\/wp-json\/wp\/v2\/product\/48862\/revisions"}],"wp:featuredmedia":[{"embeddable":true,"href":"https:\/\/chessgamesemporium.com\/fr\/wp-json\/wp\/v2\/media\/49783"}],"wp:attachment":[{"href":"https:\/\/chessgamesemporium.com\/fr\/wp-json\/wp\/v2\/media?parent=48862"}],"wp:term":[{"taxonomy":"product_brand","embeddable":true,"href":"https:\/\/chessgamesemporium.com\/fr\/wp-json\/wp\/v2\/product_brand?post=48862"},{"taxonomy":"product_cat","embeddable":true,"href":"https:\/\/chessgamesemporium.com\/fr\/wp-json\/wp\/v2\/product_cat?post=48862"},{"taxonomy":"product_tag","embeddable":true,"href":"https:\/\/chessgamesemporium.com\/fr\/wp-json\/wp\/v2\/product_tag?post=48862"}],"curies":[{"name":"wp","href":"https:\/\/api.w.org\/{rel}","templated":true}]}}