{"id":48864,"date":"2023-05-22T12:41:08","date_gmt":"2023-05-22T12:41:08","guid":{"rendered":"https:\/\/www.ivh44.si\/Ponudbe\/chess\/?post_type=product&#038;p=48864"},"modified":"2026-03-06T09:04:27","modified_gmt":"2026-03-06T09:04:27","slug":"1-e4-vs-the-sicilian-iii","status":"publish","type":"product","link":"https:\/\/chessgamesemporium.com\/fr\/shop\/livres-echecs\/ouvertures-echecs\/1-e4-vs-the-sicilian-iii\/","title":{"rendered":"Grandmaster Repertoire: 1.e4 vs The Sicilian III"},"content":{"rendered":"<p>Avtor: Parimarjan Negi<br \/>\nLeto izdaje: 2016<br \/>\nLangue : Anglais<br \/>\nNombre de pages : 400<br \/>\nDimensiones: 24 x 17 cm<br \/>\nCouverture : souple<\/p>\n<p>Tretji del \u00bbGrandmaster Repertoire \u2013 1. e4\u00ab prou\u010duje mnogo zahtevnih siciljanskih variant \u2013 Zmajevko, Rauzerjev sistem, Sve\u0161nikovo in Kala\u0161nikovo varianto. V knjigi je polno novih idej, katere so sestavni del vsakega mo\u010dnej\u0161ega igralca.<\/p>\n<p>Parimarjan Negi je biv\u0161i \u010dude\u017eni de\u010dek in drugi najmlaj\u0161i velemojster vseh \u010dasov. Bil je Azijski prvak leta 2012 in igral na 1. deski za Indijo leta 2014, ko so osvojili bronasto medaljo na olimpijadi leta 2014 v Tromsu.<\/p>","protected":false},"excerpt":{"rendered":"<p><a href=\"https:\/\/chessgamesemporium.com\/wp-content\/uploads\/2023\/05\/1e4vsSicilianIII-excerpt.pdf\" target=\"_blank\" rel=\"noopener\">Extrait PDF<\/a><\/p>","protected":false},"featured_media":49781,"comment_status":"closed","ping_status":"closed","template":"","meta":{"_seopress_robots_primary_cat":"none","_seopress_titles_title":"","_seopress_titles_desc":"","_seopress_robots_index":""},"product_brand":[],"product_cat":[605,512],"product_tag":[],"class_list":{"0":"post-48864","1":"product","2":"type-product","3":"status-publish","4":"has-post-thumbnail","6":"product_cat-otvoritve","7":"product_cat-sahovske-knjige","8":"pa_avtor-parimarjan-negi","9":"pa_glavna-linija-1-e4-c5-2-nf3-d6-3-d4-cxd4","10":"pa_leto-izdaje-843","11":"pa_nivo-knjige-napredni","12":"pa_otvoritev-tema-najdorf","13":"pa_otvoritev-tema-scheveningen","14":"pa_otvoritev-tema-sicilijanka","15":"pa_otvoritev-tema-taimanov","16":"pa_stran-beli","17":"pa_tip-knjige-otvoritve","18":"pa_zalozba-quality-chess","20":"entry","21":"has-media","23":"first","24":"instock","25":"taxable","26":"shipping-taxable","27":"purchasable","28":"product-type-simple","29":"has-product-nav","30":"col","31":"span_1_of_4","32":"owp-content-center","33":"item-entry","34":"owp-thumbs-layout-horizontal","35":"owp-btn-normal","36":"owp-tabs-layout-section"},"wcpa_form_fields":null,"_links":{"self":[{"href":"https:\/\/chessgamesemporium.com\/fr\/wp-json\/wp\/v2\/product\/48864","targetHints":{"allow":["GET"]}}],"collection":[{"href":"https:\/\/chessgamesemporium.com\/fr\/wp-json\/wp\/v2\/product"}],"about":[{"href":"https:\/\/chessgamesemporium.com\/fr\/wp-json\/wp\/v2\/types\/product"}],"replies":[{"embeddable":true,"href":"https:\/\/chessgamesemporium.com\/fr\/wp-json\/wp\/v2\/comments?post=48864"}],"version-history":[{"count":0,"href":"https:\/\/chessgamesemporium.com\/fr\/wp-json\/wp\/v2\/product\/48864\/revisions"}],"wp:featuredmedia":[{"embeddable":true,"href":"https:\/\/chessgamesemporium.com\/fr\/wp-json\/wp\/v2\/media\/49781"}],"wp:attachment":[{"href":"https:\/\/chessgamesemporium.com\/fr\/wp-json\/wp\/v2\/media?parent=48864"}],"wp:term":[{"taxonomy":"product_brand","embeddable":true,"href":"https:\/\/chessgamesemporium.com\/fr\/wp-json\/wp\/v2\/product_brand?post=48864"},{"taxonomy":"product_cat","embeddable":true,"href":"https:\/\/chessgamesemporium.com\/fr\/wp-json\/wp\/v2\/product_cat?post=48864"},{"taxonomy":"product_tag","embeddable":true,"href":"https:\/\/chessgamesemporium.com\/fr\/wp-json\/wp\/v2\/product_tag?post=48864"}],"curies":[{"name":"wp","href":"https:\/\/api.w.org\/{rel}","templated":true}]}}