{"id":48887,"date":"2023-05-23T11:24:36","date_gmt":"2023-05-23T11:24:36","guid":{"rendered":"https:\/\/www.ivh44.si\/Ponudbe\/chess\/?post_type=product&#038;p=48887"},"modified":"2026-03-06T09:04:28","modified_gmt":"2026-03-06T09:04:28","slug":"playing-1-e4-sicilian-main-lines","status":"publish","type":"product","link":"https:\/\/chessgamesemporium.com\/fr\/shop\/livres-echecs\/ouvertures-echecs\/playing-1-e4-sicilian-main-lines\/","title":{"rendered":"Playing 1.e4: Sicilian Main Lines"},"content":{"rendered":"<p>Avtor: John Shaw<br \/>\nAnn\u00e9e de publication : 2018<br \/>\nLangue : Anglais<br \/>\n\u0160t. strani: 456<br \/>\nDimensiones: 24 x 17 cm<br \/>\nCouverture : souple<\/p>\n<p>V tej, zadnji od treh knjig na 1.e4, GM John Shaw dopolnjuje svoj najsodobnej\u0161i repertoar belih s spopadanjem z najve\u010djim izzivom: glavnimi variantami sicilijanske obrambe. Tako kot pri drugih dveh knjigah v seriji, tudi ta knjiga temelji na temeljih preizku\u0161enih glavnih variantah, podprtih s \u0161tevilnimi inovativnimi predlogi, ki va\u0161im nasprotnikom ne bodo nehali povzro\u010dati te\u017eave.<\/p>\n<p>Vklju\u010dno z Zmajevko, Paulsenko, Sve\u0161nikovim in zaklju\u010deno z Najdorfom, ta knjiga ponuja vse, kar potrebujete za samozavestno soo\u010denje z vsemi glavnimi sicilijanskimi sistemi.<\/p>\n<p>John Shaw je velemojster in trikratni \u0161kotski prvak.<\/p>\n<p>&nbsp;<\/p>","protected":false},"excerpt":{"rendered":"<p><a href=\"https:\/\/chessgamesemporium.com\/wp-content\/uploads\/2023\/05\/Playing1e4SicilianMainLines-excerpt.pdf\" target=\"_blank\" rel=\"noopener\">Extrait PDF<\/a><\/p>","protected":false},"featured_media":49767,"comment_status":"closed","ping_status":"closed","template":"","meta":{"_seopress_robots_primary_cat":"none","_seopress_titles_title":"","_seopress_titles_desc":"","_seopress_robots_index":""},"product_brand":[],"product_cat":[605,512],"product_tag":[],"class_list":{"0":"post-48887","1":"product","2":"type-product","3":"status-publish","4":"has-post-thumbnail","6":"product_cat-otvoritve","7":"product_cat-sahovske-knjige","8":"pa_avtor-john-shaw","9":"pa_glavna-linija-1-e4-c5-2-nf3-d6-3-d4-cxd4","10":"pa_leto-izdaje-837","11":"pa_nivo-knjige-napredni","12":"pa_otvoritev-tema-dragon","13":"pa_otvoritev-tema-najdorf","14":"pa_otvoritev-tema-sicilijanka","15":"pa_otvoritev-tema-sveshnikov","16":"pa_otvoritev-tema-taimanov","17":"pa_stran-beli","18":"pa_tip-knjige-otvoritve","19":"pa_zalozba-quality-chess","21":"entry","22":"has-media","24":"first","25":"instock","26":"taxable","27":"shipping-taxable","28":"purchasable","29":"product-type-simple","30":"has-product-nav","31":"col","32":"span_1_of_4","33":"owp-content-center","34":"item-entry","35":"owp-thumbs-layout-horizontal","36":"owp-btn-normal","37":"owp-tabs-layout-section"},"wcpa_form_fields":null,"_links":{"self":[{"href":"https:\/\/chessgamesemporium.com\/fr\/wp-json\/wp\/v2\/product\/48887","targetHints":{"allow":["GET"]}}],"collection":[{"href":"https:\/\/chessgamesemporium.com\/fr\/wp-json\/wp\/v2\/product"}],"about":[{"href":"https:\/\/chessgamesemporium.com\/fr\/wp-json\/wp\/v2\/types\/product"}],"replies":[{"embeddable":true,"href":"https:\/\/chessgamesemporium.com\/fr\/wp-json\/wp\/v2\/comments?post=48887"}],"version-history":[{"count":0,"href":"https:\/\/chessgamesemporium.com\/fr\/wp-json\/wp\/v2\/product\/48887\/revisions"}],"wp:featuredmedia":[{"embeddable":true,"href":"https:\/\/chessgamesemporium.com\/fr\/wp-json\/wp\/v2\/media\/49767"}],"wp:attachment":[{"href":"https:\/\/chessgamesemporium.com\/fr\/wp-json\/wp\/v2\/media?parent=48887"}],"wp:term":[{"taxonomy":"product_brand","embeddable":true,"href":"https:\/\/chessgamesemporium.com\/fr\/wp-json\/wp\/v2\/product_brand?post=48887"},{"taxonomy":"product_cat","embeddable":true,"href":"https:\/\/chessgamesemporium.com\/fr\/wp-json\/wp\/v2\/product_cat?post=48887"},{"taxonomy":"product_tag","embeddable":true,"href":"https:\/\/chessgamesemporium.com\/fr\/wp-json\/wp\/v2\/product_tag?post=48887"}],"curies":[{"name":"wp","href":"https:\/\/api.w.org\/{rel}","templated":true}]}}