{"id":48888,"date":"2023-05-23T11:31:07","date_gmt":"2023-05-23T11:31:07","guid":{"rendered":"https:\/\/www.ivh44.si\/Ponudbe\/chess\/?post_type=product&#038;p=48888"},"modified":"2026-03-06T09:04:28","modified_gmt":"2026-03-06T09:04:28","slug":"playing-1-e4-french-def-and-sicilian-sidelines","status":"publish","type":"product","link":"https:\/\/chessgamesemporium.com\/fr\/shop\/livres-echecs\/ouvertures-echecs\/playing-1-e4-french-def-and-sicilian-sidelines\/","title":{"rendered":"Playing 1.e4: French Defence and Sicilian Sidelines"},"content":{"rendered":"<p>Avtor: John Shaw<br \/>\nAnn\u00e9e de publication : 2018<br \/>\nLangue : Anglais<br \/>\n\u0160t. strani: 384<br \/>\nDimensiones: 24 x 17 cm<br \/>\nCouverture : souple<\/p>\n<p>Razvijanje u\u010dinkovitega repertoarja z 1.e4 zahteva obse\u017eno raziskavo, pome\u0161ano s fino presojo in veliko mero ustvarjalnosti. V tej, drugi od treh knjigv, GM John Shaw usmerja analiti\u010dne \u017earomete na francosko obrambo in zagovarja svoje najljub\u0161e oro\u017eje za belega, Tarraschevo varianto.<\/p>\n<p>Zadnji del knjige se za\u010dne z zahtevno nalogo spoprijemanja s sicilijansko obrambo z upo\u0161tevanjem \u0161tevilnih redkih, a zapletenih mo\u017enosti, ki so na voljo \u010drnemu.<\/p>\n<p>Tako kot prej\u0161nja knjiga v seriji tudi ta knjiga temelji na temeljih preizku\u0161enih glavnih linij, okrepljenih s \u0161tevilnimi inovativnimi predlogi, ki va\u0161im nasprotnikom ne bodo povzro\u010dali konca te\u017eav. Repertoar dopolnjuje tretja knjiga, ki zajema glavne variante sicilijanske obrambe.<\/p>\n<p>John Shaw je velemojster in trikratni \u0161kotski prvak.<\/p>","protected":false},"excerpt":{"rendered":"<p><a href=\"https:\/\/chessgamesemporium.com\/wp-content\/uploads\/2023\/05\/Playing1e4FrenchDefenceSicilianSidelines-excerpt.pdf\" target=\"_blank\" rel=\"noopener\">Extrait PDF<\/a><\/p>","protected":false},"featured_media":49765,"comment_status":"closed","ping_status":"closed","template":"","meta":{"_seopress_robots_primary_cat":"none","_seopress_titles_title":"","_seopress_titles_desc":"","_seopress_robots_index":""},"product_brand":[],"product_cat":[605,512],"product_tag":[],"class_list":{"0":"post-48888","1":"product","2":"type-product","3":"status-publish","4":"has-post-thumbnail","6":"product_cat-otvoritve","7":"product_cat-sahovske-knjige","8":"pa_avtor-john-shaw","9":"pa_glavna-linija-1-e4-c5-2-nf3","10":"pa_glavna-linija-1-e4-e6-2-d4-d5","11":"pa_leto-izdaje-837","12":"pa_nivo-knjige-napredni","13":"pa_otvoritev-tema-anti-sicilians","14":"pa_otvoritev-tema-francoska","15":"pa_otvoritev-tema-sicilijanka","16":"pa_stran-beli","17":"pa_tip-knjige-otvoritve","18":"pa_zalozba-quality-chess","20":"entry","21":"has-media","23":"first","24":"instock","25":"taxable","26":"shipping-taxable","27":"purchasable","28":"product-type-simple","29":"has-product-nav","30":"col","31":"span_1_of_4","32":"owp-content-center","33":"item-entry","34":"owp-thumbs-layout-horizontal","35":"owp-btn-normal","36":"owp-tabs-layout-section"},"wcpa_form_fields":null,"_links":{"self":[{"href":"https:\/\/chessgamesemporium.com\/fr\/wp-json\/wp\/v2\/product\/48888","targetHints":{"allow":["GET"]}}],"collection":[{"href":"https:\/\/chessgamesemporium.com\/fr\/wp-json\/wp\/v2\/product"}],"about":[{"href":"https:\/\/chessgamesemporium.com\/fr\/wp-json\/wp\/v2\/types\/product"}],"replies":[{"embeddable":true,"href":"https:\/\/chessgamesemporium.com\/fr\/wp-json\/wp\/v2\/comments?post=48888"}],"version-history":[{"count":0,"href":"https:\/\/chessgamesemporium.com\/fr\/wp-json\/wp\/v2\/product\/48888\/revisions"}],"wp:featuredmedia":[{"embeddable":true,"href":"https:\/\/chessgamesemporium.com\/fr\/wp-json\/wp\/v2\/media\/49765"}],"wp:attachment":[{"href":"https:\/\/chessgamesemporium.com\/fr\/wp-json\/wp\/v2\/media?parent=48888"}],"wp:term":[{"taxonomy":"product_brand","embeddable":true,"href":"https:\/\/chessgamesemporium.com\/fr\/wp-json\/wp\/v2\/product_brand?post=48888"},{"taxonomy":"product_cat","embeddable":true,"href":"https:\/\/chessgamesemporium.com\/fr\/wp-json\/wp\/v2\/product_cat?post=48888"},{"taxonomy":"product_tag","embeddable":true,"href":"https:\/\/chessgamesemporium.com\/fr\/wp-json\/wp\/v2\/product_tag?post=48888"}],"curies":[{"name":"wp","href":"https:\/\/api.w.org\/{rel}","templated":true}]}}