{"id":48918,"date":"2023-05-23T12:31:46","date_gmt":"2023-05-23T12:31:46","guid":{"rendered":"https:\/\/www.ivh44.si\/Ponudbe\/chess\/?post_type=product&#038;p=48918"},"modified":"2026-03-06T09:04:28","modified_gmt":"2026-03-06T09:04:28","slug":"grandmaster-repertoire-2a-kings-indian-and-grunfeld","status":"publish","type":"product","link":"https:\/\/chessgamesemporium.com\/fr\/shop\/livres-echecs\/ouvertures-echecs\/grandmaster-repertoire-2a-kings-indian-and-grunfeld\/","title":{"rendered":"Grandmaster Repertoire 2A: King&#8217;s Indian &#038; Grunfeld"},"content":{"rendered":"<p>Avtor: Boris Avrukh<br \/>\nAnn\u00e9e de publication : 2018<br \/>\nLangue : Anglais<br \/>\n\u0160t. strani: 336<br \/>\nDimensiones: 24 x 17 cm<br \/>\nCouverture : souple<\/p>\n<p>Ko je Boris Avrukh leta 2008 in 2010 izdal svoje repertoarne knjige 1.d4, so povzro\u010dile senzacijo. GM Michael Adams je pripomnil, da je &#8220;visokokakovostna serija Grandmaster Repertoire ta format dvignila na popolnoma druga\u010dno raven.&#8221;<br \/>\nKnjiga 2A je tretji od \u0161tirih povsem novih knjig, v katerih Avrukh prenavlja, \u0161iri in na splo\u0161no izbolj\u0161uje svoje prej\u0161nje delo na vse mogo\u010de na\u010dine. Ta knjiga ponuja repertoar svetovnega razreda proti Gr\u00fcnfeldu in Kraljevi indijki, dvema najbolj priljubljenima in dinami\u010dnima obrambama \u010drnega. Avtor ostaja zvest svojemu najljub\u0161emu sistemu Fianchetto, vendar ga je popolnoma na novo analiziral, da bi ustvaril \u0161e u\u010dinkovitej\u0161e repertoarno oro\u017eje kot prej.<\/p>\n<p>Boris Avrukh je velemojster iz Izraela. Je dobitnik zlate olimpijske medalje, nekdanji svetovni mladinski prvak in partner pri analizi finalistov svetovnega prvenstva.<\/p>","protected":false},"excerpt":{"rendered":"<p><a href=\"https:\/\/chessgamesemporium.com\/wp-content\/uploads\/2023\/05\/GM2A-KingsIndianandGrunfeld-excerpt.pdf\" target=\"_blank\" rel=\"noopener\">Extrait PDF<\/a><\/p>","protected":false},"featured_media":49755,"comment_status":"closed","ping_status":"closed","template":"","meta":{"_seopress_robots_primary_cat":"none","_seopress_titles_title":"","_seopress_titles_desc":"","_seopress_robots_index":""},"product_brand":[],"product_cat":[605,512],"product_tag":[],"class_list":{"0":"post-48918","1":"product","2":"type-product","3":"status-publish","4":"has-post-thumbnail","6":"product_cat-otvoritve","7":"product_cat-sahovske-knjige","8":"pa_avtor-boris-avrukh","9":"pa_glavna-linija-1-d4-nf6-2-c4-g6","10":"pa_leto-izdaje-837","11":"pa_nivo-knjige-napredni","12":"pa_otvoritev-tema-grunfeld","13":"pa_otvoritev-tema-kraljeva-indijka","14":"pa_stran-crni","15":"pa_tip-knjige-otvoritve","16":"pa_zalozba-quality-chess","18":"entry","19":"has-media","21":"first","22":"instock","23":"taxable","24":"shipping-taxable","25":"purchasable","26":"product-type-simple","27":"has-product-nav","28":"col","29":"span_1_of_4","30":"owp-content-center","31":"item-entry","32":"owp-thumbs-layout-horizontal","33":"owp-btn-normal","34":"owp-tabs-layout-section"},"wcpa_form_fields":null,"_links":{"self":[{"href":"https:\/\/chessgamesemporium.com\/fr\/wp-json\/wp\/v2\/product\/48918","targetHints":{"allow":["GET"]}}],"collection":[{"href":"https:\/\/chessgamesemporium.com\/fr\/wp-json\/wp\/v2\/product"}],"about":[{"href":"https:\/\/chessgamesemporium.com\/fr\/wp-json\/wp\/v2\/types\/product"}],"replies":[{"embeddable":true,"href":"https:\/\/chessgamesemporium.com\/fr\/wp-json\/wp\/v2\/comments?post=48918"}],"version-history":[{"count":0,"href":"https:\/\/chessgamesemporium.com\/fr\/wp-json\/wp\/v2\/product\/48918\/revisions"}],"wp:featuredmedia":[{"embeddable":true,"href":"https:\/\/chessgamesemporium.com\/fr\/wp-json\/wp\/v2\/media\/49755"}],"wp:attachment":[{"href":"https:\/\/chessgamesemporium.com\/fr\/wp-json\/wp\/v2\/media?parent=48918"}],"wp:term":[{"taxonomy":"product_brand","embeddable":true,"href":"https:\/\/chessgamesemporium.com\/fr\/wp-json\/wp\/v2\/product_brand?post=48918"},{"taxonomy":"product_cat","embeddable":true,"href":"https:\/\/chessgamesemporium.com\/fr\/wp-json\/wp\/v2\/product_cat?post=48918"},{"taxonomy":"product_tag","embeddable":true,"href":"https:\/\/chessgamesemporium.com\/fr\/wp-json\/wp\/v2\/product_tag?post=48918"}],"curies":[{"name":"wp","href":"https:\/\/api.w.org\/{rel}","templated":true}]}}