{"id":48929,"date":"2023-05-29T08:37:10","date_gmt":"2023-05-29T08:37:10","guid":{"rendered":"https:\/\/www.ivh44.si\/Ponudbe\/chess\/?post_type=product&#038;p=48929"},"modified":"2026-03-06T09:04:34","modified_gmt":"2026-03-06T09:04:34","slug":"magnus-carlsens-middlegame-evolution","status":"publish","type":"product","link":"https:\/\/chessgamesemporium.com\/fr\/shop\/livres-echecs\/strategie-et-tactique\/magnus-carlsens-middlegame-evolution\/","title":{"rendered":"Magnus Carlsen&#8217;s Middlegame Evolution"},"content":{"rendered":"<p>Avtor: Ivan Sokolov<br \/>\nLeto izdaje: 2022<br \/>\nLangue : Anglais<br \/>\n\u0160t. strani: 280<br \/>\nDimensiones: 24 x 17 cm<br \/>\nCouverture : souple<\/p>\n<p>Obvladovanje srednje igre Magnusa Carlsena je osupljivo, celo po standardih svetovnih prvakov. Toda kako se je ta mo\u010d razvila in kaj se lahko drugi nau\u010dimo iz nje? Za razlago skrivnosti je potreben \u0161e en elitni velemojster in Ivan Sokolov je popolnoma usposobljen za to vlogo.<\/p>\n<p>Magnus Carlsen&#8217;s Middlegame Evolution omogo\u010da bralcu, da slavi briljantnost najvi\u0161je ocenjenega \u0161ahista v zgodovini, medtem ko se u\u010di na njegovem primeru. S pronicljivo komentiranimi partijami nas Sokolov popelje v um \u0161ahovskega genija.<\/p>\n<p>GM Ivan Sokolov je jugoslovanski in dvakratni nizozemski prvak z desetletnimi izku\u0161njami v elitnem \u0161ahu. Njegov najvi\u0161ji rating je bil nad 2700, njegov obse\u017een seznam skalpov pa vklju\u010duje Kasparova, Kramnika in Ananda.<\/p>\n<p>&nbsp;<\/p>","protected":false},"excerpt":{"rendered":"<p><a href=\"https:\/\/chessgamesemporium.com\/wp-content\/uploads\/2023\/05\/MagnusCarlsensMiddlegameEvolution-excerpt.pdf\" target=\"_blank\" rel=\"noopener\">Extrait PDF<\/a><\/p>","protected":false},"featured_media":48939,"comment_status":"closed","ping_status":"closed","template":"","meta":{"_seopress_robots_primary_cat":"none","_seopress_titles_title":"","_seopress_titles_desc":"","_seopress_robots_index":""},"product_brand":[],"product_cat":[512,608],"product_tag":[],"class_list":{"0":"post-48929","1":"product","2":"type-product","3":"status-publish","4":"has-post-thumbnail","6":"product_cat-sahovske-knjige","7":"product_cat-strategija-in-taktika","8":"pa_avtor-ivan-sokolov","9":"pa_leto-izdaje-747","10":"pa_nivo-knjige-srednji","11":"pa_stran-oboje-nevtralno","12":"pa_tip-knjige-srednja-igra-strategija","13":"pa_zalozba-quality-chess","15":"entry","16":"has-media","18":"first","19":"instock","20":"taxable","21":"shipping-taxable","22":"purchasable","23":"product-type-simple","24":"has-product-nav","25":"col","26":"span_1_of_4","27":"owp-content-center","28":"item-entry","29":"owp-thumbs-layout-horizontal","30":"owp-btn-normal","31":"owp-tabs-layout-section"},"wcpa_form_fields":null,"_links":{"self":[{"href":"https:\/\/chessgamesemporium.com\/fr\/wp-json\/wp\/v2\/product\/48929","targetHints":{"allow":["GET"]}}],"collection":[{"href":"https:\/\/chessgamesemporium.com\/fr\/wp-json\/wp\/v2\/product"}],"about":[{"href":"https:\/\/chessgamesemporium.com\/fr\/wp-json\/wp\/v2\/types\/product"}],"replies":[{"embeddable":true,"href":"https:\/\/chessgamesemporium.com\/fr\/wp-json\/wp\/v2\/comments?post=48929"}],"version-history":[{"count":0,"href":"https:\/\/chessgamesemporium.com\/fr\/wp-json\/wp\/v2\/product\/48929\/revisions"}],"wp:featuredmedia":[{"embeddable":true,"href":"https:\/\/chessgamesemporium.com\/fr\/wp-json\/wp\/v2\/media\/48939"}],"wp:attachment":[{"href":"https:\/\/chessgamesemporium.com\/fr\/wp-json\/wp\/v2\/media?parent=48929"}],"wp:term":[{"taxonomy":"product_brand","embeddable":true,"href":"https:\/\/chessgamesemporium.com\/fr\/wp-json\/wp\/v2\/product_brand?post=48929"},{"taxonomy":"product_cat","embeddable":true,"href":"https:\/\/chessgamesemporium.com\/fr\/wp-json\/wp\/v2\/product_cat?post=48929"},{"taxonomy":"product_tag","embeddable":true,"href":"https:\/\/chessgamesemporium.com\/fr\/wp-json\/wp\/v2\/product_tag?post=48929"}],"curies":[{"name":"wp","href":"https:\/\/api.w.org\/{rel}","templated":true}]}}