{"id":48933,"date":"2023-05-29T09:56:45","date_gmt":"2023-05-29T09:56:45","guid":{"rendered":"https:\/\/www.ivh44.si\/Ponudbe\/chess\/?post_type=product&#038;p=48933"},"modified":"2026-03-11T12:35:07","modified_gmt":"2026-03-11T12:35:07","slug":"the-secret-ingridient","status":"publish","type":"product","link":"https:\/\/chessgamesemporium.com\/fr\/shop\/livres-echecs\/strategie-et-tactique\/the-secret-ingridient\/","title":{"rendered":"The Secret Ingredient: To Winning at Chess"},"content":{"rendered":"<p>Avtor: Jan Markos, David Navara<br \/>\nLeto izdaje: 2021<br \/>\nLangue : Anglais<br \/>\n\u0160t. strani: 224<br \/>\nDimensiones: 24 x 17 cm<br \/>\nPlatnice: trde<\/p>\n<p>The Secret Ingredient je vodnik za maksimiranje va\u0161ih rezultatov v \u0161ahu, ki se osredoto\u010da na klju\u010dne elemente prakti\u010dne igre, katerim se je v prej\u0161nji \u0161ahovski literaturi posve\u010dalo malo ali ni\u010d pozornosti.<\/p>\n<p>Kako natan\u010dno lahko najbolje izkoristimo ra\u010dunalnike? Kak\u0161en je idealen, korak za korakom na\u010din priprave proti dolo\u010denemu nasprotniku? Kako lahko optimiziramo upravljanje s \u010dasom? In katera je klju\u010dna ve\u0161\u010dina, ki lo\u010di najbolj\u0161e igralce od tistih, ki \u0161e niso dosegli svojega polnega potenciala? Velemojster Jan Markos osvetljuje te teme in \u0161e marsikaj, pri \u010demer mu pomagajo namigi vrhunskega velemojstra in njegovega dobrega prijatelja Velemojstra Davida Navare.<\/p>\n<p>Jan Markos je slova\u0161ki velemojster in trener. Njegova prej\u0161nja knjiga Under the Surface je bila leta 2018 knjiga leta angle\u0161ke \u0161ahovske zveze.<\/p>\n<p>David Navara je desetkratni \u010de\u0161ki prvak in velemojster svetovnega kova. Znan je po tem, da zdru\u017euje borbenost z izjemnim \u0161portnim duhom.<\/p>","protected":false},"excerpt":{"rendered":"<p><a href=\"https:\/\/chessgamesemporium.com\/wp-content\/uploads\/2023\/05\/TheSecretIngredient-excerpt.pdf\" target=\"_blank\" rel=\"noopener\">Extrait PDF<\/a><\/p>","protected":false},"featured_media":48945,"comment_status":"closed","ping_status":"closed","template":"","meta":{"_seopress_robots_primary_cat":"none","_seopress_titles_title":"","_seopress_titles_desc":"%%post_content%%","_seopress_robots_index":""},"product_brand":[],"product_cat":[512,608],"product_tag":[],"class_list":{"0":"post-48933","1":"product","2":"type-product","3":"status-publish","4":"has-post-thumbnail","6":"product_cat-sahovske-knjige","7":"product_cat-strategija-in-taktika","8":"pa_avtor-david-navara","9":"pa_avtor-jan-markos","10":"pa_leto-izdaje-745","11":"pa_nivo-knjige-srednji","12":"pa_stran-oboje-nevtralno","13":"pa_tip-knjige-srednja-igra-strategija","14":"pa_zalozba-quality-chess","16":"entry","17":"has-media","19":"first","20":"instock","21":"taxable","22":"shipping-taxable","23":"purchasable","24":"product-type-variable","25":"has-product-nav","26":"col","27":"span_1_of_4","28":"owp-content-center","29":"item-entry","30":"owp-thumbs-layout-horizontal","31":"owp-btn-normal","32":"owp-tabs-layout-section","33":"has-no-thumbnails"},"wcpa_form_fields":null,"_links":{"self":[{"href":"https:\/\/chessgamesemporium.com\/fr\/wp-json\/wp\/v2\/product\/48933","targetHints":{"allow":["GET"]}}],"collection":[{"href":"https:\/\/chessgamesemporium.com\/fr\/wp-json\/wp\/v2\/product"}],"about":[{"href":"https:\/\/chessgamesemporium.com\/fr\/wp-json\/wp\/v2\/types\/product"}],"replies":[{"embeddable":true,"href":"https:\/\/chessgamesemporium.com\/fr\/wp-json\/wp\/v2\/comments?post=48933"}],"version-history":[{"count":0,"href":"https:\/\/chessgamesemporium.com\/fr\/wp-json\/wp\/v2\/product\/48933\/revisions"}],"wp:featuredmedia":[{"embeddable":true,"href":"https:\/\/chessgamesemporium.com\/fr\/wp-json\/wp\/v2\/media\/48945"}],"wp:attachment":[{"href":"https:\/\/chessgamesemporium.com\/fr\/wp-json\/wp\/v2\/media?parent=48933"}],"wp:term":[{"taxonomy":"product_brand","embeddable":true,"href":"https:\/\/chessgamesemporium.com\/fr\/wp-json\/wp\/v2\/product_brand?post=48933"},{"taxonomy":"product_cat","embeddable":true,"href":"https:\/\/chessgamesemporium.com\/fr\/wp-json\/wp\/v2\/product_cat?post=48933"},{"taxonomy":"product_tag","embeddable":true,"href":"https:\/\/chessgamesemporium.com\/fr\/wp-json\/wp\/v2\/product_tag?post=48933"}],"curies":[{"name":"wp","href":"https:\/\/api.w.org\/{rel}","templated":true}]}}