{"id":48935,"date":"2023-05-29T09:59:50","date_gmt":"2023-05-29T09:59:50","guid":{"rendered":"https:\/\/www.ivh44.si\/Ponudbe\/chess\/?post_type=product&#038;p=48935"},"modified":"2026-03-11T12:36:55","modified_gmt":"2026-03-11T12:36:55","slug":"street-smart-chess","status":"publish","type":"product","link":"https:\/\/chessgamesemporium.com\/fr\/shop\/livres-echecs\/strategie-et-tactique\/street-smart-chess\/","title":{"rendered":"Street Smart Chess"},"content":{"rendered":"<p>Avtor: Axel Smith<br \/>\nLeto izdaje: 2021<br \/>\nLangue : Anglais<br \/>\n\u0160t. strani: 248<br \/>\nDimensiones: 24 x 17 cm<br \/>\nPlatnice: trde<\/p>\n<p>Street Smart Chess je strokovni vodnik za doseganje ve\u010d to\u010dk pri \u0161ahu. Kdaj se izpla\u010da igrati na zmago? Kdaj na remi? Kako svoj stil igre prilagodi\u0161 svojemu cilju?<\/p>\n<p>GM Axel Smith odgovarja na ta vpra\u0161anja in \u0161e ve\u010d, tako da za vsako poglavje uporabi igralca svetovnega kova. Nau\u010dite se, kako Magnus Carlsen dosega zmage z enakih polo\u017eajev; kako David Navara premaga ni\u017eje ratingirane nasprotnike in kako Baskaran Adhiban premaga vi\u0161je ragingirane! Ali pa iztiri nasprotnika \u017ee v otvoritvi kot to po\u010dne Peter Heine Nielsen.<\/p>\n<p>Axel Smith je ve\u010dkrat nagrajeni avtor knjig The Woodpecker Method, Pump Up Your Rating in e3 Poison, ki so jih bralci in recenzenti z navdu\u0161enjem sprejeli. Z uporabo metode detlja (Woodpecker method) kot del svojega usposabljanja se je kot odrasel izbolj\u0161al z ratinga 2100 v velemojstra.<\/p>","protected":false},"excerpt":{"rendered":"<p><a href=\"https:\/\/chessgamesemporium.com\/wp-content\/uploads\/2023\/05\/StreetSmartChess-excerpt.pdf\" target=\"_blank\" rel=\"noopener\">Extrait PDF<\/a><\/p>","protected":false},"featured_media":48947,"comment_status":"closed","ping_status":"closed","template":"","meta":{"_seopress_robots_primary_cat":"none","_seopress_titles_title":"","_seopress_titles_desc":"","_seopress_robots_index":""},"product_brand":[],"product_cat":[608,512],"product_tag":[],"class_list":{"0":"post-48935","1":"product","2":"type-product","3":"status-publish","4":"has-post-thumbnail","6":"product_cat-strategija-in-taktika","7":"product_cat-sahovske-knjige","8":"pa_avtor-axel-smith","9":"pa_leto-izdaje-745","10":"pa_nivo-knjige-srednji","11":"pa_stran-oboje-nevtralno","12":"pa_tip-knjige-srednja-igra-strategija","13":"pa_zalozba-quality-chess","15":"entry","16":"has-media","18":"first","19":"instock","20":"taxable","21":"shipping-taxable","22":"purchasable","23":"product-type-variable","24":"has-product-nav","25":"col","26":"span_1_of_4","27":"owp-content-center","28":"item-entry","29":"owp-thumbs-layout-horizontal","30":"owp-btn-normal","31":"owp-tabs-layout-section"},"wcpa_form_fields":null,"_links":{"self":[{"href":"https:\/\/chessgamesemporium.com\/fr\/wp-json\/wp\/v2\/product\/48935","targetHints":{"allow":["GET"]}}],"collection":[{"href":"https:\/\/chessgamesemporium.com\/fr\/wp-json\/wp\/v2\/product"}],"about":[{"href":"https:\/\/chessgamesemporium.com\/fr\/wp-json\/wp\/v2\/types\/product"}],"replies":[{"embeddable":true,"href":"https:\/\/chessgamesemporium.com\/fr\/wp-json\/wp\/v2\/comments?post=48935"}],"version-history":[{"count":0,"href":"https:\/\/chessgamesemporium.com\/fr\/wp-json\/wp\/v2\/product\/48935\/revisions"}],"wp:featuredmedia":[{"embeddable":true,"href":"https:\/\/chessgamesemporium.com\/fr\/wp-json\/wp\/v2\/media\/48947"}],"wp:attachment":[{"href":"https:\/\/chessgamesemporium.com\/fr\/wp-json\/wp\/v2\/media?parent=48935"}],"wp:term":[{"taxonomy":"product_brand","embeddable":true,"href":"https:\/\/chessgamesemporium.com\/fr\/wp-json\/wp\/v2\/product_brand?post=48935"},{"taxonomy":"product_cat","embeddable":true,"href":"https:\/\/chessgamesemporium.com\/fr\/wp-json\/wp\/v2\/product_cat?post=48935"},{"taxonomy":"product_tag","embeddable":true,"href":"https:\/\/chessgamesemporium.com\/fr\/wp-json\/wp\/v2\/product_tag?post=48935"}],"curies":[{"name":"wp","href":"https:\/\/api.w.org\/{rel}","templated":true}]}}