{"id":48950,"date":"2023-05-29T10:06:47","date_gmt":"2023-05-29T10:06:47","guid":{"rendered":"https:\/\/www.ivh44.si\/Ponudbe\/chess\/?post_type=product&#038;p=48950"},"modified":"2026-03-06T09:05:04","modified_gmt":"2026-03-06T09:05:04","slug":"the-science-of-strategy","status":"publish","type":"product","link":"https:\/\/chessgamesemporium.com\/fr\/shop\/sahovske-knjige\/strategija-in-taktika\/the-science-of-strategy\/","title":{"rendered":"THE SCIENCE OF STRATEGY"},"content":{"rendered":"<p>Avtor: Alexander Kotov<br \/>\nLeto izdaje: 2019<br \/>\nLangue : Anglais<br \/>\n\u0160t. strani: 240<br \/>\nFormat: 24 x 17 cm<br \/>\nPlatnice: mehke<\/p>\n<p>\u0160ah je strate\u0161ko zelo globoka igra, tako da ni \u010dudno, da igralci pogosto ne najdejo prave strategije med igro samo. Ra\u010dunalnik nam lahko poka\u017ee dobro potezo, a nam ne razlo\u017eijo, kako poteza ustreza na\u0161emu planu.<\/p>\n<p>V knjigi The Science of Strategy, se Aleksander Kotov sistemati\u010dno loti te te\u017eke naloge. Najprej se loti vloge kmetov, katerim postopoma dodaja strate\u0161ke elemente, dokler ne dobimo cele slike. \u0160e te\u017eja naloga od strate\u0161kih elementov, je ocena pozicije in izdelava na\u010drta na podlagi ocene pozicije.<\/p>\n<p>Kotov ima bralcu prijazen stil, kjer se bolj kot na same poteze, zana\u0161a na besedno razlago oz. komentiranjem partij svetovnih prvakov kot npr. Aljehin, Botvinik in Karpov.<\/p>","protected":false},"excerpt":{"rendered":"<p><a href=\"https:\/\/chessgamesemporium.com\/wp-content\/uploads\/2023\/05\/ScienceofStrategy-excerpt.pdf\" target=\"_blank\" rel=\"noopener\">Extrait PDF<\/a><\/p>","protected":false},"featured_media":48963,"comment_status":"closed","ping_status":"closed","template":"","meta":{"_seopress_robots_primary_cat":"none","_seopress_titles_title":"","_seopress_titles_desc":"","_seopress_robots_index":""},"product_brand":[],"product_cat":[608,512],"product_tag":[],"class_list":{"0":"post-48950","1":"product","2":"type-product","3":"status-publish","4":"has-post-thumbnail","6":"product_cat-strategija-in-taktika","7":"product_cat-sahovske-knjige","8":"pa_avtor-alexander-kotov","9":"pa_leto-izdaje-820","10":"pa_nivo-knjige-srednji","11":"pa_stran-oboje-nevtralno","12":"pa_tip-knjige-srednja-igra-strategija","13":"pa_zalozba-quality-chess","15":"entry","16":"has-media","18":"first","19":"instock","20":"taxable","21":"shipping-taxable","22":"purchasable","23":"product-type-simple","24":"has-product-nav","25":"col","26":"span_1_of_4","27":"owp-content-center","28":"item-entry","29":"owp-thumbs-layout-horizontal","30":"owp-btn-normal","31":"owp-tabs-layout-section"},"wcpa_form_fields":null,"_links":{"self":[{"href":"https:\/\/chessgamesemporium.com\/fr\/wp-json\/wp\/v2\/product\/48950","targetHints":{"allow":["GET"]}}],"collection":[{"href":"https:\/\/chessgamesemporium.com\/fr\/wp-json\/wp\/v2\/product"}],"about":[{"href":"https:\/\/chessgamesemporium.com\/fr\/wp-json\/wp\/v2\/types\/product"}],"replies":[{"embeddable":true,"href":"https:\/\/chessgamesemporium.com\/fr\/wp-json\/wp\/v2\/comments?post=48950"}],"version-history":[{"count":0,"href":"https:\/\/chessgamesemporium.com\/fr\/wp-json\/wp\/v2\/product\/48950\/revisions"}],"wp:featuredmedia":[{"embeddable":true,"href":"https:\/\/chessgamesemporium.com\/fr\/wp-json\/wp\/v2\/media\/48963"}],"wp:attachment":[{"href":"https:\/\/chessgamesemporium.com\/fr\/wp-json\/wp\/v2\/media?parent=48950"}],"wp:term":[{"taxonomy":"product_brand","embeddable":true,"href":"https:\/\/chessgamesemporium.com\/fr\/wp-json\/wp\/v2\/product_brand?post=48950"},{"taxonomy":"product_cat","embeddable":true,"href":"https:\/\/chessgamesemporium.com\/fr\/wp-json\/wp\/v2\/product_cat?post=48950"},{"taxonomy":"product_tag","embeddable":true,"href":"https:\/\/chessgamesemporium.com\/fr\/wp-json\/wp\/v2\/product_tag?post=48950"}],"curies":[{"name":"wp","href":"https:\/\/api.w.org\/{rel}","templated":true}]}}