{"id":48951,"date":"2023-05-29T10:09:35","date_gmt":"2023-05-29T10:09:35","guid":{"rendered":"https:\/\/www.ivh44.si\/Ponudbe\/chess\/?post_type=product&#038;p=48951"},"modified":"2026-03-12T08:03:08","modified_gmt":"2026-03-12T08:03:08","slug":"small-steps-2-success","status":"publish","type":"product","link":"https:\/\/chessgamesemporium.com\/fr\/shop\/sahovske-knjige\/strategija-in-taktika\/small-steps-2-success\/","title":{"rendered":"SMALL STEPS 2 SUCCESS"},"content":{"rendered":"<p>Avtor: Sam Shankland<br \/>\nLeto izdaje: 2019<br \/>\nLangue : Anglais<br \/>\n\u0160t. strani: 360<br \/>\nFormat: 24 x 17 cm<br \/>\nPlatnice: mehke<\/p>\n<p>Igra s kmeti je osnova \u0161ahovske strategija, a mnogokrat prezrt stret\u0161ki element v \u0161ahovski literaturi. V tej, drugi knjigi o igri s kmeti se Super velemojster Sam Shankland osredoto\u010da na pomembnost prostih kmetov.<\/p>\n<p>Prosti kmetje &#8211; povezani, osamljeni ali za\u0161\u010diteni &#8211; so kar pogost pojav v sredi\u0161njici in kon\u010dnici. Obvladovanje strate\u0161kih motivov v igri z ali proti takim kmetom je lahko klju\u010dnega pomena za kon\u010dni izzid v partiji.<\/p>\n<p>Sam Shankland je velemojster svetovnega kova in zvezda stalnica v ameri\u0161ki reprezentanci. Leta 2018 je postal ameri\u0161ki prvak, pohvali se lahko tudi z dvema zlatima olimpijskima odli\u010djima.<\/p>","protected":false},"excerpt":{"rendered":"<p><a href=\"https:\/\/chessgamesemporium.com\/wp-content\/uploads\/2023\/05\/SmallSteps2Success-excerpt.pdf\" target=\"_blank\" rel=\"noopener\">Extrait PDF<\/a><\/p>","protected":false},"featured_media":48965,"comment_status":"closed","ping_status":"closed","template":"","meta":{"_seopress_robots_primary_cat":"none","_seopress_titles_title":"","_seopress_titles_desc":"","_seopress_robots_index":""},"product_brand":[],"product_cat":[512,608],"product_tag":[],"class_list":{"0":"post-48951","1":"product","2":"type-product","3":"status-publish","4":"has-post-thumbnail","6":"product_cat-sahovske-knjige","7":"product_cat-strategija-in-taktika","8":"pa_avtor-sam-shankland","9":"pa_leto-izdaje-820","10":"pa_nivo-knjige-srednji","11":"pa_stran-oboje-nevtralno","12":"pa_tip-knjige-srednja-igra-strategija","13":"pa_zalozba-quality-chess","15":"entry","16":"has-media","18":"first","19":"instock","20":"taxable","21":"shipping-taxable","22":"purchasable","23":"product-type-simple","24":"has-product-nav","25":"col","26":"span_1_of_4","27":"owp-content-center","28":"item-entry","29":"owp-thumbs-layout-horizontal","30":"owp-btn-normal","31":"owp-tabs-layout-section"},"wcpa_form_fields":null,"_links":{"self":[{"href":"https:\/\/chessgamesemporium.com\/fr\/wp-json\/wp\/v2\/product\/48951","targetHints":{"allow":["GET"]}}],"collection":[{"href":"https:\/\/chessgamesemporium.com\/fr\/wp-json\/wp\/v2\/product"}],"about":[{"href":"https:\/\/chessgamesemporium.com\/fr\/wp-json\/wp\/v2\/types\/product"}],"replies":[{"embeddable":true,"href":"https:\/\/chessgamesemporium.com\/fr\/wp-json\/wp\/v2\/comments?post=48951"}],"version-history":[{"count":0,"href":"https:\/\/chessgamesemporium.com\/fr\/wp-json\/wp\/v2\/product\/48951\/revisions"}],"wp:featuredmedia":[{"embeddable":true,"href":"https:\/\/chessgamesemporium.com\/fr\/wp-json\/wp\/v2\/media\/48965"}],"wp:attachment":[{"href":"https:\/\/chessgamesemporium.com\/fr\/wp-json\/wp\/v2\/media?parent=48951"}],"wp:term":[{"taxonomy":"product_brand","embeddable":true,"href":"https:\/\/chessgamesemporium.com\/fr\/wp-json\/wp\/v2\/product_brand?post=48951"},{"taxonomy":"product_cat","embeddable":true,"href":"https:\/\/chessgamesemporium.com\/fr\/wp-json\/wp\/v2\/product_cat?post=48951"},{"taxonomy":"product_tag","embeddable":true,"href":"https:\/\/chessgamesemporium.com\/fr\/wp-json\/wp\/v2\/product_tag?post=48951"}],"curies":[{"name":"wp","href":"https:\/\/api.w.org\/{rel}","templated":true}]}}