{"id":48954,"date":"2023-05-29T10:45:26","date_gmt":"2023-05-29T10:45:26","guid":{"rendered":"https:\/\/www.ivh44.si\/Ponudbe\/chess\/?post_type=product&#038;p=48954"},"modified":"2026-03-06T09:05:07","modified_gmt":"2026-03-06T09:05:07","slug":"small-steps-to-giant-improvement","status":"publish","type":"product","link":"https:\/\/chessgamesemporium.com\/fr\/shop\/livres-echecs\/strategie-et-tactique\/small-steps-to-giant-improvement\/","title":{"rendered":"SMALL STEPS To GIANT IMPROVEMENT"},"content":{"rendered":"<p>Avtor: Sam Shankland<br \/>\nAnn\u00e9e de publication : 2018<br \/>\nLangue : Anglais<br \/>\n\u0160t. strani: 336<br \/>\nDimensiones: 24 x 17 cm<br \/>\nCouverture : souple<\/p>\n<p>V \u0161ahu ne morete vrniti poteze nazaj, lahko pa vedno vrnete napa\u010dno figuro na prej\u0161nje polje za ceno nekaj \u010dasa. Po drugi strani se kmetje nikoli ne morejo premikati nazaj, zaradi \u010desar so poteze s kmeti resni\u010dno trajne odlo\u010ditve.<\/p>\n<p>Ta nepovratnost uvr\u0161\u010da igro s kmeti med najte\u017eje vidike \u0161ahovske strategije, kar je eden od razlogov, zakaj je bilo o tej temi napisanih malo knjig \u2013 nekatere so skoraj nerazumljive. Dobitnik zlate medalje na dveh olimpijadah Sam Shankland je \u0161el po drugi poti \u2013 raz\u010dlenil je na\u010dela igre s kmeti na osnovne, lahko razumljive principe, ki bi jih moral poznati vsak \u0161ahist. Shankland za\u010dne z izjemno preprostimi primeri, nato pa dvigne raven in ponazarja univerzalnost principov s prikazom, kako bi lahko velemojstri z njihovo uporabo sprejemali bolj\u0161e odlo\u010ditve.<\/p>\n<p>Sam Shankland je velemojster svetovnega kova in zvezda stalnica v ameri\u0161ki reprezentanci. Leta 2018 je postal ameri\u0161ki prvak, pohvali se lahko tudi z dvema zlatima olimpijskima odli\u010djima.<\/p>","protected":false},"excerpt":{"rendered":"<p><a href=\"https:\/\/chessgamesemporium.com\/wp-content\/uploads\/2023\/05\/SmallStepstoGiantImprovement-excerpt.pdf\" target=\"_blank\" rel=\"noopener\">Extrait PDF<\/a><\/p>","protected":false},"featured_media":48971,"comment_status":"closed","ping_status":"closed","template":"","meta":{"_seopress_robots_primary_cat":"none","_seopress_titles_title":"","_seopress_titles_desc":"","_seopress_robots_index":""},"product_brand":[],"product_cat":[608,512],"product_tag":[],"class_list":{"0":"post-48954","1":"product","2":"type-product","3":"status-publish","4":"has-post-thumbnail","6":"product_cat-strategija-in-taktika","7":"product_cat-sahovske-knjige","8":"pa_avtor-sam-shankland","9":"pa_leto-izdaje-837","10":"pa_nivo-knjige-srednji","11":"pa_stran-oboje-nevtralno","12":"pa_tip-knjige-srednja-igra-strategija","13":"pa_zalozba-quality-chess","15":"entry","16":"has-media","18":"first","19":"instock","20":"taxable","21":"shipping-taxable","22":"purchasable","23":"product-type-simple","24":"has-product-nav","25":"col","26":"span_1_of_4","27":"owp-content-center","28":"item-entry","29":"owp-thumbs-layout-horizontal","30":"owp-btn-normal","31":"owp-tabs-layout-section"},"wcpa_form_fields":null,"_links":{"self":[{"href":"https:\/\/chessgamesemporium.com\/fr\/wp-json\/wp\/v2\/product\/48954","targetHints":{"allow":["GET"]}}],"collection":[{"href":"https:\/\/chessgamesemporium.com\/fr\/wp-json\/wp\/v2\/product"}],"about":[{"href":"https:\/\/chessgamesemporium.com\/fr\/wp-json\/wp\/v2\/types\/product"}],"replies":[{"embeddable":true,"href":"https:\/\/chessgamesemporium.com\/fr\/wp-json\/wp\/v2\/comments?post=48954"}],"version-history":[{"count":0,"href":"https:\/\/chessgamesemporium.com\/fr\/wp-json\/wp\/v2\/product\/48954\/revisions"}],"wp:featuredmedia":[{"embeddable":true,"href":"https:\/\/chessgamesemporium.com\/fr\/wp-json\/wp\/v2\/media\/48971"}],"wp:attachment":[{"href":"https:\/\/chessgamesemporium.com\/fr\/wp-json\/wp\/v2\/media?parent=48954"}],"wp:term":[{"taxonomy":"product_brand","embeddable":true,"href":"https:\/\/chessgamesemporium.com\/fr\/wp-json\/wp\/v2\/product_brand?post=48954"},{"taxonomy":"product_cat","embeddable":true,"href":"https:\/\/chessgamesemporium.com\/fr\/wp-json\/wp\/v2\/product_cat?post=48954"},{"taxonomy":"product_tag","embeddable":true,"href":"https:\/\/chessgamesemporium.com\/fr\/wp-json\/wp\/v2\/product_tag?post=48954"}],"curies":[{"name":"wp","href":"https:\/\/api.w.org\/{rel}","templated":true}]}}