{"id":48974,"date":"2023-05-29T10:53:17","date_gmt":"2023-05-29T10:53:17","guid":{"rendered":"https:\/\/www.ivh44.si\/Ponudbe\/chess\/?post_type=product&#038;p=48974"},"modified":"2026-04-03T08:26:51","modified_gmt":"2026-04-03T08:26:51","slug":"calculation","status":"publish","type":"product","link":"https:\/\/chessgamesemporium.com\/fr\/shop\/livres-echecs\/strategie-et-tactique\/calculation\/","title":{"rendered":"CALCULATION"},"content":{"rendered":"<p>Avtor: Jacob Aagaard<br \/>\nLeto izdaje: 2020<br \/>\nLangue : Anglais<br \/>\n\u0160t. strani: 304<br \/>\nDimensiones: 24 x 17 cm<br \/>\nCouverture : souple<\/p>\n<p>Se vam je \u017ee kdaj zgodilo med igro, da ste v dolo\u010deni poziciji razmi\u0161ljali pol ure in ugotovili, da ve\u010dino izra\u010dunanega nima uporabne vrednosti? V knjigi boste na\u0161li prakti\u010dne nasvete za u\u010dinkovit plan trening. Prikazan bo na\u010din u\u010dinkovitega razmi\u0161ljanja, s katerim boste izbolj\u0161ali sposobnosti natan\u010dnega ra\u010dunanja variant.<\/p>\n<p>V knjigi so razlo\u017eene miselni vzorci za pojme kot so poteze kandidatke, kombinacije, preventiva, primerjava, eliminacija, vmesna poteza, domi\u0161ljija in pasti. Dodane so vaje za samostojno delo.<\/p>\n<p>Do naslova velemojsterskega naziva ni bli\u017enjic, obstaja pa dobro znana pot, katero so prehodili \u017ee mnogi. Jacob v svoji knjigi prikazuje del te poti.<\/p>\n<p>Serija \u00bbGrandmaster Preparation\u00ab je namenjena ambicioznim igralcem.<\/p>\n<p>Nisi prepri\u010dan, ali je ta knjiga prava za tvoj nivo?<br \/>\nLisez notre guide <a href=\"https:\/\/chessgamesemporium.com\/fr\/kako-izbrati-pravo-sahovsko-knjigo-za-napredovanje\/\">kako izbrati pravo \u0161ahovsko knjigo za napredovanje.<\/a><\/p>","protected":false},"excerpt":{"rendered":"<p><a href=\"https:\/\/chessgamesemporium.com\/wp-content\/uploads\/2023\/05\/CALCULATION-excerpt.pdf\" target=\"_blank\" rel=\"noopener\">Extrait PDF<\/a><\/p>","protected":false},"featured_media":48997,"comment_status":"closed","ping_status":"closed","template":"","meta":{"_seopress_robots_primary_cat":"none","_seopress_titles_title":"","_seopress_titles_desc":"","_seopress_robots_index":""},"product_brand":[],"product_cat":[608,512],"product_tag":[],"class_list":{"0":"post-48974","1":"product","2":"type-product","3":"status-publish","4":"has-post-thumbnail","6":"product_cat-strategija-in-taktika","7":"product_cat-sahovske-knjige","8":"pa_avtor-jacob-aagaard","9":"pa_leto-izdaje-750","10":"pa_nivo-knjige-napredni","11":"pa_stran-oboje-nevtralno","12":"pa_tip-knjige-trening-vaje","13":"pa_zalozba-quality-chess","15":"entry","16":"has-media","18":"first","19":"instock","20":"taxable","21":"shipping-taxable","22":"purchasable","23":"product-type-variable","24":"has-product-nav","25":"col","26":"span_1_of_4","27":"owp-content-center","28":"item-entry","29":"owp-thumbs-layout-horizontal","30":"owp-btn-normal","31":"owp-tabs-layout-section"},"wcpa_form_fields":null,"_links":{"self":[{"href":"https:\/\/chessgamesemporium.com\/fr\/wp-json\/wp\/v2\/product\/48974","targetHints":{"allow":["GET"]}}],"collection":[{"href":"https:\/\/chessgamesemporium.com\/fr\/wp-json\/wp\/v2\/product"}],"about":[{"href":"https:\/\/chessgamesemporium.com\/fr\/wp-json\/wp\/v2\/types\/product"}],"replies":[{"embeddable":true,"href":"https:\/\/chessgamesemporium.com\/fr\/wp-json\/wp\/v2\/comments?post=48974"}],"version-history":[{"count":0,"href":"https:\/\/chessgamesemporium.com\/fr\/wp-json\/wp\/v2\/product\/48974\/revisions"}],"wp:featuredmedia":[{"embeddable":true,"href":"https:\/\/chessgamesemporium.com\/fr\/wp-json\/wp\/v2\/media\/48997"}],"wp:attachment":[{"href":"https:\/\/chessgamesemporium.com\/fr\/wp-json\/wp\/v2\/media?parent=48974"}],"wp:term":[{"taxonomy":"product_brand","embeddable":true,"href":"https:\/\/chessgamesemporium.com\/fr\/wp-json\/wp\/v2\/product_brand?post=48974"},{"taxonomy":"product_cat","embeddable":true,"href":"https:\/\/chessgamesemporium.com\/fr\/wp-json\/wp\/v2\/product_cat?post=48974"},{"taxonomy":"product_tag","embeddable":true,"href":"https:\/\/chessgamesemporium.com\/fr\/wp-json\/wp\/v2\/product_tag?post=48974"}],"curies":[{"name":"wp","href":"https:\/\/api.w.org\/{rel}","templated":true}]}}