{"id":48976,"date":"2023-05-29T11:02:03","date_gmt":"2023-05-29T11:02:03","guid":{"rendered":"https:\/\/www.ivh44.si\/Ponudbe\/chess\/?post_type=product&#038;p=48976"},"modified":"2026-03-11T12:40:42","modified_gmt":"2026-03-11T12:40:42","slug":"positional-decision-making-in-chess","status":"publish","type":"product","link":"https:\/\/chessgamesemporium.com\/fr\/shop\/sahovske-knjige\/strategija-in-taktika\/positional-decision-making-in-chess\/","title":{"rendered":"POSITIONAL DECISION MAKING In CHESS"},"content":{"rendered":"<p>Avtor: Boris Gelfand<br \/>\nLeto izdaje: 2015<br \/>\nLangue : Anglais<br \/>\n\u0160t. strani: 288<br \/>\nFormat: 24 x 17 cm<br \/>\nPlatnice: mehke<\/p>\n<p>Positional Decision Making in Chess ponuja redko mo\u017enost vpogleda v um super velemojstra. Boris Gelfand razlaga svoj na\u010din razmi\u0161ljanja in se osredoto\u010da na teme kot je prostorska prednost, sprememba kme\u010dkih struktur in transformacija prednosti. Avtor se upira na svoje primere in primere njegovega \u0161ahovskeg idola Akibo Rubinsteina.<\/p>","protected":false},"excerpt":{"rendered":"<p><a href=\"https:\/\/chessgamesemporium.com\/wp-content\/uploads\/2023\/05\/PositionalDecisionMakinginChess-excerpt.pdf\" target=\"_blank\" rel=\"noopener\">Extrait PDF<\/a><\/p>","protected":false},"featured_media":49001,"comment_status":"closed","ping_status":"closed","template":"","meta":{"_seopress_robots_primary_cat":"none","_seopress_titles_title":"","_seopress_titles_desc":"","_seopress_robots_index":""},"product_brand":[],"product_cat":[512,608],"product_tag":[],"class_list":{"0":"post-48976","1":"product","2":"type-product","3":"status-publish","4":"has-post-thumbnail","6":"product_cat-sahovske-knjige","7":"product_cat-strategija-in-taktika","8":"pa_avtor-boris-gelfand","9":"pa_leto-izdaje-852","10":"pa_nivo-knjige-napredni","11":"pa_stran-oboje-nevtralno","12":"pa_tip-knjige-srednja-igra-strategija","13":"pa_zalozba-quality-chess","15":"entry","16":"has-media","18":"first","19":"instock","20":"taxable","21":"shipping-taxable","22":"purchasable","23":"product-type-simple","24":"has-product-nav","25":"col","26":"span_1_of_4","27":"owp-content-center","28":"item-entry","29":"owp-thumbs-layout-horizontal","30":"owp-btn-normal","31":"owp-tabs-layout-section"},"wcpa_form_fields":null,"_links":{"self":[{"href":"https:\/\/chessgamesemporium.com\/fr\/wp-json\/wp\/v2\/product\/48976","targetHints":{"allow":["GET"]}}],"collection":[{"href":"https:\/\/chessgamesemporium.com\/fr\/wp-json\/wp\/v2\/product"}],"about":[{"href":"https:\/\/chessgamesemporium.com\/fr\/wp-json\/wp\/v2\/types\/product"}],"replies":[{"embeddable":true,"href":"https:\/\/chessgamesemporium.com\/fr\/wp-json\/wp\/v2\/comments?post=48976"}],"version-history":[{"count":0,"href":"https:\/\/chessgamesemporium.com\/fr\/wp-json\/wp\/v2\/product\/48976\/revisions"}],"wp:featuredmedia":[{"embeddable":true,"href":"https:\/\/chessgamesemporium.com\/fr\/wp-json\/wp\/v2\/media\/49001"}],"wp:attachment":[{"href":"https:\/\/chessgamesemporium.com\/fr\/wp-json\/wp\/v2\/media?parent=48976"}],"wp:term":[{"taxonomy":"product_brand","embeddable":true,"href":"https:\/\/chessgamesemporium.com\/fr\/wp-json\/wp\/v2\/product_brand?post=48976"},{"taxonomy":"product_cat","embeddable":true,"href":"https:\/\/chessgamesemporium.com\/fr\/wp-json\/wp\/v2\/product_cat?post=48976"},{"taxonomy":"product_tag","embeddable":true,"href":"https:\/\/chessgamesemporium.com\/fr\/wp-json\/wp\/v2\/product_tag?post=48976"}],"curies":[{"name":"wp","href":"https:\/\/api.w.org\/{rel}","templated":true}]}}