{"id":48977,"date":"2023-05-29T11:05:31","date_gmt":"2023-05-29T11:05:31","guid":{"rendered":"https:\/\/www.ivh44.si\/Ponudbe\/chess\/?post_type=product&#038;p=48977"},"modified":"2026-03-06T09:05:44","modified_gmt":"2026-03-06T09:05:44","slug":"python-strategy","status":"publish","type":"product","link":"https:\/\/chessgamesemporium.com\/fr\/shop\/sahovske-knjige\/strategija-in-taktika\/python-strategy\/","title":{"rendered":"PYTHON STRATEGY"},"content":{"rendered":"<p>Avtor: Tigran Petrosian<br \/>\nLeto izdaje: 2015<br \/>\nLangue : Anglais<br \/>\n\u0160t. strani: 392<br \/>\nFormat: 24 x 17 cm<br \/>\nPlatnice: mehke<\/p>\n<p>Tigran Petrosian je velikan \u0161ahovske zgodovine. Vsi se strinjajo, da je bil genij strategije, obrambe, ter \u017ertvovanja, hkrati pa postavijo vpra\u0161anje, ali ni preve\u010dkrat remiziral? To je seveda mogo\u010de, a ko je Petrosian izbral in popisal svoje najbolj\u0161e partije, je ta slabost izginila ter za sabo pustila le genialnost in globoko razumevanje \u0161aha. Kot je rekel Gari Kasparov: &#8220;Moje partije z devetim svetovnim prvakom so mi raz\u0161irile obzorja. Brez teh dveh porazov ne bi nikoli dosegel vrha.&#8221;<\/p>\n<p>Ta knjiga je angle\u0161ki prevod ruske klasike, ki je priljubljena med velemojstri, med drugimi Mihaila Marina in Levona Aroniana. Dobeseden prevod ruskega naslova bi lahko bil &#8220;strategija trdnosti,&#8221; a naslov &#8220;Python Strategy&#8221; bolje opi\u0161e Petrosianove bolj ambiciozne partije. Kot je napisal Max Euwe: &#8220;Petrosian ni tiger, ki bi sko\u010dil na svoj plen, temve\u010d piton, ki po\u010dasi zadu\u0161i svojo \u017ertev.&#8221;<\/p>\n<p>Tigran Petrosian je bil svetovni prvak med letoma 1963 in 1969, ter izvrsten igralec za Sovjetsko Zvezo. Na olimpijadah si je priboril devet ekipnih in \u0161est posami\u010dnih zlatih medalj z oseminsedemdesetimi zmagami, petdesetimi izena\u010denimi rezultati, in le enim porazom.<\/p>","protected":false},"excerpt":{"rendered":"<p><a href=\"https:\/\/chessgamesemporium.com\/wp-content\/uploads\/2023\/05\/PythonStrategy-excerpt.pdf\" target=\"_blank\" rel=\"noopener\">Extrait PDF<\/a><\/p>","protected":false},"featured_media":49003,"comment_status":"closed","ping_status":"closed","template":"","meta":{"_seopress_robots_primary_cat":"none","_seopress_titles_title":"","_seopress_titles_desc":"","_seopress_robots_index":""},"product_brand":[],"product_cat":[608,512],"product_tag":[],"class_list":{"0":"post-48977","1":"product","2":"type-product","3":"status-publish","4":"has-post-thumbnail","6":"product_cat-strategija-in-taktika","7":"product_cat-sahovske-knjige","8":"pa_avtor-tigran-petrosian","9":"pa_leto-izdaje-852","10":"pa_nivo-knjige-srednji","11":"pa_stran-oboje-nevtralno","12":"pa_tip-knjige-srednja-igra-strategija","13":"pa_zalozba-quality-chess","15":"entry","16":"has-media","18":"first","19":"instock","20":"taxable","21":"shipping-taxable","22":"purchasable","23":"product-type-simple","24":"has-product-nav","25":"col","26":"span_1_of_4","27":"owp-content-center","28":"item-entry","29":"owp-thumbs-layout-horizontal","30":"owp-btn-normal","31":"owp-tabs-layout-section"},"wcpa_form_fields":null,"_links":{"self":[{"href":"https:\/\/chessgamesemporium.com\/fr\/wp-json\/wp\/v2\/product\/48977","targetHints":{"allow":["GET"]}}],"collection":[{"href":"https:\/\/chessgamesemporium.com\/fr\/wp-json\/wp\/v2\/product"}],"about":[{"href":"https:\/\/chessgamesemporium.com\/fr\/wp-json\/wp\/v2\/types\/product"}],"replies":[{"embeddable":true,"href":"https:\/\/chessgamesemporium.com\/fr\/wp-json\/wp\/v2\/comments?post=48977"}],"version-history":[{"count":0,"href":"https:\/\/chessgamesemporium.com\/fr\/wp-json\/wp\/v2\/product\/48977\/revisions"}],"wp:featuredmedia":[{"embeddable":true,"href":"https:\/\/chessgamesemporium.com\/fr\/wp-json\/wp\/v2\/media\/49003"}],"wp:attachment":[{"href":"https:\/\/chessgamesemporium.com\/fr\/wp-json\/wp\/v2\/media?parent=48977"}],"wp:term":[{"taxonomy":"product_brand","embeddable":true,"href":"https:\/\/chessgamesemporium.com\/fr\/wp-json\/wp\/v2\/product_brand?post=48977"},{"taxonomy":"product_cat","embeddable":true,"href":"https:\/\/chessgamesemporium.com\/fr\/wp-json\/wp\/v2\/product_cat?post=48977"},{"taxonomy":"product_tag","embeddable":true,"href":"https:\/\/chessgamesemporium.com\/fr\/wp-json\/wp\/v2\/product_tag?post=48977"}],"curies":[{"name":"wp","href":"https:\/\/api.w.org\/{rel}","templated":true}]}}