{"id":48978,"date":"2023-05-29T11:31:34","date_gmt":"2023-05-29T11:31:34","guid":{"rendered":"https:\/\/www.ivh44.si\/Ponudbe\/chess\/?post_type=product&#038;p=48978"},"modified":"2026-03-11T12:41:24","modified_gmt":"2026-03-11T12:41:24","slug":"luthers-chess-reformation","status":"publish","type":"product","link":"https:\/\/chessgamesemporium.com\/fr\/shop\/livres-echecs\/strategie-et-tactique\/luthers-chess-reformation\/","title":{"rendered":"LUTHER&#8217;S CHESS REFORMATION"},"content":{"rendered":"<p>Avtor: Thomas Luther<br \/>\nLeto izdaje: 2016<br \/>\nLangue : Anglais<br \/>\n\u0160t. strani: 232<br \/>\nDimensiones: 24 x 17 cm<br \/>\nCouverture : souple<\/p>\n<p>Postati velemojster je cilj vsakega mladega \u0161ahovskega talenta. Thomas Luther je to dosegel kljub invalidnosti ob rojstvu.<\/p>\n<p>Luther&#8217;s Chess Reformation vsebuje pravo bogastvo prakti\u010dnih namigov in predlogov za \u0161ahiste vseh stopenj. Z znajem in izku\u0161njami svoje kariere Luther ponuja vpogled v svet velemojstrskega \u0161aha. Bralcem ponuja pogovorni stil pisanja, hkrati pa tudi neprecenjive nasvete o tem, kako dose\u010di svoje \u0161ahovke cilje.<\/p>\n<p>Velemojster Thomas Luther je nem\u0161ki trikratni svetovni prvak, ki je dosegel svetovnih Top 100. Luther je uspe\u0161en trener, in eden izmed redkih, ki so dosegli naziv FIDE vi\u0161jega trenerja.<\/p>","protected":false},"excerpt":{"rendered":"<p><a href=\"https:\/\/chessgamesemporium.com\/wp-content\/uploads\/2023\/05\/LuthersChessReformation-excerpt.pdf\" target=\"_blank\" rel=\"noopener\">Extrait PDF<\/a><\/p>","protected":false},"featured_media":49005,"comment_status":"closed","ping_status":"closed","template":"","meta":{"_seopress_robots_primary_cat":"none","_seopress_titles_title":"","_seopress_titles_desc":"","_seopress_robots_index":""},"product_brand":[],"product_cat":[608,512],"product_tag":[],"class_list":{"0":"post-48978","1":"product","2":"type-product","3":"status-publish","4":"has-post-thumbnail","6":"product_cat-strategija-in-taktika","7":"product_cat-sahovske-knjige","8":"pa_avtor-thomas-luther","9":"pa_leto-izdaje-843","10":"pa_nivo-knjige-srednji","11":"pa_stran-oboje-nevtralno","12":"pa_tip-knjige-trening-vaje","13":"pa_zalozba-quality-chess","15":"entry","16":"has-media","18":"first","19":"instock","20":"taxable","21":"shipping-taxable","22":"purchasable","23":"product-type-simple","24":"has-product-nav","25":"col","26":"span_1_of_4","27":"owp-content-center","28":"item-entry","29":"owp-thumbs-layout-horizontal","30":"owp-btn-normal","31":"owp-tabs-layout-section"},"wcpa_form_fields":null,"_links":{"self":[{"href":"https:\/\/chessgamesemporium.com\/fr\/wp-json\/wp\/v2\/product\/48978","targetHints":{"allow":["GET"]}}],"collection":[{"href":"https:\/\/chessgamesemporium.com\/fr\/wp-json\/wp\/v2\/product"}],"about":[{"href":"https:\/\/chessgamesemporium.com\/fr\/wp-json\/wp\/v2\/types\/product"}],"replies":[{"embeddable":true,"href":"https:\/\/chessgamesemporium.com\/fr\/wp-json\/wp\/v2\/comments?post=48978"}],"version-history":[{"count":0,"href":"https:\/\/chessgamesemporium.com\/fr\/wp-json\/wp\/v2\/product\/48978\/revisions"}],"wp:featuredmedia":[{"embeddable":true,"href":"https:\/\/chessgamesemporium.com\/fr\/wp-json\/wp\/v2\/media\/49005"}],"wp:attachment":[{"href":"https:\/\/chessgamesemporium.com\/fr\/wp-json\/wp\/v2\/media?parent=48978"}],"wp:term":[{"taxonomy":"product_brand","embeddable":true,"href":"https:\/\/chessgamesemporium.com\/fr\/wp-json\/wp\/v2\/product_brand?post=48978"},{"taxonomy":"product_cat","embeddable":true,"href":"https:\/\/chessgamesemporium.com\/fr\/wp-json\/wp\/v2\/product_cat?post=48978"},{"taxonomy":"product_tag","embeddable":true,"href":"https:\/\/chessgamesemporium.com\/fr\/wp-json\/wp\/v2\/product_tag?post=48978"}],"curies":[{"name":"wp","href":"https:\/\/api.w.org\/{rel}","templated":true}]}}