{"id":49138,"date":"2023-06-01T09:04:10","date_gmt":"2023-06-01T09:04:10","guid":{"rendered":"https:\/\/www.ivh44.si\/Ponudbe\/chess\/?post_type=product&#038;p=49138"},"modified":"2026-03-06T11:36:38","modified_gmt":"2026-03-06T11:36:38","slug":"a-matter-of-endgame-technique","status":"publish","type":"product","link":"https:\/\/chessgamesemporium.com\/fr\/shop\/livres-echecs\/fins-de-partie\/a-matter-of-endgame-technique\/","title":{"rendered":"A Matter of Endgame Technique"},"content":{"rendered":"<p>Avtor: Jacob Aagaard<br \/>\nLeto izdaje: 2022<br \/>\nLangue : Anglais<br \/>\n\u0160t. strani: 896<br \/>\nDimensiones: 24 x 17 cm<br \/>\nPlatnice: trde<\/p>\n<p>Najbolj osovra\u017een \u0161ahovski kli\u0161e je: ostalo pa je stvar tehnike. V A Matter of Endgame Technique se velemojster Jacob Aagaard ukvarja z eno redkih stvari, ki jih \u0161ahisti \u0161e bolj sovra\u017eijo \u2013 porazom v dobljenem polo\u017eaju. Noben resen \u0161ahist se ne soo\u010da z bedo, da si v nekaj minutah pokvari ure trdega dela &#8230;<\/p>\n<p>A Matter of Endgame Technique globoko razlago osnovnih vzorcev, kako in zakaj napa\u010dno igramo dobljene kon\u010dnice. Na nekaj manj kot 900 straneh je ta knjiga s trdimi platnicami pravzaprav \u0161est knjig v eni, ki jasno, preprosto in poglobljeno razlagajo tehni\u010dna in prakti\u010dna podro\u010dja \u0161ahovskih kon\u010dnic. Teorija kon\u010dnicje dobro obravnavana drugje; ta knjiga govori o tehniki in je brez gradiva, ki bi si ga morali zapomniti.<\/p>\n<p>Velemojster Jacob Aagaard je zmagal na britanskem prvenstvu v svojem prvem in edinem poskusu. Aagaard je prejel ve\u010d nagrad kot kateri koli drug \u0161ahovski avtor in je soustanovitelj Quality Chess in spletne akademije killerchesstraining.com.<\/p>\n<p>&nbsp;<\/p>","protected":false},"excerpt":{"rendered":"<p><a href=\"https:\/\/chessgamesemporium.com\/wp-content\/uploads\/2023\/06\/AMatterofEndgameTechnique-excerpt.pdf\" target=\"_blank\" rel=\"noopener\">Extrait PDF<\/a><\/p>","protected":false},"featured_media":49159,"comment_status":"closed","ping_status":"closed","template":"","meta":{"_seopress_robots_primary_cat":"none","_seopress_titles_title":"","_seopress_titles_desc":"%%post_content%%","_seopress_robots_index":""},"product_brand":[],"product_cat":[609,512],"product_tag":[],"class_list":{"0":"post-49138","1":"product","2":"type-product","3":"status-publish","4":"has-post-thumbnail","6":"product_cat-koncnice","7":"product_cat-sahovske-knjige","8":"pa_avtor-jacob-aagaard","9":"pa_leto-izdaje-747","10":"pa_nivo-knjige-napredni","11":"pa_stran-oboje-nevtralno","12":"pa_tip-knjige-koncnice","13":"pa_zalozba-quality-chess","15":"entry","16":"has-media","18":"first","19":"instock","20":"taxable","21":"shipping-taxable","22":"purchasable","23":"product-type-simple","24":"has-product-nav","25":"col","26":"span_1_of_4","27":"owp-content-center","28":"item-entry","29":"owp-thumbs-layout-horizontal","30":"owp-btn-normal","31":"owp-tabs-layout-section"},"wcpa_form_fields":null,"_links":{"self":[{"href":"https:\/\/chessgamesemporium.com\/fr\/wp-json\/wp\/v2\/product\/49138","targetHints":{"allow":["GET"]}}],"collection":[{"href":"https:\/\/chessgamesemporium.com\/fr\/wp-json\/wp\/v2\/product"}],"about":[{"href":"https:\/\/chessgamesemporium.com\/fr\/wp-json\/wp\/v2\/types\/product"}],"replies":[{"embeddable":true,"href":"https:\/\/chessgamesemporium.com\/fr\/wp-json\/wp\/v2\/comments?post=49138"}],"version-history":[{"count":0,"href":"https:\/\/chessgamesemporium.com\/fr\/wp-json\/wp\/v2\/product\/49138\/revisions"}],"wp:featuredmedia":[{"embeddable":true,"href":"https:\/\/chessgamesemporium.com\/fr\/wp-json\/wp\/v2\/media\/49159"}],"wp:attachment":[{"href":"https:\/\/chessgamesemporium.com\/fr\/wp-json\/wp\/v2\/media?parent=49138"}],"wp:term":[{"taxonomy":"product_brand","embeddable":true,"href":"https:\/\/chessgamesemporium.com\/fr\/wp-json\/wp\/v2\/product_brand?post=49138"},{"taxonomy":"product_cat","embeddable":true,"href":"https:\/\/chessgamesemporium.com\/fr\/wp-json\/wp\/v2\/product_cat?post=49138"},{"taxonomy":"product_tag","embeddable":true,"href":"https:\/\/chessgamesemporium.com\/fr\/wp-json\/wp\/v2\/product_tag?post=49138"}],"curies":[{"name":"wp","href":"https:\/\/api.w.org\/{rel}","templated":true}]}}