{"id":49142,"date":"2023-06-01T09:28:10","date_gmt":"2023-06-01T09:28:10","guid":{"rendered":"https:\/\/www.ivh44.si\/Ponudbe\/chess\/?post_type=product&#038;p=49142"},"modified":"2026-03-12T08:09:00","modified_gmt":"2026-03-12T08:09:00","slug":"soviet-outcast-grigory-levenfish","status":"publish","type":"product","link":"https:\/\/chessgamesemporium.com\/fr\/shop\/sahovske-knjige\/biografije\/soviet-outcast-grigory-levenfish\/","title":{"rendered":"SOVIET OUTCAST GRIGORY LEVENFISH"},"content":{"rendered":"<p>Avtor: Grigory Levenfish<br \/>\nLeto izdaje: 2019<br \/>\nLangue : Anglais<br \/>\n\u0160t. strani: 304<br \/>\nFormat: 24 x 17 cm<br \/>\nPlatnice: trde<\/p>\n<p>Grigory Levenfish je bil dvakratni sovjetski prvak in je remiziral z velikim Botvinnikom, a kljub svojim sposobnostim nikoli ni bil favoriziran predstavnik Sovjetske zveze. Levenfish je bil zavrnjen za izbor na klju\u010dnih dogodkih in edini sovjetski velemojster, ki so mu pozneje v \u017eivljenju zavrnili \u0161tipendijo, je bil sovjetski izob\u010denec.<\/p>\n<p>Levenfish z \u017eivimi podrobnostmi opisuje vzdu\u0161je pred in po revolucionarne Rusije ter daje vtise iz prve roke o nekaterih najbolj slavnih \u0161ahovskih imenih zgodnjega dvajsetega stoletja, kot so Lasker, Rubinstein, Aljehin in Capablanca \u2013 z vsemi se je poznal. Nekatere zgodbe ostanejo \u0161e dolgo v spominu: opisi stiske, ki so jo prestali igralci na prvem prvenstvu ZSSR, ki je potekalo v te\u017ekih letih dr\u017eavljanske vojne; idili\u010dnih izletov na Kavkaz in Krim; hudih bojev za pre\u017eivetje pozimi 1941.<\/p>\n<p>Soviet Outcast obsega Levenfishove pripombe k 79 njegovim najbolj\u0161im igram, prevedene iz njegove ruske avtobiografije, ter obse\u017eno dodatno gradivo, vklju\u010dno z ve\u010d igrami, zbranimi iz drugih virov, ve\u010dinoma z opombami samega Levenfisha, kot tudi 30-stransko uvodno besedo GM Jacoba Aagaarda. To je prvi\u010d, da so bili Levenfishovi spomini objavljeni v angle\u0161\u010dini.<\/p>","protected":false},"excerpt":{"rendered":"<p><a href=\"https:\/\/chessgamesemporium.com\/wp-content\/uploads\/2023\/06\/SovietOutcast-excerpt.pdf\" target=\"_blank\" rel=\"noopener\">Extrait PDF<\/a><\/p>","protected":false},"featured_media":58393,"comment_status":"closed","ping_status":"closed","template":"","meta":{"_seopress_robots_primary_cat":"none","_seopress_titles_title":"","_seopress_titles_desc":"","_seopress_robots_index":""},"product_brand":[],"product_cat":[610,512],"product_tag":[],"class_list":{"0":"post-49142","1":"product","2":"type-product","3":"status-publish","4":"has-post-thumbnail","6":"product_cat-biografije","7":"product_cat-sahovske-knjige","8":"pa_avtor-grigory-levenfish","9":"pa_leto-izdaje-820","10":"pa_nivo-knjige-srednji","11":"pa_stran-oboje-nevtralno","12":"pa_tip-knjige-biografije-zgodovina","13":"pa_zalozba-quality-chess","15":"entry","16":"has-media","18":"first","19":"instock","20":"taxable","21":"shipping-taxable","22":"purchasable","23":"product-type-simple","24":"has-product-nav","25":"col","26":"span_1_of_4","27":"owp-content-center","28":"item-entry","29":"owp-thumbs-layout-horizontal","30":"owp-btn-normal","31":"owp-tabs-layout-section"},"wcpa_form_fields":null,"_links":{"self":[{"href":"https:\/\/chessgamesemporium.com\/fr\/wp-json\/wp\/v2\/product\/49142","targetHints":{"allow":["GET"]}}],"collection":[{"href":"https:\/\/chessgamesemporium.com\/fr\/wp-json\/wp\/v2\/product"}],"about":[{"href":"https:\/\/chessgamesemporium.com\/fr\/wp-json\/wp\/v2\/types\/product"}],"replies":[{"embeddable":true,"href":"https:\/\/chessgamesemporium.com\/fr\/wp-json\/wp\/v2\/comments?post=49142"}],"version-history":[{"count":0,"href":"https:\/\/chessgamesemporium.com\/fr\/wp-json\/wp\/v2\/product\/49142\/revisions"}],"wp:featuredmedia":[{"embeddable":true,"href":"https:\/\/chessgamesemporium.com\/fr\/wp-json\/wp\/v2\/media\/58393"}],"wp:attachment":[{"href":"https:\/\/chessgamesemporium.com\/fr\/wp-json\/wp\/v2\/media?parent=49142"}],"wp:term":[{"taxonomy":"product_brand","embeddable":true,"href":"https:\/\/chessgamesemporium.com\/fr\/wp-json\/wp\/v2\/product_brand?post=49142"},{"taxonomy":"product_cat","embeddable":true,"href":"https:\/\/chessgamesemporium.com\/fr\/wp-json\/wp\/v2\/product_cat?post=49142"},{"taxonomy":"product_tag","embeddable":true,"href":"https:\/\/chessgamesemporium.com\/fr\/wp-json\/wp\/v2\/product_tag?post=49142"}],"curies":[{"name":"wp","href":"https:\/\/api.w.org\/{rel}","templated":true}]}}