{"id":49175,"date":"2023-06-05T12:15:46","date_gmt":"2023-06-05T12:15:46","guid":{"rendered":"https:\/\/www.ivh44.si\/Ponudbe\/chess\/?post_type=product&#038;p=49175"},"modified":"2026-03-06T11:36:38","modified_gmt":"2026-03-06T11:36:38","slug":"mikhail-tals-best-games-1","status":"publish","type":"product","link":"https:\/\/chessgamesemporium.com\/fr\/shop\/livres-echecs\/biografije\/mikhail-tals-best-games-1\/","title":{"rendered":"MIKHAIL TAL&#8217;S BEST GAMES 1"},"content":{"rendered":"<p>Avtor: Tibor Karolyi<br \/>\nAnn\u00e9e de publication : 2014<br \/>\nLangue : Anglais<br \/>\n\u0160t. strani: 448<br \/>\nDimensiones: 24 x 17 cm<br \/>\nCouverture : souple<\/p>\n<p>Mikhail Tal je eden najslovitej\u0161ih \u0161ahistov vseh \u010dasov. Osmi svetovni prvak ni le osvojil naslova pri rekordno nizki starosti, temve\u010d je to naredil z ustrahujo\u010dim, zelo tveganim napadalnim stilom. Talove spektakularne partije so ga skupaj z njegovo osebnostjo in smislom za humor priljubile \u0161ahovski publiki kot nikogar drugega. Nagrajeni avtor Tibor K\u00e1rolyi je napisal definitivni vodi\u010d o Talovi karieri. Izvrstno \u0161ahovsko analizo komplementira zgodba Talovega \u017eivljenja in kariere. Knjiga vsebuje tudi mnoge anekdote ostalih slovitih igralcev, ki so delili svoje spomine o \u010carodeju iz Rige.<\/p>","protected":false},"excerpt":{"rendered":"<p><a href=\"https:\/\/chessgamesemporium.com\/wp-content\/uploads\/2023\/06\/Tal1TheMagicofYouth-excerpt.pdf\" target=\"_blank\" rel=\"noopener\">Extrait PDF<\/a><\/p>","protected":false},"featured_media":49190,"comment_status":"closed","ping_status":"closed","template":"","meta":{"_seopress_robots_primary_cat":"none","_seopress_titles_title":"","_seopress_titles_desc":"","_seopress_robots_index":""},"product_brand":[],"product_cat":[610,512],"product_tag":[],"class_list":{"0":"post-49175","1":"product","2":"type-product","3":"status-publish","4":"has-post-thumbnail","6":"product_cat-biografije","7":"product_cat-sahovske-knjige","8":"pa_avtor-tibor-karolyi","9":"pa_leto-izdaje-857","10":"pa_nivo-knjige-srednji","11":"pa_stran-oboje-nevtralno","12":"pa_tip-knjige-zbirke-partij-komentirane-partije","13":"pa_zalozba-quality-chess","15":"entry","16":"has-media","18":"first","19":"instock","20":"taxable","21":"shipping-taxable","22":"purchasable","23":"product-type-simple","24":"has-product-nav","25":"col","26":"span_1_of_4","27":"owp-content-center","28":"item-entry","29":"owp-thumbs-layout-horizontal","30":"owp-btn-normal","31":"owp-tabs-layout-section"},"wcpa_form_fields":null,"_links":{"self":[{"href":"https:\/\/chessgamesemporium.com\/fr\/wp-json\/wp\/v2\/product\/49175","targetHints":{"allow":["GET"]}}],"collection":[{"href":"https:\/\/chessgamesemporium.com\/fr\/wp-json\/wp\/v2\/product"}],"about":[{"href":"https:\/\/chessgamesemporium.com\/fr\/wp-json\/wp\/v2\/types\/product"}],"replies":[{"embeddable":true,"href":"https:\/\/chessgamesemporium.com\/fr\/wp-json\/wp\/v2\/comments?post=49175"}],"version-history":[{"count":0,"href":"https:\/\/chessgamesemporium.com\/fr\/wp-json\/wp\/v2\/product\/49175\/revisions"}],"wp:featuredmedia":[{"embeddable":true,"href":"https:\/\/chessgamesemporium.com\/fr\/wp-json\/wp\/v2\/media\/49190"}],"wp:attachment":[{"href":"https:\/\/chessgamesemporium.com\/fr\/wp-json\/wp\/v2\/media?parent=49175"}],"wp:term":[{"taxonomy":"product_brand","embeddable":true,"href":"https:\/\/chessgamesemporium.com\/fr\/wp-json\/wp\/v2\/product_brand?post=49175"},{"taxonomy":"product_cat","embeddable":true,"href":"https:\/\/chessgamesemporium.com\/fr\/wp-json\/wp\/v2\/product_cat?post=49175"},{"taxonomy":"product_tag","embeddable":true,"href":"https:\/\/chessgamesemporium.com\/fr\/wp-json\/wp\/v2\/product_tag?post=49175"}],"curies":[{"name":"wp","href":"https:\/\/api.w.org\/{rel}","templated":true}]}}